{"id":2104,"date":"2021-03-23T09:33:48","date_gmt":"2021-03-23T09:33:48","guid":{"rendered":"http:\/\/localhost\/nuss\/?page_id=167"},"modified":"2026-02-07T12:22:22","modified_gmt":"2026-02-07T12:22:22","slug":"unsere-geschichte","status":"publish","type":"page","link":"https:\/\/grandbayhotelzhuhai.com\/de\/unsere-geschichte\/","title":{"rendered":"Unsere Geschichte"},"content":{"rendered":"<div data-elementor-type=\"wp-page\" data-elementor-id=\"2104\" class=\"elementor elementor-2104\">\n\t\t\t\t\t\t<section class=\"elementor-section elementor-top-section elementor-element elementor-element-8f5bb9d elementor-section-boxed elementor-section-gap-beside-yes elementor-section-height-default elementor-section-height-default elementor-section-column-vertical-align-stretch\" data-id=\"8f5bb9d\" data-element_type=\"section\" data-e-type=\"section\">\n\t\t\t\t\t\t<div class=\"elementor-container elementor-column-gap-extended\">\n\t\t\t\t\t<div class=\"elementor-column elementor-col-100 elementor-top-column elementor-element elementor-element-7ec4215\" data-id=\"7ec4215\" data-element_type=\"column\" data-e-type=\"column\">\n\t\t\t<div class=\"elementor-widget-wrap elementor-element-populated\">\n\t\t\t\t\t\t<div class=\"elementor-element elementor-element-edd9d03 elementor-widget__width-initial elementor-invisible elementor-widget elementor-widget-text-editor\" data-id=\"edd9d03\" data-element_type=\"widget\" data-e-type=\"widget\" data-settings=\"{&quot;_animation&quot;:&quot;nussFadeInUp&quot;}\" data-widget_type=\"text-editor.default\">\n\t\t\t\t\t\t\t\t\t<div class=\"qwen-markdown-paragraph\"><strong class=\"qwen-markdown-strong\"><span class=\"qwen-markdown-text\" data-spm-anchor-id=\"a2ty_o01.29997173.0.i32.12275171tzaKTt\">Unsere Geschichte: Wo K\u00fcstentradition auf moderne Gastfreundschaft trifft \u2013 Die Chronik des Grand Bay Hotel Zhuhai<\/span><\/strong><\/div>\t\t\t\t\t\t\t\t<\/div>\n\t\t\t\t\t<\/div>\n\t\t<\/div>\n\t\t\t\t\t<\/div>\n\t\t<\/section>\n\t\t<div class=\"elementor-element elementor-element-d845f33 e-flex e-con-boxed e-con e-parent\" data-id=\"d845f33\" data-element_type=\"container\" data-e-type=\"container\">\n\t\t\t\t\t<div class=\"e-con-inner\">\n\t\t\t\t<div class=\"elementor-element elementor-element-6612467 elementor-widget elementor-widget-text-editor\" data-id=\"6612467\" data-element_type=\"widget\" data-e-type=\"widget\" data-widget_type=\"text-editor.default\">\n\t\t\t\t\t\t\t\t\t<div class=\"qwen-markdown-paragraph\" data-spm-anchor-id=\"a2ty_o01.29997173.0.i33.12275171tzaKTt\"><span class=\"qwen-markdown-text\">Eingebettet in die sonnenverw\u00f6hnte Kurve der Shuiwan Road im pulsierenden Gongbei-Viertel von Zhuhai \u2013 wo die Rhythmen des chinesischen Festlands auf den Puls von Macau jenseits der Grenze treffen \u2013<\/span><em><span class=\"qwen-markdown-text\">Grand Bay Hotel Zhuhai<\/span><\/em><span class=\"qwen-markdown-text\"> ist mehr als ein Hotel. Es ist eine lebendige Geschichte von Widerstandsf\u00e4higkeit, Visionen und tiefer Verbundenheit mit dem Ort. Unsere Geschichte beginnt nicht mit einer gro\u00dfen Er\u00f6ffnungsfeier, sondern mit einer stillen \u00dcberzeugung: dass wahrer Luxus nicht allein in Opulenz liegt, sondern in <\/span><em><span class=\"qwen-markdown-text\">Gegenwart<\/span><\/em><span class=\"qwen-markdown-text\">\u2014in der Art und Weise, wie ein Raum Erinnerungen birgt, Zugeh\u00f6rigkeit f\u00f6rdert und die Menschen ehrt, die durch seine T\u00fcren gehen.<\/span><\/div><div class=\"qwen-markdown-space\">\u00a0<\/div><div class=\"qwen-markdown-paragraph\"><span class=\"qwen-markdown-text\">Grand Bay wurde Anfang der 2000er-Jahre gegr\u00fcndet, als sich Zhuhai von einer beschaulichen K\u00fcstenstadt zu einem dynamischen Zentrum der Greater Bay Area wandelte. Das Unternehmen entstand in einem entscheidenden Moment der K\u00fcstenrenaissance Chinas. In einer Zeit, in der rasante Entwicklung oft die Seele dem Wachstum opferte, w\u00e4hlten unsere Gr\u00fcnder einen anderen Weg: Sie wollten einen Ort schaffen, der Zhuhais maritime Identit\u00e4t respektiert \u2013 sein Fischereierbe, seine einladenden Promenaden, die harmonische Verbindung von kantonesischer Tradition und modernem Anspruch. Der Name <\/span><em><span class=\"qwen-markdown-text\">\u201cGrand Bay\u201d<\/span><\/em><span class=\"qwen-markdown-text\"> wurde bewusst gew\u00e4hlt: <\/span><em><span class=\"qwen-markdown-text\">Grand<\/span><\/em><span class=\"qwen-markdown-text\"> f\u00fcr Ehrgeiz, Integrit\u00e4t und Gro\u00dfz\u00fcgigkeit; <\/span><em><span class=\"qwen-markdown-text\">Bucht<\/span><\/em><span class=\"qwen-markdown-text\"> f\u00fcr das S\u00fcdchinesische Meer, das unsere Stadt umgibt, f\u00fcr die Gezeiten des Wandels, die wir begr\u00fc\u00dfen, und f\u00fcr den Schutz, den wir Reisenden bieten \u2013 einen ruhigen Hafen in einer Welt der Bewegung.<\/span><\/div><div class=\"qwen-markdown-space\">\u00a0<\/div><div class=\"qwen-markdown-paragraph\"><span class=\"qwen-markdown-text\">Von Anfang an haben wir uns auf drei S\u00e4ulen festgelegt, die bis heute unersch\u00fctterlich sind:<\/span><\/div><div class=\"qwen-markdown-space\">\u00a0<\/div><div class=\"qwen-markdown-paragraph\"><span class=\"qwen-markdown-text\">\ud83d\udd39 <\/span><strong class=\"qwen-markdown-strong\"><span class=\"qwen-markdown-text\">Verwurzelt im Ort<\/span><\/strong><br \/><span class=\"qwen-markdown-text\">Jede Designentscheidung spiegelt Zhuhais K\u00fcstencharakter wider: Lichtdurchflutete Innenr\u00e4ume erinnern an Muschelfarben; lokal gewonnene Stein- und Bambustexturen ehren die Handwerkskunst der Lingnan-Region; selbst die Kunstwerke in der Lobby zeigen Auftragsarbeiten von K\u00fcnstlern aus Guangdong, die \u2026 <\/span><em><span class=\"qwen-markdown-text\">Guan&#039;ao-Plattform<\/span><\/em><span class=\"qwen-markdown-text\"> Sonnenaufg\u00e4nge und <\/span><em><span class=\"qwen-markdown-text\">NanBei FengWei MeiShiJie<\/span><\/em><span class=\"qwen-markdown-text\"> Stra\u00dfenleben. Wir haben keine generische \u201cLuxusvorlage\u201d importiert \u2013 wir haben gemeinsam ein Zuhause geschaffen, das <\/span><em><span class=\"qwen-markdown-text\">geh\u00f6rt<\/span><\/em><span class=\"qwen-markdown-text\"> Hier.<\/span><\/div><div class=\"qwen-markdown-space\">\u00a0<\/div><div class=\"qwen-markdown-paragraph\"><span class=\"qwen-markdown-text\">\ud83d\udd39 <\/span><strong class=\"qwen-markdown-strong\"><span class=\"qwen-markdown-text\">Menschenzentrierte Gastfreundschaft<\/span><\/strong><br \/><span class=\"qwen-markdown-text\">Im Zeitalter der Automatisierung haben wir den menschlichen Faktor verst\u00e4rkt in den Vordergrund gestellt. Unsere Mitarbeiter am Empfang sind nicht nur in Abl\u00e4ufen geschult, sondern auch in \u2026 <\/span><em><span class=\"qwen-markdown-text\">Erkennung<\/span><\/em><span class=\"qwen-markdown-text\">Wir erinnern uns an das Lieblingskissen eines Gastes, den Namen eines Kindes oder die Art, wie er seinen Tee trinkt. Als eine Familie mit ihrem alten Hund w\u00e4hrend der Taifunzeit anreiste, sorgte unser Team f\u00fcr ein warmes Zimmer, lieferte Tierfutter von einem lokalen Anbieter und blieb lange, um sicherzustellen, dass es den G\u00e4sten gut ging. Dieser Moment \u2013 ungeplant, spontan \u2013 ist Teil unserer Unternehmenskultur geworden. Heute geben \u00fcber 921 G\u00e4ste an, sich \u201cwirklich wahrgenommen\u201d und nicht nur bedient gef\u00fchlt zu haben.<\/span><\/div><div class=\"qwen-markdown-space\">\u00a0<\/div><div class=\"qwen-markdown-paragraph\"><span class=\"qwen-markdown-text\">\ud83d\udd39 <\/span><strong class=\"qwen-markdown-strong\"><span class=\"qwen-markdown-text\">Inklusive Exzellenz<\/span><\/strong><br \/><span class=\"qwen-markdown-text\">Wir haben 2015 eine mutige Entscheidung getroffen: zu den ersten in Zhuhai zu geh\u00f6ren. <\/span><em><span class=\"qwen-markdown-text\">frei<\/span><\/em><span class=\"qwen-markdown-text\"> Haustierfreundliche 5-Sterne-Hotels \u2013 eine Entscheidung aus Mitgef\u00fchl, nicht aus Marketinggr\u00fcnden. F\u00fcr Reisende mit ihren Familienangeh\u00f6rigen war Ausschluss keine Option. Seitdem haben Tausende von Katzen, Hunden und sogar einige wohlerzogene Kaninchen unser Hotel besucht und wurden alle mit einem pers\u00f6nlichen Willkommenspaket begr\u00fc\u00dft. Diese mittlerweile legend\u00e4re Richtlinie symbolisiert unsere \u00dcberzeugung, dass Gastfreundschaft sich erweitern und nicht einschr\u00e4nken sollte, um alle Formen von Liebe und Treue zu umfassen.<\/span><\/div><div class=\"qwen-markdown-space\">\u00a0<\/div><div class=\"qwen-markdown-paragraph\"><span class=\"qwen-markdown-text\">Unsere Reise war von stillen Meilensteinen gepr\u00e4gt:<\/span><br \/><span class=\"qwen-markdown-text\">\u2192 Im Jahr 2018 haben wir gestartet <\/span><em><span class=\"qwen-markdown-text\">\u201cGeschmack der Bucht\u201d<\/span><\/em><span class=\"qwen-markdown-text\">, eine kulinarische Initiative, die mit lokalen Fischern und Landwirten zusammenarbeitet, um 701.000 Tonnen Meeresfr\u00fcchte und Produkte im Umkreis von 50 km zu beziehen \u2013 und daf\u00fcr Lob von Michelin-ausgezeichneten K\u00f6chen erh\u00e4lt.<\/span><br \/><span class=\"qwen-markdown-text\">\u2192 Im Jahr 2021 haben wir alle 316 Zimmer mit nachhaltigen Materialien und intelligenten Energiesystemen renoviert und so den Wasserverbrauch um 281 TP3T reduziert und gleichzeitig den G\u00e4stekomfort erh\u00f6ht.<\/span><br \/><span class=\"qwen-markdown-text\">\u2192 Im Jahr 2023 er\u00f6ffneten wir die <\/span><em><span class=\"qwen-markdown-text\">Hafenlounge<\/span><\/em><span class=\"qwen-markdown-text\">, ein Gemeinschaftsraum, in dem sich G\u00e4ste, Einheimische und Expats zu Erz\u00e4hlabenden, Teezeremonien und Sprachaustausch treffen \u2013 wodurch die Grenze zwischen Hotel und kulturellem Zentrum verschwimmt.<\/span><\/div><div class=\"qwen-markdown-space\">\u00a0<\/div><div class=\"qwen-markdown-paragraph\"><span class=\"qwen-markdown-text\">Heute, mit <\/span><strong class=\"qwen-markdown-strong\"><span class=\"qwen-markdown-text\">Mehr als 8.160 verifizierte Bewertungen mit einem Durchschnitt von 9,5\/10<\/span><\/strong><span class=\"qwen-markdown-text\">, Das Grand Bay Hotel Zhuhai ist der Beweis daf\u00fcr, dass Exzellenz nicht verg\u00e4nglich ist \u2013 sie wird t\u00e4glich, Zimmer f\u00fcr Zimmer, L\u00e4cheln f\u00fcr L\u00e4cheln gepflegt. Wir haben romantische Abendessen unter Sternenhimmel-Pools, Gesch\u00e4ftsgipfel in unseren Banketts\u00e4len mit Blick auf die Br\u00fccke nach Hongkong und stille Wiedersehen von Familien ausgerichtet, die durch Grenzen und Zeit getrennt waren.<\/span><\/div><div class=\"qwen-markdown-space\">\u00a0<\/div><div class=\"qwen-markdown-paragraph\"><span class=\"qwen-markdown-text\">Unsere Geschichte wird noch geschrieben \u2013 nicht in Brosch\u00fcren, sondern in den handgeschriebenen Notizen auf den Nachttischen, dem Lachen, das im Morgengrauen aus dem Caf\u00e9 Plus widerhallt, den Pfotenabdr\u00fccken auf dem Teppich in der Lobby und der stillen Dankbarkeit in den Augen der G\u00e4ste, wenn sie erfrischt in die Welt zur\u00fcckkehren.<\/span><\/div><div class=\"qwen-markdown-space\">\u00a0<\/div><div class=\"qwen-markdown-paragraph\"><span class=\"qwen-markdown-text\">Wir sind nicht nur <\/span><em><span class=\"qwen-markdown-text\">In<\/span><\/em><span class=\"qwen-markdown-text\"> Zhuhai.<\/span><br \/><span class=\"qwen-markdown-text\">Wir sind <\/span><em><span class=\"qwen-markdown-text\">von<\/span><\/em><span class=\"qwen-markdown-text\"> Zhuhai.<\/span><br \/><span class=\"qwen-markdown-text\">Und jeder Gast, der durch unsere T\u00fcren tritt, wird Teil unserer fortlaufenden Geschichte \u2013 wo die Bucht auf das Herz trifft und Gastfreundschaft so frei flie\u00dft wie die Gezeiten.<\/span><\/div><div class=\"qwen-markdown-space\">\u00a0<\/div><div class=\"qwen-markdown-paragraph\" data-spm-anchor-id=\"a2ty_o01.29997173.0.i35.12275171tzaKTt\"><em><span class=\"qwen-markdown-text\">Willkommen zu Hause \u2013 in Grand Bay.<\/span><\/em><br \/><span class=\"qwen-markdown-text\">\ud83d\udccd Nr. 245 Shuiwan Road, Gongbei, Bezirk Xiangzhou, Zhuhai, Guangdong 519020, China<\/span><\/div>\t\t\t\t\t\t\t\t<\/div>\n\t\t\t\t\t<\/div>\n\t\t\t\t<\/div>\n\t\t\t\t<\/div>","protected":false},"excerpt":{"rendered":"<p>Our Story: Where Coastal Legacy Meets Modern Hospitality \u2014 The Grand Bay Hotel Zhuhai ChronicleNestled along the sun-kissed curve of Shuiwan Road in Zhuhai\u2019s vibrant Gongbei district\u2014where the rhythms of mainland China meet the pulse of Macau across the border\u2014Grand Bay Hotel Zhuhai is more than a hotel. It is a living narrative of resilience, [&hellip;]<\/p>\n","protected":false},"author":1,"featured_media":0,"parent":0,"menu_order":0,"comment_status":"closed","ping_status":"closed","template":"elementor_header_footer","meta":{"footnotes":""},"class_list":["post-2104","page","type-page","status-publish","hentry","post-no-thumbnail"],"_links":{"self":[{"href":"https:\/\/grandbayhotelzhuhai.com\/de\/wp-json\/wp\/v2\/pages\/2104","targetHints":{"allow":["GET"]}}],"collection":[{"href":"https:\/\/grandbayhotelzhuhai.com\/de\/wp-json\/wp\/v2\/pages"}],"about":[{"href":"https:\/\/grandbayhotelzhuhai.com\/de\/wp-json\/wp\/v2\/types\/page"}],"author":[{"embeddable":true,"href":"https:\/\/grandbayhotelzhuhai.com\/de\/wp-json\/wp\/v2\/users\/1"}],"replies":[{"embeddable":true,"href":"https:\/\/grandbayhotelzhuhai.com\/de\/wp-json\/wp\/v2\/comments?post=2104"}],"version-history":[{"count":0,"href":"https:\/\/grandbayhotelzhuhai.com\/de\/wp-json\/wp\/v2\/pages\/2104\/revisions"}],"wp:attachment":[{"href":"https:\/\/grandbayhotelzhuhai.com\/de\/wp-json\/wp\/v2\/media?parent=2104"}],"curies":[{"name":"wp","href":"https:\/\/api.w.org\/{rel}","templated":true}]}}