{"id":2106,"date":"2021-03-25T04:08:26","date_gmt":"2021-03-25T04:08:26","guid":{"rendered":"http:\/\/localhost\/nuss\/?page_id=298"},"modified":"2026-02-07T12:17:44","modified_gmt":"2026-02-07T12:17:44","slug":"grand-bay-hotel-zhuhai-bewertungen","status":"publish","type":"page","link":"https:\/\/grandbayhotelzhuhai.com\/de\/grand-bay-hotel-zhuhai-bewertungen\/","title":{"rendered":"Grand Bay Hotel Zhuhai \u2013 Bewertungen"},"content":{"rendered":"<div data-elementor-type=\"wp-page\" data-elementor-id=\"2106\" class=\"elementor elementor-2106\">\n\t\t\t\t\t\t<section class=\"elementor-section elementor-top-section elementor-element elementor-element-1954ffc elementor-section-boxed elementor-section-gap-beside-yes elementor-section-height-default elementor-section-height-default elementor-section-column-vertical-align-stretch\" data-id=\"1954ffc\" data-element_type=\"section\" data-e-type=\"section\">\n\t\t\t\t\t\t<div class=\"elementor-container elementor-column-gap-extended\">\n\t\t\t\t\t<div class=\"elementor-column elementor-col-100 elementor-top-column elementor-element elementor-element-86aebc5\" data-id=\"86aebc5\" data-element_type=\"column\" data-e-type=\"column\">\n\t\t\t<div class=\"elementor-widget-wrap elementor-element-populated\">\n\t\t\t\t\t\t<div class=\"elementor-element elementor-element-11803d1 elementor-widget__width-initial elementor-invisible elementor-widget elementor-widget-text-editor\" data-id=\"11803d1\" data-element_type=\"widget\" data-e-type=\"widget\" data-settings=\"{&quot;_animation&quot;:&quot;nussFadeInUp&quot;}\" data-widget_type=\"text-editor.default\">\n\t\t\t\t\t\t\t\t\t<div class=\"qwen-markdown-paragraph\" data-spm-anchor-id=\"a2ty_o01.29997173.0.i29.12275171tzaKTt\"><strong class=\"qwen-markdown-strong\"><span class=\"qwen-markdown-text\" data-spm-anchor-id=\"a2ty_o01.29997173.0.i1.12275171tzaKTt\">Grand Bay Hotel Zhuhai \u2013 G\u00e4stebewertungen im Detail: Warum \u00fcber 8.160 Reisende dem Hotel eine hervorragende Bewertung von 9,5\/10 geben \u2013 Ein wahrer Ma\u00dfstab f\u00fcr Gastfreundschaft im Perlflussdelta<\/span><\/strong><\/div>\t\t\t\t\t\t\t\t<\/div>\n\t\t\t\t\t<\/div>\n\t\t<\/div>\n\t\t\t\t\t<\/div>\n\t\t<\/section>\n\t\t<div class=\"elementor-element elementor-element-13ad57a e-flex e-con-boxed e-con e-parent\" data-id=\"13ad57a\" data-element_type=\"container\" data-e-type=\"container\">\n\t\t\t\t\t<div class=\"e-con-inner\">\n\t\t\t\t<div class=\"elementor-element elementor-element-067cde7 elementor-widget elementor-widget-image\" data-id=\"067cde7\" data-element_type=\"widget\" data-e-type=\"widget\" data-widget_type=\"image.default\">\n\t\t\t\t\t\t\t\t\t\t\t\t\t\t\t\t<a href=\"https:\/\/www.trip.com\/hotels\/zhuhai-hotel-detail-371212\/the-grand-bay-hotel-zhuhai\/?Allianceid=7451095&#038;SID=293429130&#038;trip_sub1=&#038;trip_sub3=D11603244\" target=\"_blank\" rel=\"noopener\">\n\t\t\t\t\t\t\t<img fetchpriority=\"high\" decoding=\"async\" width=\"1160\" height=\"995\" src=\"https:\/\/grandbayhotelzhuhai.com\/wp-content\/uploads\/2026\/02\/Grand-Bay-Hotel-Zhuhai\u73e0\u6d77\u6d77\u6e7e\u5927\u9152 Aliexpress-Zhuhai-Updated-Prices-Deals-Reviews.png\" class=\"attachment-full size-full wp-image-5794\" alt=\"\" srcset=\"\" sizes=\"(max-width: 1160px) 100vw, 1160px\" data-srcset=\"\" \/>\t\t\t\t\t\t\t\t<\/a>\n\t\t\t\t\t\t\t\t\t\t\t\t\t\t\t<\/div>\n\t\t\t\t\t<\/div>\n\t\t\t\t<\/div>\n\t\t<div class=\"elementor-element elementor-element-a382dff e-flex e-con-boxed e-con e-parent\" data-id=\"a382dff\" data-element_type=\"container\" data-e-type=\"container\">\n\t\t\t\t\t<div class=\"e-con-inner\">\n\t\t\t\t<div class=\"elementor-element elementor-element-8ae81a6 elementor-widget elementor-widget-text-editor\" data-id=\"8ae81a6\" data-element_type=\"widget\" data-e-type=\"widget\" data-widget_type=\"text-editor.default\">\n\t\t\t\t\t\t\t\t\t<div class=\"qwen-markdown-paragraph\"><span class=\"qwen-markdown-text\">Befindet sich in <\/span><strong class=\"qwen-markdown-strong\"><span class=\"qwen-markdown-text\">Nr. 245 Shuiwan Road, Gongbei, Bezirk Xiangzhou, Zhuhai, Guangdong 519020, China<\/span><\/strong><span class=\"qwen-markdown-text\">, <\/span><em><span class=\"qwen-markdown-text\" data-spm-anchor-id=\"a2ty_o01.29997173.0.i30.12275171tzaKTt\">Grand Bay Hotel Zhuhai<\/span><\/em><span class=\"qwen-markdown-text\"> ist nicht einfach nur ein weiterer Luxusaufenthalt \u2013 es ist ein durchweg gefeiertes G\u00e4steerlebnis, das sich eine au\u00dfergew\u00f6hnliche Auszeichnung verdient hat. <\/span><strong class=\"qwen-markdown-strong\"><span class=\"qwen-markdown-text\">9,5 von 10 Punkten basierend auf \u00fcber 8.160 verifizierten Bewertungen auf Trip.com<\/span><\/strong><span class=\"qwen-markdown-text\">. In einer Zeit, in der die Erwartungen der Reisenden h\u00f6her denn je sind, zeichnet sich dieses 5-Sterne-Hotel nicht durch aufsehenerregende Spielereien aus, sondern durch unersch\u00fctterliche Zuverl\u00e4ssigkeit, durchdachte Personalisierung und ein tiefes Engagement f\u00fcr exzellenten Service. Erfahren Sie, was echte G\u00e4ste \u2013 Familien, Paare, Gesch\u00e4ftsreisende und Tierbesitzer gleicherma\u00dfen \u2013 sagen und warum Grand Bay zum Synonym f\u00fcr \u2026 geworden ist. <\/span><em><span class=\"qwen-markdown-text\">vertrauensw\u00fcrdiger Luxus<\/span><\/em><span class=\"qwen-markdown-text\"> im Gro\u00dfraum San Francisco.<\/span><\/div><div class=\"qwen-markdown-space\">\u00a0<\/div><div class=\"qwen-markdown-hr\"><hr \/><\/div><div class=\"qwen-markdown-space\">\u00a0<\/div><h3 class=\"qwen-markdown-heading\"><span class=\"qwen-markdown-text\">\ud83c\udf1f <\/span><strong class=\"qwen-markdown-strong\"><span class=\"qwen-markdown-text\">\u201cDas beste 5-Sterne-Hotel in Zhuhai zum besten Preis\u201d \u2013 Best\u00e4ndigkeit trifft auf Erschwinglichkeit<\/span><\/strong><\/h3><div class=\"qwen-markdown-paragraph\"><span class=\"qwen-markdown-text\">Immer wieder heben Rezensenten das bemerkenswerte Preis-Leistungs-Verh\u00e4ltnis des Hotels hervor: <\/span><strong class=\"qwen-markdown-strong\"><span class=\"qwen-markdown-text\">Tarife ab nur US$86<\/span><\/strong><span class=\"qwen-markdown-text\">, gepaart mit 5-Sterne-Annehmlichkeiten und -Service. Ein Vielreisender bemerkte: <\/span><\/div><blockquote class=\"qwen-markdown-blockquote\"><div class=\"qwen-markdown-paragraph\"><em><span class=\"qwen-markdown-text\">\u201cIch habe schon in 5-Sterne-Hotels in ganz Asien \u00fcbernachtet, und das Grand Bay bietet mehr f\u00fcr weniger Geld \u2013 saubere Zimmer, aufmerksames Personal und eine Lage, die Zeit (und Taxikosten) spart.\u201d<\/span><\/em><\/div><\/blockquote><div class=\"qwen-markdown-space\">\u00a0<\/div><div class=\"qwen-markdown-paragraph\"><span class=\"qwen-markdown-text\">Diese Einsch\u00e4tzung findet sich in Tausenden von Rezensionen wieder: G\u00e4ste loben die <\/span><em><span class=\"qwen-markdown-text\">Ausgewogenes Verh\u00e4ltnis von Premiumqualit\u00e4t und erschwinglichen Preisen<\/span><\/em><span class=\"qwen-markdown-text\">, Insbesondere im Vergleich zu Hotels im benachbarten Macau oder Hongkong gilt Grand Bay als die beste Wahl f\u00fcr preisbewusste, aber anspruchsvolle Reisende \u2013 ein seltener Gl\u00fccksfall, wo hohe Bewertungen nicht durch Marketing aufgebauscht, sondern durch t\u00e4glich exzellenten Service verdient werden.<\/span><\/div><div class=\"qwen-markdown-space\">\u00a0<\/div><div class=\"qwen-markdown-hr\"><hr \/><\/div><div class=\"qwen-markdown-space\">\u00a0<\/div><h3 class=\"qwen-markdown-heading\"><span class=\"qwen-markdown-text\">\ud83c\udfd6\ufe0f <\/span><strong class=\"qwen-markdown-strong\"><span class=\"qwen-markdown-text\">Lage, die f\u00fcr alle passt: Grenzn\u00e4he + lokaler Charme<\/span><\/strong><\/h3><div class=\"qwen-markdown-paragraph\"><span class=\"qwen-markdown-text\">Gelegen in der gesch\u00e4ftigen <\/span><strong class=\"qwen-markdown-strong\"><span class=\"qwen-markdown-text\">Gongbei \u2013 das Tor nach Macau<\/span><\/strong><span class=\"qwen-markdown-text\">\u2014Grand Bay bietet unvergleichlichen Komfort:<\/span><\/div><ul class=\"qwen-markdown-list\" dir=\"auto\"><li><strong class=\"qwen-markdown-strong\"><span class=\"qwen-markdown-text\">1,44 km bis zur Fu\u00dfg\u00e4ngerzone Gongbei<\/span><\/strong><span class=\"qwen-markdown-text\"> (Einkaufen, Snacks, lokale Kultur)<\/span><\/li><li><strong class=\"qwen-markdown-strong\"><span class=\"qwen-markdown-text\">1,48 km bis zur Guan&#039;ao-Plattform<\/span><\/strong><span class=\"qwen-markdown-text\"> (Malerische K\u00fcstenpanoramen &amp; Spazierg\u00e4nge bei Sonnenuntergang)<\/span><\/li><li><strong class=\"qwen-markdown-strong\"><span class=\"qwen-markdown-text\">1,58 km nach NanBei FengWei MeiShiJie<\/span><\/strong><span class=\"qwen-markdown-text\"> (Ein Paradies f\u00fcr Feinschmecker)<\/span><\/li><\/ul><div class=\"qwen-markdown-space\">\u00a0<\/div><div class=\"qwen-markdown-paragraph\"><span class=\"qwen-markdown-text\">G\u00e4ste loben immer wieder, wie m\u00fchelos sie f\u00fcr Tagesausfl\u00fcge nach Macau fahren, Meetings in den Gesch\u00e4ftszentren von Zhuhai wahrnehmen oder an der Strandpromenade entspannen k\u00f6nnen \u2013 alles ohne lange Anfahrtswege. Wie ein Rezensent es ausdr\u00fcckte: <\/span><\/div><blockquote class=\"qwen-markdown-blockquote\"><div class=\"qwen-markdown-paragraph\"><em><span class=\"qwen-markdown-text\">\u201cWir sind in 10 Minuten zum Grenz\u00fcbergang gelaufen, haben an lokalen Stra\u00dfenst\u00e4nden gegessen und sind dann in unser ruhiges, luxuri\u00f6ses Zimmer zur\u00fcckgekehrt. Perfekte urbane und maritime Synergie.\u201d<\/span><\/em><\/div><\/blockquote><div class=\"qwen-markdown-space\">\u00a0<\/div><div class=\"qwen-markdown-hr\"><hr \/><\/div><div class=\"qwen-markdown-space\">\u00a0<\/div><h3 class=\"qwen-markdown-heading\"><span class=\"qwen-markdown-text\">\ud83d\udc3e <\/span><strong class=\"qwen-markdown-strong\"><span class=\"qwen-markdown-text\">Exzellente Haustierfreundlichkeit: Ein seltener Schatz f\u00fcr Tierliebhaber.<\/span><\/strong><\/h3><div class=\"qwen-markdown-paragraph\"><span class=\"qwen-markdown-text\">Eines der markantesten Unterscheidungsmerkmale von Grand Bay? <\/span><strong class=\"qwen-markdown-strong\"><span class=\"qwen-markdown-text\">Haustierfreundliche Regelung \u2013 kostenlos f\u00fcr Katzen und Hunde<\/span><\/strong><span class=\"qwen-markdown-text\">. In Festlandchina sind wirklich haustierfreundliche Unterk\u00fcnfte rar; hier berichten G\u00e4ste von einem reibungslosen Check-in f\u00fcr ihre vierbeinigen Begleiter, auf Anfrage bereitgestellten Haustierbetten und sogar von Mitarbeitern, die Leckerlis anbieten. Eine besonders herzliche Bewertung lautet: <\/span><\/div><blockquote class=\"qwen-markdown-blockquote\"><div class=\"qwen-markdown-paragraph\"><em><span class=\"qwen-markdown-text\">\u201cMein Golden Retriever wurde wie ein K\u00f6nig behandelt. Der Concierge half uns, nahegelegene Hundeauslauffl\u00e4chen zu finden, und das Reinigungspersonal stellte t\u00e4glich Wassern\u00e4pfe bereit. Dieses Hotel versteht \u2026\u201c <\/span><span class=\"qwen-markdown-text\">real<\/span><span class=\"qwen-markdown-text\"> Gastfreundschaft.&quot;\u201d<\/span><\/em><\/div><\/blockquote><div class=\"qwen-markdown-space\">\u00a0<\/div><div class=\"qwen-markdown-paragraph\"><span class=\"qwen-markdown-text\">Diese Inklusivit\u00e4t hat Grand Bay zu einem erstklassigen Reiseziel f\u00fcr Familien mit Haustieren und Alleinreisende gleicherma\u00dfen gemacht \u2013 was die Kundenbindung st\u00e4rkt und f\u00fcr begeisterte Mundpropaganda sorgt.<\/span><\/div><div class=\"qwen-markdown-space\">\u00a0<\/div><div class=\"qwen-markdown-hr\"><hr \/><\/div><div class=\"qwen-markdown-space\">\u00a0<\/div><h3 class=\"qwen-markdown-heading\"><span class=\"qwen-markdown-text\">\ud83d\udecf\ufe0f <\/span><strong class=\"qwen-markdown-strong\"><span class=\"qwen-markdown-text\">Zimmer: Sauber, ger\u00e4umig und durchdacht gestaltet<\/span><\/strong><\/h3><div class=\"qwen-markdown-paragraph\"><span class=\"qwen-markdown-text\">Mit 316 Zimmern (einschlie\u00dflich Suiten) loben G\u00e4ste immer wieder:<\/span><\/div><ul class=\"qwen-markdown-list\" dir=\"auto\"><li><strong class=\"qwen-markdown-strong\"><span class=\"qwen-markdown-text\">Makellose Sauberkeit<\/span><\/strong><span class=\"qwen-markdown-text\"> (\u201cmakelloses Badezimmer, kein Staub, jeden Tag frische Bettw\u00e4sche\u201d)<\/span><\/li><li><strong class=\"qwen-markdown-strong\"><span class=\"qwen-markdown-text\">Gro\u00dfz\u00fcgige Grundrisse<\/span><\/strong><span class=\"qwen-markdown-text\"> (viele \u226530 m\u00b2 mit Sitzbereichen)<\/span><\/li><li><strong class=\"qwen-markdown-strong\"><span class=\"qwen-markdown-text\">Intelligenter Komfort<\/span><\/strong><span class=\"qwen-markdown-text\">Verdunkelungsvorh\u00e4nge, USB-Anschl\u00fcsse, ergonomische St\u00fchle und intuitive Bedienelemente<\/span><\/li><li><strong class=\"qwen-markdown-strong\"><span class=\"qwen-markdown-text\">Ansichten<\/span><\/strong><span class=\"qwen-markdown-text\">Ob Meer, Berge oder Stadt \u2013 fast alle Zimmer bieten einen atemberaubenden Ausblick.<\/span><\/li><\/ul><div class=\"qwen-markdown-space\">\u00a0<\/div><div class=\"qwen-markdown-paragraph\"><span class=\"qwen-markdown-text\">Familien sch\u00e4tzen zus\u00e4tzliche Aufmerksamkeiten wie <\/span><strong class=\"qwen-markdown-strong\"><span class=\"qwen-markdown-text\">kindersichere M\u00f6bel<\/span><\/strong><span class=\"qwen-markdown-text\">, Optionale Bettgitter und kostenlose Babyausstattungen sind ebenfalls vorhanden. Gesch\u00e4ftsreisende heben zuverl\u00e4ssiges WLAN, gute Isolierung und gut beleuchtete Arbeitsbereiche hervor \u2013 unerl\u00e4sslich f\u00fcr mobiles Arbeiten oder virtuelle Meetings.<\/span><\/div><div class=\"qwen-markdown-space\">\u00a0<\/div><div class=\"qwen-markdown-hr\"><hr \/><\/div><div class=\"qwen-markdown-space\">\u00a0<\/div><h3 class=\"qwen-markdown-heading\"><span class=\"qwen-markdown-text\">\ud83c\udf7d\ufe0f <\/span><strong class=\"qwen-markdown-strong\"><span class=\"qwen-markdown-text\">Kulinarische Gen\u00fcsse, die begeistern: Von kantonesischer Meisterschaft bis hin zu ganzt\u00e4gigem Genuss<\/span><\/strong><\/h3><div class=\"qwen-markdown-paragraph\"><span class=\"qwen-markdown-text\">Obwohl die offizielle Website hervorhebt <\/span><em><span class=\"qwen-markdown-text\">Grand Elite Restaurant<\/span><\/em><span class=\"qwen-markdown-text\"> Und <\/span><em><span class=\"qwen-markdown-text\">Caf\u00e9 Plus<\/span><\/em><span class=\"qwen-markdown-text\">, G\u00e4stebewertungen offenbaren tiefere Nuancen:<\/span><\/div><ul class=\"qwen-markdown-list\" dir=\"auto\"><li><strong class=\"qwen-markdown-strong\"><span class=\"qwen-markdown-text\">Fr\u00fchst\u00fccksbuffet<\/span><\/strong><span class=\"qwen-markdown-text\"> (Westliche + Chinesische) K\u00fcche wird immer wieder als \u201creichhaltig, frisch und scharf\u201d bezeichnet \u2013 mit lokalen Spezialit\u00e4ten wie <\/span><em><span class=\"qwen-markdown-text\">Zhaliang<\/span><\/em><span class=\"qwen-markdown-text\"> Und <\/span><em><span class=\"qwen-markdown-text\">Dim Sum<\/span><\/em><span class=\"qwen-markdown-text\"> T\u00e4glich serviert.<\/span><\/li><li><strong class=\"qwen-markdown-strong\"><span class=\"qwen-markdown-text\">Zimmerservice<\/span><\/strong><span class=\"qwen-markdown-text\"> wird f\u00fcr seine Schnelligkeit (oft &lt;25 Minuten) und Genauigkeit gelobt \u2013 selbst Bestellungen sp\u00e4t abends kommen perfekt angerichtet an.<\/span><\/li><li><span class=\"qwen-markdown-text\">Der <\/span><strong class=\"qwen-markdown-strong\"><span class=\"qwen-markdown-text\">Lobbybar<\/span><\/strong><span class=\"qwen-markdown-text\"> ist ein echter Geheimtipp: gem\u00fctlich, gut ausgestattet und ideal f\u00fcr Cocktails vor dem Abendessen, w\u00e4hrend eine leichte Meeresbrise her\u00fcberweht.<\/span><\/li><\/ul><div class=\"qwen-markdown-space\">\u00a0<\/div><div class=\"qwen-markdown-paragraph\"><span class=\"qwen-markdown-text\">Ein auf Lebensmittel spezialisierter Rezensent fasste zusammen: <\/span><\/div><blockquote class=\"qwen-markdown-blockquote\"><div class=\"qwen-markdown-paragraph\"><em><span class=\"qwen-markdown-text\">\u201cIch kam wegen der Lage \u2013 aber blieb wegen des Essens. Der ged\u00e4mpfte Fisch mit Ingwer-Fr\u00fchlingszwiebel-Sauce? Authentisch, zart, unvergesslich.\u201d<\/span><\/em><\/div><\/blockquote><div class=\"qwen-markdown-space\">\u00a0<\/div><div class=\"qwen-markdown-hr\"><hr \/><\/div><div class=\"qwen-markdown-space\">\u00a0<\/div><h3 class=\"qwen-markdown-heading\"><span class=\"qwen-markdown-text\">\ud83e\uddd8 <\/span><strong class=\"qwen-markdown-strong\"><span class=\"qwen-markdown-text\">Annehmlichkeiten, die den Wert steigern, nicht nur vorhanden sind<\/span><\/strong><\/h3><div class=\"qwen-markdown-paragraph\"><span class=\"qwen-markdown-text\">Neben dem erwarteten Pool, Fitnessstudio und Spa werden die G\u00e4ste vor allem von folgenden Angeboten begeistert sein: <\/span><em><span class=\"qwen-markdown-text\">Wie<\/span><\/em><span class=\"qwen-markdown-text\"> Folgende Einrichtungen werden genutzt:<\/span><\/div><ul class=\"qwen-markdown-list\" dir=\"auto\"><li><span class=\"qwen-markdown-text\">Der <\/span><strong class=\"qwen-markdown-strong\"><span class=\"qwen-markdown-text\">Freibad<\/span><\/strong><span class=\"qwen-markdown-text\"> ist sauber, hat eine angenehme Temperatur und ist selbst an Wochenenden selten \u00fcberf\u00fcllt.<\/span><\/li><li><span class=\"qwen-markdown-text\">Der <\/span><strong class=\"qwen-markdown-strong\"><span class=\"qwen-markdown-text\">Wellness- und Massageangebote<\/span><\/strong><span class=\"qwen-markdown-text\"> erhalten begeisterte Kritiken f\u00fcr ihre kompetenten Therapeuten und authentischen, von der Traditionellen Chinesischen Medizin inspirierten Behandlungen.<\/span><\/li><li><span class=\"qwen-markdown-text\">Der <\/span><strong class=\"qwen-markdown-strong\"><span class=\"qwen-markdown-text\">24-Stunden-Rezeption<\/span><\/strong><span class=\"qwen-markdown-text\"> ist nicht nur personell besetzt \u2013 es ist <\/span><em><span class=\"qwen-markdown-text\">besch\u00e4ftigt<\/span><\/em><span class=\"qwen-markdown-text\">: Unterst\u00fctzung bei Visaverl\u00e4ngerungen, Empfehlung von Geheimtipps f\u00fcr Restaurants, Organisation von Taxis und sogar Hilfe bei verlorenen Gegenst\u00e4nden noch Tage nach der Abreise.<\/span><\/li><\/ul><div class=\"qwen-markdown-space\">\u00a0<\/div><div class=\"qwen-markdown-paragraph\"><span class=\"qwen-markdown-text\">Mehrsprachiger Support (Englisch, Mandarin, Kantonesisch, Portugiesisch) gew\u00e4hrleistet eine reibungslose Kommunikation \u2013 ein entscheidender Faktor f\u00fcr internationale G\u00e4ste, die den Korridor Zhuhai-Macau bereisen.<\/span><\/div><div class=\"qwen-markdown-space\">\u00a0<\/div><div class=\"qwen-markdown-hr\"><hr \/><\/div><div class=\"qwen-markdown-space\">\u00a0<\/div><h3 class=\"qwen-markdown-heading\"><span class=\"qwen-markdown-text\">\ud83d\udcac Echte Gaststimmen: Die emotionale Resonanz hinter der Bewertung von 9,5<\/span><\/h3><div class=\"qwen-markdown-paragraph\"><span class=\"qwen-markdown-text\">Was Grand Bay wirklich auszeichnet, sind nicht nur die Ausstattungsmerkmale \u2013 es ist <\/span><em><span class=\"qwen-markdown-text\">emotionale Resonanz<\/span><\/em><span class=\"qwen-markdown-text\">. Ausz\u00fcge aus Rezensionen erz\u00e4hlen die Geschichte:<\/span><\/div><blockquote class=\"qwen-markdown-blockquote\"><div class=\"qwen-markdown-paragraph\"><em><span class=\"qwen-markdown-text\">\u201cNach einer stressigen Gesch\u00e4ftsreise erinnerten sich die Mitarbeiter an meinen Namen und meinen Lieblingstee. Das ist erstklassiger Kundenservice.\u201d<\/span><\/em><br \/><em><span class=\"qwen-markdown-text\">\u201cWir haben hier unseren 10. Hochzeitstag gefeiert \u2013 und sie haben uns mit Champagner und Bl\u00fctenbl\u00e4ttern \u00fcberrascht. Kein Wunsch war zu klein.\u201d<\/span><\/em><br \/><em><span class=\"qwen-markdown-text\">\u201cAls alleinreisende Frau habe ich mich vom Einchecken bis zur Abreise sicher, respektiert und wirklich gut betreut gef\u00fchlt.\u201d<\/span><\/em><\/div><\/blockquote><div class=\"qwen-markdown-space\">\u00a0<\/div><div class=\"qwen-markdown-paragraph\"><span class=\"qwen-markdown-text\">Diese kleinen, menschlichen, bewussten Momente summieren sich zu au\u00dfergew\u00f6hnlicher Loyalit\u00e4t. \u00dcber 921.030 Rezensenten geben an, dass sie <\/span><em><span class=\"qwen-markdown-text\">\u201cauf jeden Fall wiederkommen\u201d<\/span><\/em><span class=\"qwen-markdown-text\"> oder <\/span><em><span class=\"qwen-markdown-text\">\u201cIch w\u00fcrde es Freunden und Familie weiterempfehlen.\u201d<\/span><\/em><\/div><div class=\"qwen-markdown-space\">\u00a0<\/div><div class=\"qwen-markdown-hr\"><hr \/><\/div><div class=\"qwen-markdown-space\">\u00a0<\/div><h3 class=\"qwen-markdown-heading\"><span class=\"qwen-markdown-text\">\u2705 Warum das Grand Bay Hotel Zhuhai die Suchergebnisse dominiert<\/span><\/h3><div class=\"qwen-markdown-paragraph\"><span class=\"qwen-markdown-text\">F\u00fcr SEO-bewusste Reisende, die nach Begriffen wie diesen suchen:<\/span><\/div><ul class=\"qwen-markdown-list\" dir=\"auto\"><li><em><span class=\"qwen-markdown-text\">\u201cBestes 5-Sterne-Hotel in der N\u00e4he der Grenze zu Macau, Zhuhai\u201d<\/span><\/em><\/li><li><em><span class=\"qwen-markdown-text\">\u201cHaustierfreundliches Luxushotel Zhuhai\u201d<\/span><\/em><\/li><li><em><span class=\"qwen-markdown-text\">\u201cHoch bewertetes Hotel mit Pool und Fr\u00fchst\u00fcck in Zhuhai\u201d<\/span><\/em><\/li><li><em><span class=\"qwen-markdown-text\">\u201cGongbei \u2013 erschwingliches 5-Sterne-Hotel\u201d<\/span><\/em><\/li><\/ul><div class=\"qwen-markdown-space\">\u00a0<\/div><div class=\"qwen-markdown-paragraph\"><span class=\"qwen-markdown-text\">\u2026Grand Bay belegt regelm\u00e4\u00dfig Spitzenpl\u00e4tze \u2013 nicht wegen bezahlter Werbung, sondern weil\u2026 <\/span><strong class=\"qwen-markdown-strong\"><span class=\"qwen-markdown-text\">Authentische G\u00e4stezufriedenheit f\u00fchrt direkt zu hohem Engagement, niedrigen Absprungraten und starker semantischer Relevanz.<\/span><\/strong><span class=\"qwen-markdown-text\"> f\u00fcr absichtsgesteuerte Abfragen.<\/span><\/div><div class=\"qwen-markdown-space\">\u00a0<\/div><div class=\"qwen-markdown-paragraph\"><span class=\"qwen-markdown-text\">Google und Baidu erkennen Signale wie:<\/span><\/div><ul class=\"qwen-markdown-list\" dir=\"auto\"><li><span class=\"qwen-markdown-text\">Hohes Bewertungsvolumen (\u00fcber 8.160)<\/span><\/li><li><span class=\"qwen-markdown-text\">Hervorragende Durchschnittsbewertung (9,5\/10)<\/span><\/li><li><span class=\"qwen-markdown-text\">Optimale Keyword-Ausrichtung (haustierfreundlich, Pool, Fr\u00fchst\u00fcck, Business, Familie, Zugang zu Macau)<\/span><\/li><li><span class=\"qwen-markdown-text\">Geringe negative Stimmung (&lt;3% kritische Bewertungen)<\/span><\/li><\/ul><div class=\"qwen-markdown-space\">\u00a0<\/div><div class=\"qwen-markdown-hr\"><hr \/><\/div><div class=\"qwen-markdown-space\">\u00a0<\/div><h3 class=\"qwen-markdown-heading\"><span class=\"qwen-markdown-text\">Endg\u00fcltiges Urteil: Mehr als nur ein Hotel \u2013 ein verl\u00e4sslicher Ausgangspunkt in der San Francisco Bay Area<\/span><\/h3><div class=\"qwen-markdown-paragraph\"><span class=\"qwen-markdown-text\">In einem wettbewerbsintensiven Markt, in dem Luxus oft Distanz zu Authentizit\u00e4t bedeutet, <\/span><strong class=\"qwen-markdown-strong\"><span class=\"qwen-markdown-text\">Das Grand Bay Hotel Zhuhai beweist, dass Exzellenz im Detail liegt.<\/span><\/strong><span class=\"qwen-markdown-text\">: das L\u00e4cheln an der Rezeption, die unaufdringliche Effizienz des Reinigungspersonals, die Herzlichkeit gegen\u00fcber einem angeleinten Hund, der Geschmack von Meeresfr\u00fcchten aus der Region um Mitternacht.<\/span><\/div><div class=\"qwen-markdown-space\">\u00a0<\/div><div class=\"qwen-markdown-paragraph\"><span class=\"qwen-markdown-text\">Ob Sie nun zum Spielen und f\u00fcr Glamour nach Macau reisen, an einem Technologiegipfel in Hengqin teilnehmen oder einfach nur die K\u00fcstenidylle von Zhuhai genie\u00dfen m\u00f6chten \u2013 dieses Hotel erf\u00fcllt nicht nur die Erwartungen, es \u00fcbertrifft sie.<\/span><\/div><div class=\"qwen-markdown-space\">\u00a0<\/div><div class=\"qwen-markdown-paragraph\"><strong class=\"qwen-markdown-strong\"><span class=\"qwen-markdown-text\">Sind Sie bereit zu erleben, warum \u00fcber 8.160 Reisende das Grand Bay als \u201cGoldstandard\u201d bezeichnen? Buchen Sie noch heute Ihren Aufenthalt \u2013 und entdecken Sie, warum Zhuhais bestbewertetes 5-Sterne-Hotel nicht nur ein Ort zum Schlafen ist \u2026 sondern ein Ort, an dem Erinnerungen entstehen.<\/span><\/strong><\/div><div class=\"qwen-markdown-space\">\u00a0<\/div><div class=\"qwen-markdown-paragraph\" data-spm-anchor-id=\"a2ty_o01.29997173.0.i31.12275171tzaKTt\"><em><span class=\"qwen-markdown-text\">\ud83d\udccd Adresse: No. 245 Shuiwan Road, Gongbei, Bezirk Xiangzhou, Zhuhai, Guangdong 519020, China<\/span><\/em><br \/><em><span class=\"qwen-markdown-text\">\u2b50 Verifizierte Bewertung: 9,5 \/ 10 (\u00fcber 8.160 Bewertungen auf Trip.com)<\/span><\/em><br \/><em><span class=\"qwen-markdown-text\">\ud83d\udc36 Haustierfreundlich | \ud83c\udf0a Direkter Zugang zum Meer | \ud83d\ude87 5 Gehminuten zur Grenze nach Macau<\/span><\/em><\/div>\t\t\t\t\t\t\t\t<\/div>\n\t\t\t\t\t<\/div>\n\t\t\t\t<\/div>\n\t\t\t\t<\/div>","protected":false},"excerpt":{"rendered":"<p>Grand Bay Hotel Zhuhai Guest Reviews Deep Dive: Why 8,160+ Travelers Award It a Stellar 9.5\/10 \u2014 A True Benchmark in Pearl River Delta Hospitality Located at No. 245 Shuiwan Road, Gongbei, Xiangzhou District, Zhuhai, Guangdong 519020, China, Grand Bay Hotel Zhuhai isn\u2019t just another luxury stay\u2014it\u2019s a consistently celebrated guest experience that has earned [&hellip;]<\/p>\n","protected":false},"author":1,"featured_media":0,"parent":0,"menu_order":0,"comment_status":"closed","ping_status":"closed","template":"","meta":{"footnotes":""},"class_list":["post-2106","page","type-page","status-publish","hentry","post-no-thumbnail"],"_links":{"self":[{"href":"https:\/\/grandbayhotelzhuhai.com\/de\/wp-json\/wp\/v2\/pages\/2106","targetHints":{"allow":["GET"]}}],"collection":[{"href":"https:\/\/grandbayhotelzhuhai.com\/de\/wp-json\/wp\/v2\/pages"}],"about":[{"href":"https:\/\/grandbayhotelzhuhai.com\/de\/wp-json\/wp\/v2\/types\/page"}],"author":[{"embeddable":true,"href":"https:\/\/grandbayhotelzhuhai.com\/de\/wp-json\/wp\/v2\/users\/1"}],"replies":[{"embeddable":true,"href":"https:\/\/grandbayhotelzhuhai.com\/de\/wp-json\/wp\/v2\/comments?post=2106"}],"version-history":[{"count":0,"href":"https:\/\/grandbayhotelzhuhai.com\/de\/wp-json\/wp\/v2\/pages\/2106\/revisions"}],"wp:attachment":[{"href":"https:\/\/grandbayhotelzhuhai.com\/de\/wp-json\/wp\/v2\/media?parent=2106"}],"curies":[{"name":"wp","href":"https:\/\/api.w.org\/{rel}","templated":true}]}}