{"id":5266,"date":"2021-07-18T08:03:35","date_gmt":"2021-07-18T08:03:35","guid":{"rendered":"https:\/\/nuss.uxper.co\/luxury-resort\/?page_id=5266"},"modified":"2026-02-03T15:04:56","modified_gmt":"2026-02-03T15:04:56","slug":"uber-uns","status":"publish","type":"page","link":"https:\/\/grandbayhotelzhuhai.com\/de\/uber-uns\/","title":{"rendered":"\u00dcber uns"},"content":{"rendered":"<div data-elementor-type=\"wp-page\" data-elementor-id=\"5266\" class=\"elementor elementor-5266\">\n\t\t\t\t\t\t<section class=\"elementor-section elementor-top-section elementor-element elementor-element-10416953 elementor-section-boxed elementor-section-gap-beside-yes elementor-section-height-default elementor-section-height-default elementor-section-column-vertical-align-stretch\" data-id=\"10416953\" data-element_type=\"section\" data-e-type=\"section\">\n\t\t\t\t\t\t<div class=\"elementor-container elementor-column-gap-extended\">\n\t\t\t\t\t<div class=\"elementor-column elementor-col-100 elementor-top-column elementor-element elementor-element-29c6aa8\" data-id=\"29c6aa8\" data-element_type=\"column\" data-e-type=\"column\">\n\t\t\t<div class=\"elementor-widget-wrap elementor-element-populated\">\n\t\t\t\t\t\t<div class=\"elementor-element elementor-element-7be18fe7 elementor-widget__width-initial elementor-invisible elementor-widget elementor-widget-text-editor\" data-id=\"7be18fe7\" data-element_type=\"widget\" data-e-type=\"widget\" data-settings=\"{&quot;_animation&quot;:&quot;nussFadeInUp&quot;}\" data-widget_type=\"text-editor.default\">\n\t\t\t\t\t\t\t\t\t<div class=\"qwen-markdown-paragraph\"><strong class=\"qwen-markdown-strong\"><span class=\"qwen-markdown-text\" data-spm-anchor-id=\"a2ty_o01.29997173.0.i18.12275171rC1lFB\">Grand Bay Hotel Zhuhai \u2013 Wo K\u00fcsteneleganz auf urbane Vitalit\u00e4t im Herzen der Greater Bay Area trifft<\/span><\/strong><\/div>\t\t\t\t\t\t\t\t<\/div>\n\t\t\t\t\t<\/div>\n\t\t<\/div>\n\t\t\t\t\t<\/div>\n\t\t<\/section>\n\t\t\t\t<section class=\"elementor-section elementor-top-section elementor-element elementor-element-7d18327f elementor-section-boxed elementor-section-gap-beside-yes elementor-section-height-default elementor-section-height-default elementor-section-column-vertical-align-stretch\" data-id=\"7d18327f\" data-element_type=\"section\" data-e-type=\"section\">\n\t\t\t\t\t\t<div class=\"elementor-container elementor-column-gap-extended\">\n\t\t\t\t\t<div class=\"elementor-column elementor-col-50 elementor-top-column elementor-element elementor-element-56533670\" data-id=\"56533670\" data-element_type=\"column\" data-e-type=\"column\">\n\t\t\t<div class=\"elementor-widget-wrap elementor-element-populated\">\n\t\t\t\t\t\t<div class=\"elementor-element elementor-element-19c3f543 elementor-invisible elementor-widget elementor-widget-text-editor\" data-id=\"19c3f543\" data-element_type=\"widget\" data-e-type=\"widget\" data-settings=\"{&quot;_animation&quot;:&quot;nussFadeInUp&quot;}\" data-widget_type=\"text-editor.default\">\n\t\t\t\t\t\t\t\t\t<div class=\"qwen-markdown-paragraph\"><span class=\"qwen-markdown-text\" data-spm-anchor-id=\"a2ty_o01.29997173.0.i20.12275171rC1lFB\">Eingebettet in <\/span><strong class=\"qwen-markdown-strong\"><span class=\"qwen-markdown-text\">Nr. 245 Shuiwan Road, Gongbei, Bezirk Xiangzhou, Zhuhai, Guangdong 519020, China<\/span><\/strong><span class=\"qwen-markdown-text\">, <\/span><em><span class=\"qwen-markdown-text\">Grand Bay Hotel Zhuhai<\/span><\/em><span class=\"qwen-markdown-text\" data-spm-anchor-id=\"a2ty_o01.29997173.0.i21.12275171rC1lFB\"> Es gilt als erstklassiges 4-Sterne-Hotel, das auf meisterhafte Weise den ruhigen Charme einer K\u00fcstenstadt mit der dynamischen Energie einer der strategisch wichtigsten K\u00fcstenst\u00e4dte Chinas verbindet. Es liegt strategisch g\u00fcnstig nur wenige Minuten von der <\/span><strong class=\"qwen-markdown-strong\"><span class=\"qwen-markdown-text\">Grenztor Zhuhai\u2013Macau (Hafen Gongbei)<\/span><\/strong><span class=\"qwen-markdown-text\"> und in unmittelbarer N\u00e4he der ikonischen <\/span><strong class=\"qwen-markdown-strong\"><span class=\"qwen-markdown-text\">Hongkong\u2013Zhuhai\u2013Macau-Br\u00fccke<\/span><\/strong><span class=\"qwen-markdown-text\">, Das Hotel bietet sowohl Freizeitreisenden, die das Perlflussdelta erkunden, als auch Gesch\u00e4ftsreisenden, die mit der florierenden Wirtschaft der Greater Bay Area in Kontakt stehen, eine unvergleichliche Erreichbarkeit.<\/span><\/div>\t\t\t\t\t\t\t\t<\/div>\n\t\t\t\t\t<\/div>\n\t\t<\/div>\n\t\t\t\t<div class=\"elementor-column elementor-col-50 elementor-top-column elementor-element elementor-element-30f14127\" data-id=\"30f14127\" data-element_type=\"column\" data-e-type=\"column\">\n\t\t\t<div class=\"elementor-widget-wrap elementor-element-populated\">\n\t\t\t\t\t\t<div class=\"elementor-element elementor-element-350da02e elementor-invisible nuss-elementor-loading nuss-slide-in-left elementor-widget elementor-widget-image\" data-id=\"350da02e\" data-element_type=\"widget\" data-e-type=\"widget\" data-settings=\"{&quot;_animation&quot;:&quot;nussSlideInLeft&quot;}\" data-widget_type=\"image.default\">\n\t\t\t\t\t\t\t\t\t\t\t\t\t\t\t<img fetchpriority=\"high\" decoding=\"async\" width=\"872\" height=\"853\" src=\"https:\/\/grandbayhotelzhuhai.com\/wp-content\/uploads\/2026\/02\/grandbayhotelzhuhai-47.webp\" class=\"attachment-full size-full wp-image-5593\" alt=\"\" srcset=\"https:\/\/grandbayhotelzhuhai.com\/wp-content\/uploads\/2026\/02\/grandbayhotelzhuhai-47.webp 872w, https:\/\/grandbayhotelzhuhai.com\/wp-content\/uploads\/2026\/02\/grandbayhotelzhuhai-47-300x293.webp 300w, https:\/\/grandbayhotelzhuhai.com\/wp-content\/uploads\/2026\/02\/grandbayhotelzhuhai-47-768x751.webp 768w\" sizes=\"(max-width: 872px) 100vw, 872px\" \/>\t\t\t\t\t\t\t\t\t\t\t\t\t\t\t<\/div>\n\t\t\t\t\t<\/div>\n\t\t<\/div>\n\t\t\t\t\t<\/div>\n\t\t<\/section>\n\t\t\t\t<section class=\"elementor-section elementor-top-section elementor-element elementor-element-29fb8578 elementor-section-height-min-height elementor-section-stretched elementor-section-full_width elementor-section-items-stretch elementor-section-height-default elementor-section-column-vertical-align-stretch\" data-id=\"29fb8578\" data-element_type=\"section\" data-e-type=\"section\" data-settings=\"{&quot;stretch_section&quot;:&quot;section-stretched&quot;}\">\n\t\t\t\t\t\t<div class=\"elementor-container elementor-column-gap-no\">\n\t\t\t\t\t<div class=\"elementor-column elementor-col-50 elementor-top-column elementor-element elementor-element-40ac270b\" data-id=\"40ac270b\" data-element_type=\"column\" data-e-type=\"column\">\n\t\t\t<div class=\"elementor-widget-wrap elementor-element-populated\">\n\t\t\t\t\t\t<div class=\"elementor-element elementor-element-20872773 elementor-widget__width-initial elementor-widget-mobile__width-inherit elementor-invisible nuss-elementor-loading nuss-slide-in-right elementor-widget elementor-widget-image\" data-id=\"20872773\" data-element_type=\"widget\" data-e-type=\"widget\" data-settings=\"{&quot;_animation&quot;:&quot;nussSlideInRight&quot;}\" data-widget_type=\"image.default\">\n\t\t\t\t\t\t\t\t\t\t\t\t\t\t\t<img decoding=\"async\" width=\"1280\" height=\"853\" src=\"https:\/\/grandbayhotelzhuhai.com\/wp-content\/uploads\/2026\/02\/grandbayhotelzhuhai-52.webp\" class=\"attachment-full size-full wp-image-5598\" alt=\"\" srcset=\"https:\/\/grandbayhotelzhuhai.com\/wp-content\/uploads\/2026\/02\/grandbayhotelzhuhai-52.webp 1280w, https:\/\/grandbayhotelzhuhai.com\/wp-content\/uploads\/2026\/02\/grandbayhotelzhuhai-52-300x200.webp 300w, https:\/\/grandbayhotelzhuhai.com\/wp-content\/uploads\/2026\/02\/grandbayhotelzhuhai-52-1024x682.webp 1024w, https:\/\/grandbayhotelzhuhai.com\/wp-content\/uploads\/2026\/02\/grandbayhotelzhuhai-52-768x512.webp 768w\" sizes=\"(max-width: 1280px) 100vw, 1280px\" \/>\t\t\t\t\t\t\t\t\t\t\t\t\t\t\t<\/div>\n\t\t\t\t\t<\/div>\n\t\t<\/div>\n\t\t\t\t<div class=\"elementor-column elementor-col-50 elementor-top-column elementor-element elementor-element-2dac103\" data-id=\"2dac103\" data-element_type=\"column\" data-e-type=\"column\">\n\t\t\t<div class=\"elementor-widget-wrap elementor-element-populated\">\n\t\t\t\t\t\t<div class=\"elementor-element elementor-element-6f1b8966 elementor-invisible elementor-widget elementor-widget-text-editor\" data-id=\"6f1b8966\" data-element_type=\"widget\" data-e-type=\"widget\" data-settings=\"{&quot;_animation&quot;:&quot;nussFadeInUp&quot;}\" data-widget_type=\"text-editor.default\">\n\t\t\t\t\t\t\t\t\t<div class=\"qwen-markdown-paragraph\"><span class=\"qwen-markdown-text\" data-spm-anchor-id=\"a2ty_o01.29997173.0.i23.12275171rC1lFB\">Prahlerei <\/span><strong class=\"qwen-markdown-strong\"><span class=\"qwen-markdown-text\">316 durchdacht gestaltete G\u00e4stezimmer und Suiten<\/span><\/strong><span class=\"qwen-markdown-text\" data-spm-anchor-id=\"a2ty_o01.29997173.0.i22.12275171rC1lFB\">, Das Grand Bay Hotel vereint modernen Komfort mit Panoramablick \u2013 viele Zimmer verf\u00fcgen \u00fcber bodentiefe Fenster mit Blick auf das glitzernde S\u00fcdchinesische Meer, die \u00fcppige Phoenix-Bergkette oder die pulsierende Skyline der Stadt. G\u00e4ste genie\u00dfen erstklassige Annehmlichkeiten wie Highspeed-WLAN, Smart-TVs, ergonomische Arbeitsbereiche und exklusive Betten f\u00fcr einen erholsamen Aufenthalt. Familien sch\u00e4tzen den separaten Kinderspielbereich und die durchdachten, kinderfreundlichen Serviceleistungen, w\u00e4hrend Gesch\u00e4ftsreisende von zwei vielseitigen Banketts\u00e4len, einem voll ausgestatteten Businesscenter und reibungsloser Veranstaltungsorganisation profitieren.<\/span><\/div><div class=\"qwen-markdown-space\">\u00a0<\/div><div class=\"qwen-markdown-paragraph\"><span class=\"qwen-markdown-text\">Ein Essen im Grand Bay ist eine kulinarische Reise: das gefeierte <\/span><strong class=\"qwen-markdown-strong\"><span class=\"qwen-markdown-text\">Grand Elite Restaurant<\/span><\/strong><span class=\"qwen-markdown-text\"> serviert raffinierte kantonesische K\u00fcche mit Meeresfr\u00fcchten aus der Region und saisonalen Zutaten \u2013 und z\u00e4hlt damit zu den besten Restaurants in Zhuhai \u2013 w\u00e4hrend <\/span><strong class=\"qwen-markdown-strong\"><span class=\"qwen-markdown-text\">Caf\u00e9 Plus<\/span><\/strong><span class=\"qwen-markdown-text\"> Das Hotel verw\u00f6hnt seine G\u00e4ste mit abwechslungsreichen internationalen Buffets, einem ganzt\u00e4gigen Fr\u00fchst\u00fccksbuffet und \u00c0-la-carte-Gerichten. Die Lobbybar bietet mit handgemachten Cocktails und einer erfrischenden Meeresbrise ein stilvolles Ambiente, erg\u00e4nzt durch einen 24-Stunden-Zimmerservice.<\/span><\/div>\t\t\t\t\t\t\t\t<\/div>\n\t\t\t\t\t<\/div>\n\t\t<\/div>\n\t\t\t\t\t<\/div>\n\t\t<\/section>\n\t\t\t\t<section class=\"elementor-section elementor-top-section elementor-element elementor-element-0252104 elementor-section-height-min-height elementor-section-stretched elementor-section-full_width elementor-section-items-stretch elementor-section-height-default elementor-section-column-vertical-align-stretch\" data-id=\"0252104\" data-element_type=\"section\" data-e-type=\"section\" data-settings=\"{&quot;stretch_section&quot;:&quot;section-stretched&quot;}\">\n\t\t\t\t\t\t<div class=\"elementor-container elementor-column-gap-no\">\n\t\t\t\t\t<div class=\"elementor-column elementor-col-50 elementor-top-column elementor-element elementor-element-29e9d58\" data-id=\"29e9d58\" data-element_type=\"column\" data-e-type=\"column\">\n\t\t\t<div class=\"elementor-widget-wrap elementor-element-populated\">\n\t\t\t\t\t\t<div class=\"elementor-element elementor-element-ce539ab elementor-invisible elementor-widget elementor-widget-text-editor\" data-id=\"ce539ab\" data-element_type=\"widget\" data-e-type=\"widget\" data-settings=\"{&quot;_animation&quot;:&quot;nussFadeInUp&quot;}\" data-widget_type=\"text-editor.default\">\n\t\t\t\t\t\t\t\t\t<div class=\"qwen-markdown-paragraph\"><span class=\"qwen-markdown-text\" data-spm-anchor-id=\"a2ty_o01.29997173.0.i25.12275171rC1lFB\">Wellness und Komfort werden gleicherma\u00dfen gro\u00dfgeschrieben: Ein Au\u00dfenpool, ein Fitnesscenter, eine Sauna und Massageangebote vor Ort sorgen f\u00fcr Erholung, w\u00e4hrend ein Rund-um-die-Uhr-Service \u2013 darunter Express-Check-in\/-out, mehrsprachiges Personal, Flughafentransfer, Gep\u00e4ckaufbewahrung, chemische Reinigung und Concierge-Service \u2013 ein reibungsloses, individuelles Erlebnis garantiert.<\/span><\/div><div class=\"qwen-markdown-space\">\u00a0<\/div><div class=\"qwen-markdown-paragraph\"><span class=\"qwen-markdown-text\">Ob Sie gesch\u00e4ftlich, mit der Familie im Urlaub oder f\u00fcr einen romantischen Kurztrip unterwegs sind, <\/span><strong class=\"qwen-markdown-strong\"><span class=\"qwen-markdown-text\">Grand Bay Hotel Zhuhai<\/span><\/strong><span class=\"qwen-markdown-text\" data-spm-anchor-id=\"a2ty_o01.29997173.0.i24.12275171rC1lFB\"> bietet gehobene Gastfreundschaft, die auf Authentizit\u00e4t, einer vorteilhaften Lage und akribischer Liebe zum Detail basiert \u2013 und ist damit nicht nur ein Ort zum \u00dcbernachten, sondern ein unvergessliches Kapitel Ihres Abenteuers in der Greater Bay Area. <\/span><\/div><div class=\"qwen-markdown-space\">\u00a0<\/div><div class=\"qwen-markdown-paragraph\"><em><span class=\"qwen-markdown-text\">Entdecken Sie, warum Reisende das Grand Bay Hotel Zhuhai immer wieder als Top-Adresse f\u00fcr Komfort, Kulinarik und Konnektivit\u00e4t bewerten \u2013 buchen Sie noch heute Ihren unvergesslichen Aufenthalt.<\/span><\/em><\/div>\t\t\t\t\t\t\t\t<\/div>\n\t\t\t\t\t<\/div>\n\t\t<\/div>\n\t\t\t\t<div class=\"elementor-column elementor-col-50 elementor-top-column elementor-element elementor-element-f8759c8\" data-id=\"f8759c8\" data-element_type=\"column\" data-e-type=\"column\">\n\t\t\t<div class=\"elementor-widget-wrap elementor-element-populated\">\n\t\t\t\t\t\t<div class=\"elementor-element elementor-element-e186f2c elementor-widget__width-initial elementor-widget-mobile__width-inherit elementor-invisible nuss-elementor-loading nuss-slide-in-right elementor-widget elementor-widget-image\" data-id=\"e186f2c\" data-element_type=\"widget\" data-e-type=\"widget\" data-settings=\"{&quot;_animation&quot;:&quot;nussSlideInRight&quot;}\" data-widget_type=\"image.default\">\n\t\t\t\t\t\t\t\t\t\t\t\t\t\t\t<img decoding=\"async\" width=\"568\" height=\"853\" src=\"https:\/\/grandbayhotelzhuhai.com\/wp-content\/uploads\/2026\/02\/grandbayhotelzhuhai-84.webp\" class=\"attachment-full size-full wp-image-5630\" alt=\"\" srcset=\"https:\/\/grandbayhotelzhuhai.com\/wp-content\/uploads\/2026\/02\/grandbayhotelzhuhai-84.webp 568w, https:\/\/grandbayhotelzhuhai.com\/wp-content\/uploads\/2026\/02\/grandbayhotelzhuhai-84-200x300.webp 200w\" sizes=\"(max-width: 568px) 100vw, 568px\" \/>\t\t\t\t\t\t\t\t\t\t\t\t\t\t\t<\/div>\n\t\t\t\t\t<\/div>\n\t\t<\/div>\n\t\t\t\t\t<\/div>\n\t\t<\/section>\n\t\t\t\t<\/div>","protected":false},"excerpt":{"rendered":"<p>Grand Bay Hotel Zhuhai \u2013 Where Coastal Elegance Meets Urban Vitality in the Heart of the Greater Bay AreaNestled at No. 245 Shuiwan Road, Gongbei, Xiangzhou District, Zhuhai, Guangdong 519020, China, Grand Bay Hotel Zhuhai stands as a premier 4-star hospitality destination that masterfully bridges serene seaside charm with the dynamic energy of one of [&hellip;]<\/p>\n","protected":false},"author":1,"featured_media":0,"parent":0,"menu_order":0,"comment_status":"closed","ping_status":"closed","template":"","meta":{"footnotes":""},"class_list":["post-5266","page","type-page","status-publish","hentry","post-no-thumbnail"],"_links":{"self":[{"href":"https:\/\/grandbayhotelzhuhai.com\/de\/wp-json\/wp\/v2\/pages\/5266","targetHints":{"allow":["GET"]}}],"collection":[{"href":"https:\/\/grandbayhotelzhuhai.com\/de\/wp-json\/wp\/v2\/pages"}],"about":[{"href":"https:\/\/grandbayhotelzhuhai.com\/de\/wp-json\/wp\/v2\/types\/page"}],"author":[{"embeddable":true,"href":"https:\/\/grandbayhotelzhuhai.com\/de\/wp-json\/wp\/v2\/users\/1"}],"replies":[{"embeddable":true,"href":"https:\/\/grandbayhotelzhuhai.com\/de\/wp-json\/wp\/v2\/comments?post=5266"}],"version-history":[{"count":0,"href":"https:\/\/grandbayhotelzhuhai.com\/de\/wp-json\/wp\/v2\/pages\/5266\/revisions"}],"wp:attachment":[{"href":"https:\/\/grandbayhotelzhuhai.com\/de\/wp-json\/wp\/v2\/media?parent=5266"}],"curies":[{"name":"wp","href":"https:\/\/api.w.org\/{rel}","templated":true}]}}