{"id":612,"date":"2021-03-26T10:04:13","date_gmt":"2021-03-26T10:04:13","guid":{"rendered":"http:\/\/localhost\/nuss\/?page_id=612"},"modified":"2026-02-07T12:36:56","modified_gmt":"2026-02-07T12:36:56","slug":"restaurant","status":"publish","type":"page","link":"https:\/\/grandbayhotelzhuhai.com\/de\/restaurant\/","title":{"rendered":"Restaurant"},"content":{"rendered":"<div data-elementor-type=\"wp-page\" data-elementor-id=\"612\" class=\"elementor elementor-612\">\n\t\t\t\t\t\t<section class=\"elementor-section elementor-top-section elementor-element elementor-element-e2effe8 elementor-section-boxed elementor-section-gap-beside-yes elementor-section-height-default elementor-section-height-default elementor-section-column-vertical-align-stretch\" data-id=\"e2effe8\" data-element_type=\"section\" data-e-type=\"section\">\n\t\t\t\t\t\t<div class=\"elementor-container elementor-column-gap-extended\">\n\t\t\t\t\t<div class=\"elementor-column elementor-col-100 elementor-top-column elementor-element elementor-element-e18f688\" data-id=\"e18f688\" data-element_type=\"column\" data-e-type=\"column\">\n\t\t\t<div class=\"elementor-widget-wrap elementor-element-populated\">\n\t\t\t\t\t\t<div class=\"elementor-element elementor-element-6db146d elementor-widget__width-initial elementor-invisible elementor-widget elementor-widget-text-editor\" data-id=\"6db146d\" data-element_type=\"widget\" data-e-type=\"widget\" data-settings=\"{&quot;_animation&quot;:&quot;nussFadeInUp&quot;}\" data-widget_type=\"text-editor.default\">\n\t\t\t\t\t\t\t\t\t<div class=\"qwen-markdown-paragraph\"><strong class=\"qwen-markdown-strong\"><span class=\"qwen-markdown-text\" data-spm-anchor-id=\"a2ty_o01.29997173.0.i36.12275171tzaKTt\">Restaurants im Grand Bay Hotel Zhuhai: Wo lingnan-Kultur auf K\u00fcstenk\u00fcche trifft \u2013 Eine 5-Sterne-Kulinarikreise am Rande des Perlflussdeltas<\/span><\/strong><\/div>\t\t\t\t\t\t\t\t<\/div>\n\t\t\t\t\t<\/div>\n\t\t<\/div>\n\t\t\t\t\t<\/div>\n\t\t<\/section>\n\t\t<div class=\"elementor-element elementor-element-46fa439 e-flex e-con-boxed e-con e-parent\" data-id=\"46fa439\" data-element_type=\"container\" data-e-type=\"container\">\n\t\t\t\t\t<div class=\"e-con-inner\">\n\t\t\t\t<div class=\"elementor-element elementor-element-a9f9a38 elementor-widget elementor-widget-nuss-image-gallery\" data-id=\"a9f9a38\" data-element_type=\"widget\" data-e-type=\"widget\" data-widget_type=\"nuss-image-gallery.default\">\n\t\t\t\t<div class=\"elementor-widget-container\">\n\t\t\t\t\t\t\t<div class=\"nuss-grid-wrapper\" data-grid=\"{&quot;type&quot;:&quot;grid&quot;,&quot;ratio&quot;:null,&quot;columns&quot;:3,&quot;gutter&quot;:30}\">\r\n\t\t\t<div class=\"nuss-grid lazy-grid\">\r\n\t\t\t\t<div class=\"grid-sizer\"><\/div>\r\n\r\n\t\t\t\t\t\t\t\t\t\t\t\t<div class=\"grid-item\">\r\n\t\t\t\t\t\t<div class=\"nuss-box\">\t\t<div class=\"nuss-image image\">\r\n\t\t\t<img decoding=\"async\"  src=\"https:\/\/grandbayhotelzhuhai.com\/wp-content\/uploads\/2026\/02\/grandbayhotelzhuhai-137.webp\" alt=\"Grand Bay Hotel Zhuhai (137)\" \/>\t\t<\/div>\r\n\t\t\t\t<\/div>\t\t\t\t\t<\/div>\r\n\t\t\t\t\t\t<div class=\"grid-item\">\r\n\t\t\t\t\t\t<div class=\"nuss-box\">\t\t<div class=\"nuss-image image\">\r\n\t\t\t<img decoding=\"async\"  src=\"https:\/\/grandbayhotelzhuhai.com\/wp-content\/uploads\/2026\/02\/grandbayhotelzhuhai-130.webp\" alt=\"grandbayhotelzhuhai (130)\" \/>\t\t<\/div>\r\n\t\t\t\t<\/div>\t\t\t\t\t<\/div>\r\n\t\t\t\t\t\t<div class=\"grid-item\">\r\n\t\t\t\t\t\t<div class=\"nuss-box\">\t\t<div class=\"nuss-image image\">\r\n\t\t\t<img decoding=\"async\"  src=\"https:\/\/grandbayhotelzhuhai.com\/wp-content\/uploads\/2026\/02\/grandbayhotelzhuhai-122.webp\" alt=\"Grand Bay Hotel Zhuhai (122)\" \/>\t\t<\/div>\r\n\t\t\t\t<\/div>\t\t\t\t\t<\/div>\r\n\t\t\t\t\t\t<div class=\"grid-item\">\r\n\t\t\t\t\t\t<div class=\"nuss-box\">\t\t<div class=\"nuss-image image\">\r\n\t\t\t<img decoding=\"async\"  src=\"https:\/\/grandbayhotelzhuhai.com\/wp-content\/uploads\/2026\/02\/grandbayhotelzhuhai-112.webp\" alt=\"Grand Bay Hotel Zhuhai (112)\" \/>\t\t<\/div>\r\n\t\t\t\t<\/div>\t\t\t\t\t<\/div>\r\n\t\t\t\t\t\t<div class=\"grid-item\">\r\n\t\t\t\t\t\t<div class=\"nuss-box\">\t\t<div class=\"nuss-image image\">\r\n\t\t\t<img decoding=\"async\"  src=\"https:\/\/grandbayhotelzhuhai.com\/wp-content\/uploads\/2026\/02\/grandbayhotelzhuhai-110.webp\" alt=\"grandbayhotelzhuhai (110)\" \/>\t\t<\/div>\r\n\t\t\t\t<\/div>\t\t\t\t\t<\/div>\r\n\t\t\t\t\t\t<div class=\"grid-item\">\r\n\t\t\t\t\t\t<div class=\"nuss-box\">\t\t<div class=\"nuss-image image\">\r\n\t\t\t<img decoding=\"async\"  src=\"https:\/\/grandbayhotelzhuhai.com\/wp-content\/uploads\/2026\/02\/grandbayhotelzhuhai-104.webp\" alt=\"Grand Bay Hotel Zhuhai (104)\" \/>\t\t<\/div>\r\n\t\t\t\t<\/div>\t\t\t\t\t<\/div>\r\n\t\t\t\t\t\t<div class=\"grid-item\">\r\n\t\t\t\t\t\t<div class=\"nuss-box\">\t\t<div class=\"nuss-image image\">\r\n\t\t\t<img decoding=\"async\"  src=\"https:\/\/grandbayhotelzhuhai.com\/wp-content\/uploads\/2026\/02\/grandbayhotelzhuhai-99.webp\" alt=\"Grand Bay Hotel Zhuhai (99)\" \/>\t\t<\/div>\r\n\t\t\t\t<\/div>\t\t\t\t\t<\/div>\r\n\t\t\t\t\t\t<div class=\"grid-item\">\r\n\t\t\t\t\t\t<div class=\"nuss-box\">\t\t<div class=\"nuss-image image\">\r\n\t\t\t<img decoding=\"async\"  src=\"https:\/\/grandbayhotelzhuhai.com\/wp-content\/uploads\/2026\/02\/grandbayhotelzhuhai-98.webp\" alt=\"Grand Bay Hotel Zhuhai (98)\" \/>\t\t<\/div>\r\n\t\t\t\t<\/div>\t\t\t\t\t<\/div>\r\n\t\t\t\t\t\t\t\r\n\t\t\t<\/div>\r\n\t\t<\/div>\r\n\t\t\t\t\t\t<\/div>\n\t\t\t\t<\/div>\n\t\t\t\t\t<\/div>\n\t\t\t\t<\/div>\n\t\t<div class=\"elementor-element elementor-element-9674db4 e-flex e-con-boxed e-con e-parent\" data-id=\"9674db4\" data-element_type=\"container\" data-e-type=\"container\">\n\t\t\t\t\t<div class=\"e-con-inner\">\n\t\t\t\t<div class=\"elementor-element elementor-element-5fd0080 elementor-widget elementor-widget-text-editor\" data-id=\"5fd0080\" data-element_type=\"widget\" data-e-type=\"widget\" data-widget_type=\"text-editor.default\">\n\t\t\t\t\t\t\t\t\t<div class=\"qwen-markdown-paragraph\"><span class=\"qwen-markdown-text\">Eingebettet in <\/span><strong class=\"qwen-markdown-strong\"><span class=\"qwen-markdown-text\">Nr. 245 Shuiwan Road, Gongbei, Bezirk Xiangzhou, Zhuhai, Guangdong 519020, China<\/span><\/strong><span class=\"qwen-markdown-text\">, das kulinarische Erlebnis bei <\/span><em><span class=\"qwen-markdown-text\">Grand Bay Hotel Zhuhai<\/span><\/em><span class=\"qwen-markdown-text\"> geht \u00fcber blo\u00dfe Nahrungsaufnahme hinaus \u2013 es ist eine sorgf\u00e4ltig zusammengestellte Feier von <\/span><strong class=\"qwen-markdown-strong\"><span class=\"qwen-markdown-text\">Kantonesische Seele, maritime Frische und moderne Kunstfertigkeit<\/span><\/strong><span class=\"qwen-markdown-text\">, Das alles vor der Kulisse einer der dynamischsten K\u00fcstenst\u00e4dte Chinas. Das Hotel besticht durch seine au\u00dfergew\u00f6hnliche Ausstattung. <\/span><strong class=\"qwen-markdown-strong\"><span class=\"qwen-markdown-text\">9,5\/10 Punkte von \u00fcber 8.160 verifizierten G\u00e4sten<\/span><\/strong><span class=\"qwen-markdown-text\"> (Trip.com), seine Restaurants\u2014<\/span><strong class=\"qwen-markdown-strong\"><span class=\"qwen-markdown-text\">Grand Elite Restaurant<\/span><\/strong><span class=\"qwen-markdown-text\"> Und <\/span><strong class=\"qwen-markdown-strong\"><span class=\"qwen-markdown-text\">Caf\u00e9 Plus<\/span><\/strong><span class=\"qwen-markdown-text\">\u2014sie gelten als S\u00e4ulen der Renaissance der gehobenen Gastronomie in Zhuhai und werden immer wieder f\u00fcr ihre Authentizit\u00e4t, Vielfalt und makellose Ausf\u00fchrung gelobt.<\/span><\/div><div class=\"qwen-markdown-space\">\u00a0<\/div><h3 class=\"qwen-markdown-heading\"><span class=\"qwen-markdown-text\">\ud83c\udf0a <\/span><em><span class=\"qwen-markdown-text\">Grand Elite Restaurant<\/span><\/em><span class=\"qwen-markdown-text\">Das Herzst\u00fcck authentischer kantonesischer Exzellenz<\/span><\/h3><div class=\"qwen-markdown-paragraph\"><span class=\"qwen-markdown-text\">Von den G\u00e4sten gefeiert als <\/span><em><span class=\"qwen-markdown-text\">\u201ceines der besten Restaurants in Zhuhai\u201d<\/span><\/em><span class=\"qwen-markdown-text\">, Das Grand Elite ist nicht nur ein Hotelrestaurant \u2013 es ist ein Reiseziel f\u00fcr sich. Hier wird Tradition gepflegt, ohne in Stillstand zu geraten: Meisterk\u00f6che, die in Guangdongs K\u00fcche ausgebildet wurden <\/span><em><span class=\"qwen-markdown-text\">Lingnan-K\u00fcche<\/span><\/em><span class=\"qwen-markdown-text\"> Die Gerichte vereinen jahrhundertealte Techniken mit saisonalen Innovationen. Zu den besonderen Highlights geh\u00f6ren:<\/span><\/div><ul class=\"qwen-markdown-list\" dir=\"auto\"><li><strong class=\"qwen-markdown-strong\"><span class=\"qwen-markdown-text\">Ged\u00e4mpfter Wolfsbarsch mit Ingwer-Fr\u00fchlingszwiebel-\u00d6l<\/span><\/strong><span class=\"qwen-markdown-text\">\u2014t\u00e4glich frisch von lokalen Fischern im S\u00fcdchinesischen Meer bezogen und unmittelbar nach dem Fang serviert.<\/span><\/li><li><strong class=\"qwen-markdown-strong\"><span class=\"qwen-markdown-text\">Geschmorte Abalone mit Austernsauce und Shaoxing-Wein<\/span><\/strong><span class=\"qwen-markdown-text\">\u2014langsam gegart \u00fcber 4 Stunden nach altbew\u00e4hrten Rezepten <\/span><em><span class=\"qwen-markdown-text\">dun<\/span><\/em><span class=\"qwen-markdown-text\"> (Dampf- und Schmorverfahren).<\/span><\/li><li><strong class=\"qwen-markdown-strong\"><span class=\"qwen-markdown-text\">Handgefertigt <\/span><em><span class=\"qwen-markdown-text\">Xiaolongbao<\/span><\/em><span class=\"qwen-markdown-text\"> mit Krabbenrogen und Schweinefleisch<\/span><\/strong><span class=\"qwen-markdown-text\">\u2014eine feine Verschmelzung von Jiangnan-Einfl\u00fcssen und kantonesischer Pr\u00e4zision.<\/span><\/li><\/ul><div class=\"qwen-markdown-space\">\u00a0<\/div><div class=\"qwen-markdown-paragraph\"><span class=\"qwen-markdown-text\">Das elegante Interieur des Restaurants \u2013 mit handbemalten Keramikpaneelen, die \u2026 darstellen <\/span><em><span class=\"qwen-markdown-text\">Guan&#039;ao-Plattform<\/span><\/em><span class=\"qwen-markdown-text\"> Sonnenaufg\u00e4nge und ma\u00dfgefertigte Palisanderm\u00f6bel schaffen eine Atmosph\u00e4re von raffinierter Intimit\u00e4t, ideal f\u00fcr Gesch\u00e4ftsessen, Jubil\u00e4umsfeiern oder entspannte Momente. Das Grand Elite ist mittags und abends ge\u00f6ffnet und bietet zudem private Speiser\u00e4ume (f\u00fcr 6\u201320 Personen) mit pers\u00f6nlichem Service \u2013 eine Seltenheit in der Gastronomieszene von Zhuhai.<\/span><\/div><div class=\"qwen-markdown-space\">\u00a0<\/div><h3 class=\"qwen-markdown-heading\"><span class=\"qwen-markdown-text\">\u2615 <\/span><em><span class=\"qwen-markdown-text\">Caf\u00e9 Plus<\/span><\/em><span class=\"qwen-markdown-text\">Ganzt\u00e4giges globales Flair mit lokalem Charme<\/span><\/h3><div class=\"qwen-markdown-paragraph\"><span class=\"qwen-markdown-text\">F\u00fcr Reisende, die eine lebendige Vielfalt suchen, <\/span><em><span class=\"qwen-markdown-text\">Caf\u00e9 Plus<\/span><\/em><span class=\"qwen-markdown-text\"> bietet ein dynamisches internationales Buffet-Erlebnis \u2013 von den G\u00e4sten als \u201chervorragend\u201d bewertet f\u00fcr seine <\/span><strong class=\"qwen-markdown-strong\"><span class=\"qwen-markdown-text\">Frische, Vielfalt und Pr\u00e4sentation<\/span><\/strong><span class=\"qwen-markdown-text\">. Von morgens bis abends werden in der offenen K\u00fcche Live-Kochstationen pr\u00e4sentiert:<\/span><\/div><ul class=\"qwen-markdown-list\" dir=\"auto\"><li><strong class=\"qwen-markdown-strong\"><span class=\"qwen-markdown-text\">Fr\u00fchst\u00fcck<\/span><\/strong><span class=\"qwen-markdown-text\">Eine harmonische Mischung aus westlichen Klassikern (Omelett-Bar, handwerklich hergestelltes Geb\u00e4ck) und chinesischen Grundnahrungsmitteln (<\/span><em><span class=\"qwen-markdown-text\">Zhaliang<\/span><\/em><span class=\"qwen-markdown-text\">, <\/span><em><span class=\"qwen-markdown-text\">Reisbrei<\/span><\/em><span class=\"qwen-markdown-text\">, <\/span><em><span class=\"qwen-markdown-text\">Dim Sum<\/span><\/em><span class=\"qwen-markdown-text\"> Tabletts) \u2013 alles st\u00fcndlich frisch zubereitet.<\/span><\/li><li><strong class=\"qwen-markdown-strong\"><span class=\"qwen-markdown-text\">Mittags- und Abendbuffet<\/span><\/strong><span class=\"qwen-markdown-text\">Wechselnde Themen\u2014<\/span><em><span class=\"qwen-markdown-text\">Meeresfr\u00fcchte-Extravaganz<\/span><\/em><span class=\"qwen-markdown-text\"> (mit Zhuhai-Austern, Jakobsmuscheln und geflecktem Zackenbarsch), <\/span><em><span class=\"qwen-markdown-text\">Lingnan Street Food Corner<\/span><\/em><span class=\"qwen-markdown-text\"> (mit <\/span><em><span class=\"qwen-markdown-text\">Geschmorte Ente nach Chaozhou-Art<\/span><\/em><span class=\"qwen-markdown-text\">, <\/span><em><span class=\"qwen-markdown-text\">Wonton-Nudeln<\/span><\/em><span class=\"qwen-markdown-text\">, Und <\/span><em><span class=\"qwen-markdown-text\">S\u00fc\u00dfkartoffel-Taro-Paste<\/span><\/em><span class=\"qwen-markdown-text\">), Und <\/span><em><span class=\"qwen-markdown-text\">Global Bites<\/span><\/em><span class=\"qwen-markdown-text\"> (Japanisches Sushi, italienische Pasta, indische Currys).<\/span><\/li><li><strong class=\"qwen-markdown-strong\"><span class=\"qwen-markdown-text\">Dessertgalerie<\/span><\/strong><span class=\"qwen-markdown-text\">Hausgemacht <\/span><em><span class=\"qwen-markdown-text\">Mango-Pomelo-Sago<\/span><\/em><span class=\"qwen-markdown-text\">, <\/span><em><span class=\"qwen-markdown-text\">Tofu-Pudding mit schwarzem Sesam<\/span><\/em><span class=\"qwen-markdown-text\">, und europ\u00e4ische Konditoreien \u2013 alle glutenfreien und veganen Optionen sind deutlich gekennzeichnet.<\/span><\/li><\/ul><div class=\"qwen-markdown-space\">\u00a0<\/div><div class=\"qwen-markdown-paragraph\"><span class=\"qwen-markdown-text\">Die G\u00e4ste loben insbesondere die <\/span><strong class=\"qwen-markdown-strong\"><span class=\"qwen-markdown-text\">24-Stunden-Zimmerservice-Men\u00fc<\/span><\/strong><span class=\"qwen-markdown-text\">, wodurch die kulinarische Exzellenz von Caf\u00e9 Plus bis in die Privatsph\u00e4re der G\u00e4stezimmer erweitert wird \u2013 inklusive temperaturkontrollierter Lieferung und zweisprachiger Bestellunterst\u00fctzung.<\/span><\/div><div class=\"qwen-markdown-space\">\u00a0<\/div><h3 class=\"qwen-markdown-heading\"><span class=\"qwen-markdown-text\">\ud83c\udf77 <\/span><em><span class=\"qwen-markdown-text\">Lobbybar<\/span><\/em><span class=\"qwen-markdown-text\">Wo Meeresbrisen auf kunstvoll gestaltete Momente treffen<\/span><\/h3><div class=\"qwen-markdown-paragraph\"><span class=\"qwen-markdown-text\">Direkt neben dem sonnendurchfluteten Atrium des Hotels gelegen, ist die Lobby Bar Zhuhais bestgeh\u00fctetes Geheimnis f\u00fcr stilvolle Entspannung. Tags\u00fcber werden hier erlesene Teesorten und leichte Snacks serviert; abends verwandelt sie sich in eine Cocktailbar mit folgendem Angebot:<\/span><\/div><ul class=\"qwen-markdown-list\" dir=\"auto\"><li><strong class=\"qwen-markdown-strong\"><span class=\"qwen-markdown-text\">Signature \u201cBay Breeze\u201d<\/span><\/strong><span class=\"qwen-markdown-text\">Ein House-inspiriertes <\/span><em><span class=\"qwen-markdown-text\">Shaoxing-Wein<\/span><\/em><span class=\"qwen-markdown-text\"> Martini mit Litschi, Kumquat und Meersalzrand \u2013 inspiriert vom K\u00fcsten-Terroir von Zhuhai.<\/span><\/li><li><strong class=\"qwen-markdown-strong\"><span class=\"qwen-markdown-text\">Kombinationen mit lokalem Kunsthandwerk<\/span><\/strong><span class=\"qwen-markdown-text\">: Monatlich wechselnde Auswahlen von Guangdong-Mikrobrauereien und Fujian-Oolongs, zusammengestellt von unserem Sommelier.<\/span><\/li><li><strong class=\"qwen-markdown-strong\"><span class=\"qwen-markdown-text\">Live-Akustikabende<\/span><\/strong><span class=\"qwen-markdown-text\"> (Do.\u2013Sa.), wo G\u00e4ste unter Lichterketten ihren Drink genie\u00dfen und dabei den Blick auf das glitzernde Meer schweifen lassen \u2013 ein wahrhaftiges Erlebnis. <\/span><em><span class=\"qwen-markdown-text\">vom Meer umwehte Atmosph\u00e4re<\/span><\/em><span class=\"qwen-markdown-text\">.<\/span><\/li><\/ul><div class=\"qwen-markdown-space\">\u00a0<\/div><h3 class=\"qwen-markdown-heading\"><span class=\"qwen-markdown-text\">\ud83c\udf3f Nachhaltigkeit &amp; Beschaffung: Verwurzelt in Verantwortung<\/span><\/h3><div class=\"qwen-markdown-paragraph\"><span class=\"qwen-markdown-text\">Wahrer Luxus, so glauben wir, beginnt mit Integrit\u00e4t. \u00dcber 701 Tonnen unserer Meeresfr\u00fcchte und Produkte stammen aus regionalen Quellen. <\/span><strong class=\"qwen-markdown-strong\"><span class=\"qwen-markdown-text\">50 km von Zhuhai<\/span><\/strong><span class=\"qwen-markdown-text\">, in direkter Partnerschaft mit:<\/span><\/div><ul class=\"qwen-markdown-list\" dir=\"auto\"><li><strong class=\"qwen-markdown-strong\"><span class=\"qwen-markdown-text\">Fischereigenossenschaften in der Jiuzhou-Bucht<\/span><\/strong><span class=\"qwen-markdown-text\"> (f\u00fcr r\u00fcckverfolgbare, mit der Angel gefangene Fische),<\/span><\/li><li><strong class=\"qwen-markdown-strong\"><span class=\"qwen-markdown-text\">Bio-Bauernh\u00f6fe in Xiangzhou<\/span><\/strong><span class=\"qwen-markdown-text\"> (f\u00fcr Gem\u00fcse, Kr\u00e4uter und Reis),<\/span><\/li><li><strong class=\"qwen-markdown-strong\"><span class=\"qwen-markdown-text\">Macau Traditionsb\u00e4ckereien<\/span><\/strong><span class=\"qwen-markdown-text\"> (f\u00fcr traditionelle <\/span><em><span class=\"qwen-markdown-text\">Mandelpl\u00e4tzchen<\/span><\/em><span class=\"qwen-markdown-text\"> Und <\/span><em><span class=\"qwen-markdown-text\">Eierkuchen<\/span><\/em><span class=\"qwen-markdown-text\"> (wird in Desserts verwendet).<\/span><\/li><\/ul><div class=\"qwen-markdown-space\">\u00a0<\/div><div class=\"qwen-markdown-paragraph\"><span class=\"qwen-markdown-text\">Unsere Zero-Waste-Initiative umfasst das Kompostieren von K\u00fcchenabf\u00e4llen, das Upcycling von Zitrusschalen zu Bargarnituren und das Spenden von \u00fcbersch\u00fcssigen Lebensmitteln an lokale Wohlt\u00e4tigkeitsorganisationen \u2013 wof\u00fcr wir von der Zhuhai Green Hospitality Alliance Anerkennung erhalten haben.<\/span><\/div><div class=\"qwen-markdown-space\">\u00a0<\/div><h3 class=\"qwen-markdown-heading\"><span class=\"qwen-markdown-text\">\u2705 Warum Reisende unsere Restaurants zu den besten in Zhuhai z\u00e4hlen<\/span><\/h3><div class=\"qwen-markdown-paragraph\"><span class=\"qwen-markdown-text\">Suchbegriffe wie <\/span><em><span class=\"qwen-markdown-text\">\u201cBestes kantonesisches Restaurant in Zhuhai nahe der Grenze zu Macau\u201d<\/span><\/em><span class=\"qwen-markdown-text\">, <\/span><em><span class=\"qwen-markdown-text\">\u201c5-Sterne-Hotel mit Fr\u00fchst\u00fccksbuffet in Zhuhai\u201d<\/span><\/em><span class=\"qwen-markdown-text\">, oder <\/span><em><span class=\"qwen-markdown-text\">\u201cHaustierfreundliches Hotel mit exzellenter Gastronomie\u201d<\/span><\/em><span class=\"qwen-markdown-text\"> Sie locken Reisende immer wieder nach Grand Bay \u2013 nicht aufgrund von Werbung, sondern weil echte G\u00e4ste immer wieder Folgendes nennen:<\/span><\/div><blockquote class=\"qwen-markdown-blockquote\"><div class=\"qwen-markdown-paragraph\"><em><span class=\"qwen-markdown-text\">\u201cDer ged\u00e4mpfte Fisch schmeckte, als w\u00e4re er erst am Morgen gefangen worden \u2013 und die Angestellten erinnerten sich an meine Ern\u00e4hrungseinschr\u00e4nkung vom letzten Jahr.\u201d<\/span><\/em><br \/><em><span class=\"qwen-markdown-text\">\u201cIch habe in Hongkong in Michelin-Sternerestaurants gegessen, aber das Grand Elite\u2026\u201c <\/span><span class=\"qwen-markdown-text\">Geschmorte Gans<\/span><span class=\"qwen-markdown-text\"> Sie konnten mit ihnen mithalten \u2013 ohne den Preis.\u201d<\/span><\/em><br \/><em><span class=\"qwen-markdown-text\">\u201cDas Kinderbuffet hatte <\/span><span class=\"qwen-markdown-text\">jianbing<\/span><span class=\"qwen-markdown-text\"> und Mini <\/span><span class=\"qwen-markdown-text\">Baozi<\/span><span class=\"qwen-markdown-text\">\u2014Sie f\u00fchlten sich einbezogen, nicht wie ein nachtr\u00e4glicher Gedanke.\u201d<\/span><\/em><\/div><\/blockquote><div class=\"qwen-markdown-space\">\u00a0<\/div><div class=\"qwen-markdown-paragraph\"><span class=\"qwen-markdown-text\">Mit <\/span><strong class=\"qwen-markdown-strong\"><span class=\"qwen-markdown-text\">24-Stunden-Zimmerservice, mehrsprachige Speisekarten, allergikerfreundliche Zubereitung und nahtlose Integration in die haustierfreundliche Politik des Hotels.<\/span><\/strong><span class=\"qwen-markdown-text\">, Unsere Philosophie des Essens ist einfach, aber tiefgr\u00fcndig: <\/span><em><span class=\"qwen-markdown-text\">Jede Mahlzeit sollte sich wie eine Heimkehr anf\u00fchlen \u2013 auch wenn man noch nie zuvor hier war.<\/span><\/em><\/div><div class=\"qwen-markdown-space\">\u00a0<\/div><div class=\"qwen-markdown-paragraph\"><span class=\"qwen-markdown-text\">Betritt man die Restaurants des Grand Bay Hotel Zhuhai, so isst man nicht einfach nur \u2013 man taucht ein in die Geschichte einer Stadt, in der Traditionen wie Gezeiten flie\u00dfen und jeder Bissen eine Geschichte von Ort, Menschen und Stolz erz\u00e4hlt.<\/span><\/div><div class=\"qwen-markdown-space\">\u00a0<\/div><div class=\"qwen-markdown-paragraph\" data-spm-anchor-id=\"a2ty_o01.29997173.0.i38.12275171tzaKTt\"><span class=\"qwen-markdown-text\">\ud83d\udccd <\/span><em><span class=\"qwen-markdown-text\">Entdecken Sie kulinarische H\u00f6hepunkte dort, wo der Perlfluss auf das Meer trifft \u2013 nur im Grand Bay Hotel Zhuhai.<\/span><\/em><\/div>\t\t\t\t\t\t\t\t<\/div>\n\t\t\t\t\t<\/div>\n\t\t\t\t<\/div>\n\t\t\t\t<\/div>","protected":false},"excerpt":{"rendered":"<p>Grand Bay Hotel Zhuhai Restaurants: Where Lingnan Heritage Meets Coastal Gastronomy \u2014 A 5-Star Culinary Journey on the Pearl River Delta\u2019s Edge Nestled at No. 245 Shuiwan Road, Gongbei, Xiangzhou District, Zhuhai, Guangdong 519020, China, the dining experience at Grand Bay Hotel Zhuhai transcends mere sustenance\u2014it is a curated celebration of Cantonese soul, maritime freshness, [&hellip;]<\/p>\n","protected":false},"author":1,"featured_media":0,"parent":0,"menu_order":0,"comment_status":"closed","ping_status":"closed","template":"elementor_header_footer","meta":{"footnotes":""},"class_list":["post-612","page","type-page","status-publish","hentry","post-no-thumbnail"],"_links":{"self":[{"href":"https:\/\/grandbayhotelzhuhai.com\/de\/wp-json\/wp\/v2\/pages\/612","targetHints":{"allow":["GET"]}}],"collection":[{"href":"https:\/\/grandbayhotelzhuhai.com\/de\/wp-json\/wp\/v2\/pages"}],"about":[{"href":"https:\/\/grandbayhotelzhuhai.com\/de\/wp-json\/wp\/v2\/types\/page"}],"author":[{"embeddable":true,"href":"https:\/\/grandbayhotelzhuhai.com\/de\/wp-json\/wp\/v2\/users\/1"}],"replies":[{"embeddable":true,"href":"https:\/\/grandbayhotelzhuhai.com\/de\/wp-json\/wp\/v2\/comments?post=612"}],"version-history":[{"count":0,"href":"https:\/\/grandbayhotelzhuhai.com\/de\/wp-json\/wp\/v2\/pages\/612\/revisions"}],"wp:attachment":[{"href":"https:\/\/grandbayhotelzhuhai.com\/de\/wp-json\/wp\/v2\/media?parent=612"}],"curies":[{"name":"wp","href":"https:\/\/api.w.org\/{rel}","templated":true}]}}