{"id":2104,"date":"2021-03-23T09:33:48","date_gmt":"2021-03-23T09:33:48","guid":{"rendered":"http:\/\/localhost\/nuss\/?page_id=167"},"modified":"2026-02-07T12:22:22","modified_gmt":"2026-02-07T12:22:22","slug":"nuestra-historia","status":"publish","type":"page","link":"https:\/\/grandbayhotelzhuhai.com\/es\/nuestra-historia\/","title":{"rendered":"Nuestra historia"},"content":{"rendered":"<div data-elementor-type=\"wp-page\" data-elementor-id=\"2104\" class=\"elementor elementor-2104\">\n\t\t\t\t\t\t<section class=\"elementor-section elementor-top-section elementor-element elementor-element-8f5bb9d elementor-section-boxed elementor-section-gap-beside-yes elementor-section-height-default elementor-section-height-default elementor-section-column-vertical-align-stretch\" data-id=\"8f5bb9d\" data-element_type=\"section\" data-e-type=\"section\">\n\t\t\t\t\t\t<div class=\"elementor-container elementor-column-gap-extended\">\n\t\t\t\t\t<div class=\"elementor-column elementor-col-100 elementor-top-column elementor-element elementor-element-7ec4215\" data-id=\"7ec4215\" data-element_type=\"column\" data-e-type=\"column\">\n\t\t\t<div class=\"elementor-widget-wrap elementor-element-populated\">\n\t\t\t\t\t\t<div class=\"elementor-element elementor-element-edd9d03 elementor-widget__width-initial elementor-invisible elementor-widget elementor-widget-text-editor\" data-id=\"edd9d03\" data-element_type=\"widget\" data-e-type=\"widget\" data-settings=\"{&quot;_animation&quot;:&quot;nussFadeInUp&quot;}\" data-widget_type=\"text-editor.default\">\n\t\t\t\t\t\t\t\t\t<div class=\"qwen-markdown-paragraph\"><strong class=\"qwen-markdown-strong\"><span class=\"qwen-markdown-text\" data-spm-anchor-id=\"a2ty_o01.29997173.0.i32.12275171tzaKTt\">Nuestra historia: Donde el legado costero se fusiona con la hospitalidad moderna \u2014 The Grand Bay Hotel Zhuhai Chronicle<\/span><\/strong><\/div>\t\t\t\t\t\t\t\t<\/div>\n\t\t\t\t\t<\/div>\n\t\t<\/div>\n\t\t\t\t\t<\/div>\n\t\t<\/section>\n\t\t<div class=\"elementor-element elementor-element-d845f33 e-flex e-con-boxed e-con e-parent\" data-id=\"d845f33\" data-element_type=\"container\" data-e-type=\"container\">\n\t\t\t\t\t<div class=\"e-con-inner\">\n\t\t\t\t<div class=\"elementor-element elementor-element-6612467 elementor-widget elementor-widget-text-editor\" data-id=\"6612467\" data-element_type=\"widget\" data-e-type=\"widget\" data-widget_type=\"text-editor.default\">\n\t\t\t\t\t\t\t\t\t<div class=\"qwen-markdown-paragraph\" data-spm-anchor-id=\"a2ty_o01.29997173.0.i33.12275171tzaKTt\"><span class=\"qwen-markdown-text\">Ubicado a lo largo de la curva ba\u00f1ada por el sol de Shuiwan Road, en el vibrante distrito de Gongbei de Zhuhai, donde los ritmos de China continental se encuentran con el pulso de Macao al otro lado de la frontera,<\/span><em><span class=\"qwen-markdown-text\">Hotel Grand Bay Zhuhai<\/span><\/em><span class=\"qwen-markdown-text\"> Es m\u00e1s que un hotel. Es una narrativa viva de resiliencia, visi\u00f3n y profunda conexi\u00f3n con el lugar. Nuestra historia no comienza con una gran ceremonia de inauguraci\u00f3n, sino con una convicci\u00f3n silenciosa: que el verdadero lujo no reside solo en la opulencia, sino en... <\/span><em><span class=\"qwen-markdown-text\">presencia<\/span><\/em><span class=\"qwen-markdown-text\">\u2014en c\u00f3mo un espacio alberga la memoria, nutre la pertenencia y honra a las personas que pasan por sus puertas.<\/span><\/div><div class=\"qwen-markdown-space\">\u00a0<\/div><div class=\"qwen-markdown-paragraph\"><span class=\"qwen-markdown-text\">Fundada a principios de la d\u00e9cada del 2000, en medio de la transformaci\u00f3n de Zhuhai, de una tranquila ciudad costera a un din\u00e1mico centro del \u00c1rea de la Gran Bah\u00eda, Grand Bay surgi\u00f3 en un momento crucial del renacimiento costero de China. En una \u00e9poca en la que el r\u00e1pido desarrollo a menudo sacrificaba la esencia por la escala, nuestros fundadores eligieron un camino diferente: construir un santuario que respetara la identidad mar\u00edtima de Zhuhai: su herencia pesquera, sus paseos mar\u00edtimos con brisa, su armoniosa combinaci\u00f3n de tradici\u00f3n cantonesa y ambici\u00f3n moderna. El nombre... <\/span><em><span class=\"qwen-markdown-text\">\u201cGran Bah\u00eda\u201d<\/span><\/em><span class=\"qwen-markdown-text\"> fue elegido deliberadamente: <\/span><em><span class=\"qwen-markdown-text\">Magn\u00edfico<\/span><\/em><span class=\"qwen-markdown-text\"> por aspiraci\u00f3n, integridad y generosidad; <\/span><em><span class=\"qwen-markdown-text\">Bah\u00eda<\/span><\/em><span class=\"qwen-markdown-text\"> por el Mar de China Meridional que acuna nuestra ciudad, por las mareas de cambio que abrazamos y por el refugio que ofrecemos a los viajeros: un puerto tranquilo en un mundo en movimiento.<\/span><\/div><div class=\"qwen-markdown-space\">\u00a0<\/div><div class=\"qwen-markdown-paragraph\"><span class=\"qwen-markdown-text\">Desde el principio nos comprometimos con tres pilares que hoy permanecen inquebrantables:<\/span><\/div><div class=\"qwen-markdown-space\">\u00a0<\/div><div class=\"qwen-markdown-paragraph\"><span class=\"qwen-markdown-text\">\ud83d\udd39 <\/span><strong class=\"qwen-markdown-strong\"><span class=\"qwen-markdown-text\">Arraigado en el lugar<\/span><\/strong><br \/><span class=\"qwen-markdown-text\">Cada decisi\u00f3n de dise\u00f1o refleja el car\u00e1cter costero de Zhuhai: los interiores llenos de luz se hacen eco de paletas de conchas marinas; las texturas de piedra y bamb\u00fa de origen local honran la artesan\u00eda de Lingnan; incluso las obras de arte del vest\u00edbulo presentan piezas encargadas por artistas de Guangdong que representan <\/span><em><span class=\"qwen-markdown-text\">Plataforma Guan&#039;ao<\/span><\/em><span class=\"qwen-markdown-text\"> amaneceres y <\/span><em><span class=\"qwen-markdown-text\">NanBei FengWei MeiShiJie<\/span><\/em><span class=\"qwen-markdown-text\"> vida callejera. No importamos una &quot;plantilla de lujo&quot; gen\u00e9rica; co-creamos un hogar que <\/span><em><span class=\"qwen-markdown-text\">pertenece<\/span><\/em><span class=\"qwen-markdown-text\"> aqu\u00ed.<\/span><\/div><div class=\"qwen-markdown-space\">\u00a0<\/div><div class=\"qwen-markdown-paragraph\"><span class=\"qwen-markdown-text\">\ud83d\udd39 <\/span><strong class=\"qwen-markdown-strong\"><span class=\"qwen-markdown-text\">Hospitalidad centrada en el ser humano<\/span><\/strong><br \/><span class=\"qwen-markdown-text\">En la era de la automatizaci\u00f3n, apostamos por la humanidad. Nuestro personal de recepci\u00f3n est\u00e1 capacitado no solo en procedimientos, sino tambi\u00e9n en <\/span><em><span class=\"qwen-markdown-text\">reconocimiento<\/span><\/em><span class=\"qwen-markdown-text\">\u2014recordar la almohada preferida de un hu\u00e9sped, el nombre de un ni\u00f1o o c\u00f3mo le gusta el t\u00e9. Cuando una familia lleg\u00f3 con su perro mayor durante la temporada de tifones, nuestro equipo prepar\u00f3 una habitaci\u00f3n c\u00e1lida, les llev\u00f3 comida de un proveedor local y se qued\u00f3 hasta tarde para garantizar su comodidad. Ese momento \u2014imprevisto e improvisado\u2014 se convirti\u00f3 en parte de nuestra historia. Hoy, m\u00e1s del 92% de hu\u00e9spedes dicen sentirse &quot;realmente atendidos&quot;, no solo atendidos.<\/span><\/div><div class=\"qwen-markdown-space\">\u00a0<\/div><div class=\"qwen-markdown-paragraph\"><span class=\"qwen-markdown-text\">\ud83d\udd39 <\/span><strong class=\"qwen-markdown-strong\"><span class=\"qwen-markdown-text\">Excelencia Inclusiva<\/span><\/strong><br \/><span class=\"qwen-markdown-text\">En 2015 tomamos una decisi\u00f3n audaz: convertirnos en uno de los primeros de Zhuhai. <\/span><em><span class=\"qwen-markdown-text\">gratis<\/span><\/em><span class=\"qwen-markdown-text\"> Hoteles de 5 estrellas que admiten mascotas: una decisi\u00f3n que naci\u00f3 de la empat\u00eda, no del marketing. Para los viajeros con familiares, la exclusi\u00f3n no era una opci\u00f3n. Desde entonces, miles de gatos, perros e incluso algunos conejos bien educados han cruzado nuestra puerta, cada uno recibido con un kit de bienvenida personalizado. Esta pol\u00edtica, ahora ic\u00f3nica, simboliza nuestra convicci\u00f3n de que la hospitalidad debe expandirse, no contraerse, para abarcar todas las formas de amor y lealtad.<\/span><\/div><div class=\"qwen-markdown-space\">\u00a0<\/div><div class=\"qwen-markdown-paragraph\"><span class=\"qwen-markdown-text\">Nuestro viaje ha estado marcado por hitos silenciosos:<\/span><br \/><span class=\"qwen-markdown-text\">\u2192 En 2018, lanzamos <\/span><em><span class=\"qwen-markdown-text\">\u201cSabor de la Bah\u00eda\u201d<\/span><\/em><span class=\"qwen-markdown-text\">, una iniciativa culinaria que se asocia con pescadores y agricultores locales para obtener 70% de mariscos y productos agr\u00edcolas en un radio de 50 km, recibiendo elogios de chefs reconocidos por Michelin.<\/span><br \/><span class=\"qwen-markdown-text\">\u2192 En 2021, renovamos las 316 habitaciones con materiales sostenibles y sistemas de energ\u00eda inteligentes, reduciendo el consumo de agua en 28% y mejorando la comodidad de los hu\u00e9spedes.<\/span><br \/><span class=\"qwen-markdown-text\">\u2192 En 2023, inauguramos la <\/span><em><span class=\"qwen-markdown-text\">Sal\u00f3n del puerto<\/span><\/em><span class=\"qwen-markdown-text\">, un espacio comunitario donde hu\u00e9spedes, lugare\u00f1os y expatriados se re\u00fanen para noches de narraci\u00f3n de cuentos, ceremonias de t\u00e9 e intercambios de idiomas, difuminando la l\u00ednea entre hotel y centro cultural.<\/span><\/div><div class=\"qwen-markdown-space\">\u00a0<\/div><div class=\"qwen-markdown-paragraph\"><span class=\"qwen-markdown-text\">Hoy, con <\/span><strong class=\"qwen-markdown-strong\"><span class=\"qwen-markdown-text\">M\u00e1s de 8160 rese\u00f1as verificadas con una puntuaci\u00f3n media de 9,5\/10<\/span><\/strong><span class=\"qwen-markdown-text\">, El Grand Bay Hotel Zhuhai demuestra que la excelencia no es pasajera; se cultiva a diario, habitaci\u00f3n por habitaci\u00f3n, sonrisa tras sonrisa. Hemos organizado cenas de propuesta de matrimonio bajo la luz de las estrellas, cumbres empresariales en nuestros salones de banquetes con vistas al puente a Hong Kong y reuniones tranquilas de familias separadas por las fronteras y el tiempo.<\/span><\/div><div class=\"qwen-markdown-space\">\u00a0<\/div><div class=\"qwen-markdown-paragraph\"><span class=\"qwen-markdown-text\">Nuestra historia a\u00fan se est\u00e1 escribiendo, no en folletos, sino en las notas escritas a mano que se dejan en las mesas de noche, en las risas que resuenan en el Caf\u00e9 Plus al amanecer, en las huellas de patas en la alfombra del vest\u00edbulo y en la silenciosa gratitud en los ojos de los hu\u00e9spedes cuando regresan al mundo renovados.<\/span><\/div><div class=\"qwen-markdown-space\">\u00a0<\/div><div class=\"qwen-markdown-paragraph\"><span class=\"qwen-markdown-text\">No somos simplemente <\/span><em><span class=\"qwen-markdown-text\">in<\/span><\/em><span class=\"qwen-markdown-text\"> Zhuhai.<\/span><br \/><span class=\"qwen-markdown-text\">Somos <\/span><em><span class=\"qwen-markdown-text\">de<\/span><\/em><span class=\"qwen-markdown-text\"> Zhuhai.<\/span><br \/><span class=\"qwen-markdown-text\">Y cada hu\u00e9sped que cruza nuestras puertas se convierte en parte de nuestra historia continua, donde la bah\u00eda se encuentra con el coraz\u00f3n y la hospitalidad fluye tan libremente como la marea.<\/span><\/div><div class=\"qwen-markdown-space\">\u00a0<\/div><div class=\"qwen-markdown-paragraph\" data-spm-anchor-id=\"a2ty_o01.29997173.0.i35.12275171tzaKTt\"><em><span class=\"qwen-markdown-text\">Bienvenido a casa, a Grand Bay.<\/span><\/em><br \/><span class=\"qwen-markdown-text\">\ud83d\udccd No. 245 Shuiwan Road, Gongbei, distrito de Xiangzhou, Zhuhai, Guangdong 519020, China<\/span><\/div>\t\t\t\t\t\t\t\t<\/div>\n\t\t\t\t\t<\/div>\n\t\t\t\t<\/div>\n\t\t\t\t<\/div>","protected":false},"excerpt":{"rendered":"<p>Our Story: Where Coastal Legacy Meets Modern Hospitality \u2014 The Grand Bay Hotel Zhuhai ChronicleNestled along the sun-kissed curve of Shuiwan Road in Zhuhai\u2019s vibrant Gongbei district\u2014where the rhythms of mainland China meet the pulse of Macau across the border\u2014Grand Bay Hotel Zhuhai is more than a hotel. It is a living narrative of resilience, [&hellip;]<\/p>\n","protected":false},"author":1,"featured_media":0,"parent":0,"menu_order":0,"comment_status":"closed","ping_status":"closed","template":"elementor_header_footer","meta":{"footnotes":""},"class_list":["post-2104","page","type-page","status-publish","hentry","post-no-thumbnail"],"_links":{"self":[{"href":"https:\/\/grandbayhotelzhuhai.com\/es\/wp-json\/wp\/v2\/pages\/2104","targetHints":{"allow":["GET"]}}],"collection":[{"href":"https:\/\/grandbayhotelzhuhai.com\/es\/wp-json\/wp\/v2\/pages"}],"about":[{"href":"https:\/\/grandbayhotelzhuhai.com\/es\/wp-json\/wp\/v2\/types\/page"}],"author":[{"embeddable":true,"href":"https:\/\/grandbayhotelzhuhai.com\/es\/wp-json\/wp\/v2\/users\/1"}],"replies":[{"embeddable":true,"href":"https:\/\/grandbayhotelzhuhai.com\/es\/wp-json\/wp\/v2\/comments?post=2104"}],"version-history":[{"count":0,"href":"https:\/\/grandbayhotelzhuhai.com\/es\/wp-json\/wp\/v2\/pages\/2104\/revisions"}],"wp:attachment":[{"href":"https:\/\/grandbayhotelzhuhai.com\/es\/wp-json\/wp\/v2\/media?parent=2104"}],"curies":[{"name":"wp","href":"https:\/\/api.w.org\/{rel}","templated":true}]}}