{"id":2106,"date":"2021-03-25T04:08:26","date_gmt":"2021-03-25T04:08:26","guid":{"rendered":"http:\/\/localhost\/nuss\/?page_id=298"},"modified":"2026-02-07T12:17:44","modified_gmt":"2026-02-07T12:17:44","slug":"opiniones-del-grand-bay-hotel-zhuhai","status":"publish","type":"page","link":"https:\/\/grandbayhotelzhuhai.com\/es\/opiniones-del-grand-bay-hotel-zhuhai\/","title":{"rendered":"Opiniones del Grand Bay Hotel Zhuhai"},"content":{"rendered":"<div data-elementor-type=\"wp-page\" data-elementor-id=\"2106\" class=\"elementor elementor-2106\">\n\t\t\t\t\t\t<section class=\"elementor-section elementor-top-section elementor-element elementor-element-1954ffc elementor-section-boxed elementor-section-gap-beside-yes elementor-section-height-default elementor-section-height-default elementor-section-column-vertical-align-stretch\" data-id=\"1954ffc\" data-element_type=\"section\" data-e-type=\"section\">\n\t\t\t\t\t\t<div class=\"elementor-container elementor-column-gap-extended\">\n\t\t\t\t\t<div class=\"elementor-column elementor-col-100 elementor-top-column elementor-element elementor-element-86aebc5\" data-id=\"86aebc5\" data-element_type=\"column\" data-e-type=\"column\">\n\t\t\t<div class=\"elementor-widget-wrap elementor-element-populated\">\n\t\t\t\t\t\t<div class=\"elementor-element elementor-element-11803d1 elementor-widget__width-initial elementor-invisible elementor-widget elementor-widget-text-editor\" data-id=\"11803d1\" data-element_type=\"widget\" data-e-type=\"widget\" data-settings=\"{&quot;_animation&quot;:&quot;nussFadeInUp&quot;}\" data-widget_type=\"text-editor.default\">\n\t\t\t\t\t\t\t\t\t<div class=\"qwen-markdown-paragraph\" data-spm-anchor-id=\"a2ty_o01.29997173.0.i29.12275171tzaKTt\"><strong class=\"qwen-markdown-strong\"><span class=\"qwen-markdown-text\" data-spm-anchor-id=\"a2ty_o01.29997173.0.i1.12275171tzaKTt\">An\u00e1lisis en profundidad de las opiniones de los hu\u00e9spedes del Grand Bay Hotel Zhuhai: Por qu\u00e9 m\u00e1s de 8160 viajeros le otorgan una puntuaci\u00f3n estelar de 9,5\/10: un aut\u00e9ntico referente en la hospitalidad del Delta del R\u00edo de las Perlas.<\/span><\/strong><\/div>\t\t\t\t\t\t\t\t<\/div>\n\t\t\t\t\t<\/div>\n\t\t<\/div>\n\t\t\t\t\t<\/div>\n\t\t<\/section>\n\t\t<div class=\"elementor-element elementor-element-13ad57a e-flex e-con-boxed e-con e-parent\" data-id=\"13ad57a\" data-element_type=\"container\" data-e-type=\"container\">\n\t\t\t\t\t<div class=\"e-con-inner\">\n\t\t\t\t<div class=\"elementor-element elementor-element-067cde7 elementor-widget elementor-widget-image\" data-id=\"067cde7\" data-element_type=\"widget\" data-e-type=\"widget\" data-widget_type=\"image.default\">\n\t\t\t\t\t\t\t\t\t\t\t\t\t\t\t\t<a href=\"https:\/\/www.trip.com\/hotels\/zhuhai-hotel-detail-371212\/the-grand-bay-hotel-zhuhai\/?Allianceid=7451095&#038;SID=293429130&#038;trip_sub1=&#038;trip_sub3=D11603244\" target=\"_blank\" rel=\"noopener\">\n\t\t\t\t\t\t\t<img fetchpriority=\"high\" decoding=\"async\" width=\"1160\" height=\"995\" src=\"https:\/\/grandbayhotelzhuhai.com\/wp-content\/uploads\/2026\/02\/Grand-Bay-Hotel-Zhuhai\u73e0\u6d77\u6d77\u6e7e\u5927\u9152\u5e97-Zhuhai-Updated-Prices-Deals-Reviews.png\" class=\"attachment-full size-full wp-image-5794\" alt=\"\" srcset=\"https:\/\/grandbayhotelzhuhai.com\/wp-content\/uploads\/2026\/02\/Grand-Bay-Hotel-Zhuhai\u73e0\u6d77\u6d77\u6e7e\u5927\u9152\u5e97-Zhuhai-Updated-Prices-Deals-Reviews.png 1160w, https:\/\/grandbayhotelzhuhai.com\/wp-content\/uploads\/2026\/02\/Grand-Bay-Hotel-Zhuhai\u73e0\u6d77\u6d77\u6e7e\u5927\u9152\u5e97-Zhuhai-Updated-Prices-Deals-Reviews-300x257.png 300w, https:\/\/grandbayhotelzhuhai.com\/wp-content\/uploads\/2026\/02\/Grand-Bay-Hotel-Zhuhai\u73e0\u6d77\u6d77\u6e7e\u5927\u9152\u5e97-Zhuhai-Updated-Prices-Deals-Reviews-1024x878.png 1024w, https:\/\/grandbayhotelzhuhai.com\/wp-content\/uploads\/2026\/02\/Grand-Bay-Hotel-Zhuhai\u73e0\u6d77\u6d77\u6e7e\u5927\u9152\u5e97-Zhuhai-Updated-Prices-Deals-Reviews-768x659.png 768w\" sizes=\"(max-width: 1160px) 100vw, 1160px\" \/>\t\t\t\t\t\t\t\t<\/a>\n\t\t\t\t\t\t\t\t\t\t\t\t\t\t\t<\/div>\n\t\t\t\t\t<\/div>\n\t\t\t\t<\/div>\n\t\t<div class=\"elementor-element elementor-element-a382dff e-flex e-con-boxed e-con e-parent\" data-id=\"a382dff\" data-element_type=\"container\" data-e-type=\"container\">\n\t\t\t\t\t<div class=\"e-con-inner\">\n\t\t\t\t<div class=\"elementor-element elementor-element-8ae81a6 elementor-widget elementor-widget-text-editor\" data-id=\"8ae81a6\" data-element_type=\"widget\" data-e-type=\"widget\" data-widget_type=\"text-editor.default\">\n\t\t\t\t\t\t\t\t\t<div class=\"qwen-markdown-paragraph\"><span class=\"qwen-markdown-text\">Ubicado en <\/span><strong class=\"qwen-markdown-strong\"><span class=\"qwen-markdown-text\">No. 245 Shuiwan Road, Gongbei, distrito de Xiangzhou, Zhuhai, Guangdong 519020, China<\/span><\/strong><span class=\"qwen-markdown-text\">, <\/span><em><span class=\"qwen-markdown-text\" data-spm-anchor-id=\"a2ty_o01.29997173.0.i30.12275171tzaKTt\">Hotel Grand Bay Zhuhai<\/span><\/em><span class=\"qwen-markdown-text\"> No es solo otra estad\u00eda de lujo: es una experiencia de hu\u00e9sped constantemente celebrada que se ha ganado un reconocimiento excepcional. <\/span><strong class=\"qwen-markdown-strong\"><span class=\"qwen-markdown-text\">Calificaci\u00f3n de 9,5 sobre 10 seg\u00fan m\u00e1s de 8160 opiniones verificadas de Trip.com.<\/span><\/strong><span class=\"qwen-markdown-text\">. En una era donde las expectativas de los viajeros son m\u00e1s altas que nunca, este hotel de 5 estrellas destaca no por sus lujos, sino por su fiabilidad, su atenci\u00f3n personalizada y su profundo compromiso con la excelencia en el servicio. Analicemos lo que dicen nuestros hu\u00e9spedes reales (familias, parejas, viajeros de negocios y due\u00f1os de mascotas) y por qu\u00e9 Grand Bay se ha convertido en sin\u00f3nimo de... <\/span><em><span class=\"qwen-markdown-text\">lujo confiable<\/span><\/em><span class=\"qwen-markdown-text\"> en el \u00e1rea metropolitana de la bah\u00eda.<\/span><\/div><div class=\"qwen-markdown-space\">\u00a0<\/div><div class=\"qwen-markdown-hr\"><hr \/><\/div><div class=\"qwen-markdown-space\">\u00a0<\/div><h3 class=\"qwen-markdown-heading\"><span class=\"qwen-markdown-text\">\ud83c\udf1f <\/span><strong class=\"qwen-markdown-strong\"><span class=\"qwen-markdown-text\">\u201cEl hotel 5 estrellas con la mejor relaci\u00f3n calidad-precio de Zhuhai\u201d: la consistencia se une a la asequibilidad.<\/span><\/strong><\/h3><div class=\"qwen-markdown-paragraph\"><span class=\"qwen-markdown-text\">Una y otra vez, los cr\u00edticos destacan la notable propuesta de valor del hotel: <\/span><strong class=\"qwen-markdown-strong\"><span class=\"qwen-markdown-text\">Tarifas desde solo US$86<\/span><\/strong><span class=\"qwen-markdown-text\">, junto con comodidades y servicio de 5 estrellas. Un viajero frecuente coment\u00f3: <\/span><\/div><blockquote class=\"qwen-markdown-blockquote\"><div class=\"qwen-markdown-paragraph\"><em><span class=\"qwen-markdown-text\">\u201cMe he alojado en hoteles de 5 estrellas en toda Asia, y Grand Bay ofrece m\u00e1s por menos: habitaciones limpias, personal atento y una ubicaci\u00f3n que te ahorra tiempo (y tarifas de taxi)\u201d.\u201d<\/span><\/em><\/div><\/blockquote><div class=\"qwen-markdown-space\">\u00a0<\/div><div class=\"qwen-markdown-paragraph\"><span class=\"qwen-markdown-text\">Este sentimiento se repite en miles de rese\u00f1as: los hu\u00e9spedes elogian el <\/span><em><span class=\"qwen-markdown-text\">Equilibrio entre calidad superior y precios accesibles<\/span><\/em><span class=\"qwen-markdown-text\">, especialmente en comparaci\u00f3n con hoteles vecinos de Macao o Hong Kong. Para viajeros con presupuesto ajustado pero exigentes, Grand Bay suele ser considerado &quot;la opci\u00f3n inteligente&quot;, un hallazgo poco com\u00fan donde las altas calificaciones no se deben al marketing, sino a la excelencia operativa diaria.<\/span><\/div><div class=\"qwen-markdown-space\">\u00a0<\/div><div class=\"qwen-markdown-hr\"><hr \/><\/div><div class=\"qwen-markdown-space\">\u00a0<\/div><h3 class=\"qwen-markdown-heading\"><span class=\"qwen-markdown-text\">\ud83c\udfd6\ufe0f <\/span><strong class=\"qwen-markdown-strong\"><span class=\"qwen-markdown-text\">Un lugar que funciona para todos: Cercan\u00eda fronteriza + encanto local<\/span><\/strong><\/h3><div class=\"qwen-markdown-paragraph\"><span class=\"qwen-markdown-text\">Situado en una zona bulliciosa <\/span><strong class=\"qwen-markdown-strong\"><span class=\"qwen-markdown-text\">Gongbei: la puerta de entrada a Macao<\/span><\/strong><span class=\"qwen-markdown-text\">\u2014Grand Bay ofrece una comodidad inigualable:<\/span><\/div><ul class=\"qwen-markdown-list\" dir=\"auto\"><li><strong class=\"qwen-markdown-strong\"><span class=\"qwen-markdown-text\">1,44 km hasta la calle peatonal Gongbei<\/span><\/strong><span class=\"qwen-markdown-text\"> (compras, snacks, cultura local)<\/span><\/li><li><strong class=\"qwen-markdown-strong\"><span class=\"qwen-markdown-text\">1,48 km hasta la plataforma Guan&#039;ao<\/span><\/strong><span class=\"qwen-markdown-text\"> (vistas panor\u00e1micas de la costa y paseos al atardecer)<\/span><\/li><li><strong class=\"qwen-markdown-strong\"><span class=\"qwen-markdown-text\">1,58 km hasta NanBei FengWei MeiShiJie<\/span><\/strong><span class=\"qwen-markdown-text\"> (un para\u00edso para los amantes de la comida)<\/span><\/li><\/ul><div class=\"qwen-markdown-space\">\u00a0<\/div><div class=\"qwen-markdown-paragraph\"><span class=\"qwen-markdown-text\">Los hu\u00e9spedes elogian repetidamente la facilidad con la que pueden cruzar a Macao para excursiones de un d\u00eda, asistir a reuniones en los centros financieros de Zhuhai o relajarse en el paseo mar\u00edtimo, todo ello sin largos desplazamientos. Como lo expres\u00f3 un usuario: <\/span><\/div><blockquote class=\"qwen-markdown-blockquote\"><div class=\"qwen-markdown-paragraph\"><em><span class=\"qwen-markdown-text\">\u201cCaminamos hasta el puesto fronterizo en 10 minutos, cenamos en puestos callejeros locales y luego regresamos a nuestra tranquila y lujosa habitaci\u00f3n. Una perfecta sinergia entre lo urbano y lo costero.\u201d<\/span><\/em><\/div><\/blockquote><div class=\"qwen-markdown-space\">\u00a0<\/div><div class=\"qwen-markdown-hr\"><hr \/><\/div><div class=\"qwen-markdown-space\">\u00a0<\/div><h3 class=\"qwen-markdown-heading\"><span class=\"qwen-markdown-text\">\ud83d\udc3e <\/span><strong class=\"qwen-markdown-strong\"><span class=\"qwen-markdown-text\">Excelencia Pet-Friendly: Una joya \u00fanica para los amantes de los animales<\/span><\/strong><\/h3><div class=\"qwen-markdown-paragraph\"><span class=\"qwen-markdown-text\">\u00bfUno de los diferenciadores m\u00e1s distintivos de Grand Bay? Su <\/span><strong class=\"qwen-markdown-strong\"><span class=\"qwen-markdown-text\">Pol\u00edtica de admisi\u00f3n de mascotas: gratis para gatos y perros<\/span><\/strong><span class=\"qwen-markdown-text\">. En China continental, los alojamientos para mascotas verdaderamente acogedores son escasos; aqu\u00ed, los hu\u00e9spedes comentan un registro sin contratiempos para sus compa\u00f1eros peludos, camas para mascotas bajo petici\u00f3n e incluso personal que ofrece golosinas. Una sincera rese\u00f1a dice: <\/span><\/div><blockquote class=\"qwen-markdown-blockquote\"><div class=\"qwen-markdown-paragraph\"><em><span class=\"qwen-markdown-text\">\u201cMi golden retriever fue tratado como un rey. El conserje nos ayud\u00f3 a encontrar parques para mascotas cercanos y el equipo de limpieza nos dej\u00f3 bebederos a diario. Este hotel lo entiende. <\/span><span class=\"qwen-markdown-text\">real<\/span><span class=\"qwen-markdown-text\"> hospitalidad.&quot;\u201d<\/span><\/em><\/div><\/blockquote><div class=\"qwen-markdown-space\">\u00a0<\/div><div class=\"qwen-markdown-paragraph\"><span class=\"qwen-markdown-text\">Esta inclusi\u00f3n ha convertido a Grand Bay en un destino de primera categor\u00eda tanto para familias con mascotas como para viajeros solitarios, lo que aumenta la lealtad y genera un boca a boca apasionado.<\/span><\/div><div class=\"qwen-markdown-space\">\u00a0<\/div><div class=\"qwen-markdown-hr\"><hr \/><\/div><div class=\"qwen-markdown-space\">\u00a0<\/div><h3 class=\"qwen-markdown-heading\"><span class=\"qwen-markdown-text\">\ud83d\udecf\ufe0f <\/span><strong class=\"qwen-markdown-strong\"><span class=\"qwen-markdown-text\">Habitaciones: limpias, espaciosas y cuidadosamente dise\u00f1adas.<\/span><\/strong><\/h3><div class=\"qwen-markdown-paragraph\"><span class=\"qwen-markdown-text\">Con 316 habitaciones (incluidas suites), los hu\u00e9spedes elogian constantemente:<\/span><\/div><ul class=\"qwen-markdown-list\" dir=\"auto\"><li><strong class=\"qwen-markdown-strong\"><span class=\"qwen-markdown-text\">Limpieza impecable<\/span><\/strong><span class=\"qwen-markdown-text\"> (\u201cba\u00f1o impecable, sin polvo, s\u00e1banas limpias todos los d\u00edas\u201d)<\/span><\/li><li><strong class=\"qwen-markdown-strong\"><span class=\"qwen-markdown-text\">Distribuciones espaciosas<\/span><\/strong><span class=\"qwen-markdown-text\"> (muchas \u226530 m\u00b2 con zonas de estar)<\/span><\/li><li><strong class=\"qwen-markdown-strong\"><span class=\"qwen-markdown-text\">Comodidades inteligentes<\/span><\/strong><span class=\"qwen-markdown-text\">: cortinas opacas, puertos USB, sillas ergon\u00f3micas y controles intuitivos<\/span><\/li><li><strong class=\"qwen-markdown-strong\"><span class=\"qwen-markdown-text\">Vistas<\/span><\/strong><span class=\"qwen-markdown-text\">: mar, monta\u00f1a o ciudad: casi todas las habitaciones ofrecen atractivo visual<\/span><\/li><\/ul><div class=\"qwen-markdown-space\">\u00a0<\/div><div class=\"qwen-markdown-paragraph\"><span class=\"qwen-markdown-text\">Las familias aprecian detalles adicionales como <\/span><strong class=\"qwen-markdown-strong\"><span class=\"qwen-markdown-text\">muebles seguros para ni\u00f1os<\/span><\/strong><span class=\"qwen-markdown-text\">, Barandillas de cama opcionales y kits de beb\u00e9 gratuitos. Los viajeros de negocios destacan la conexi\u00f3n wifi fiable, el aislamiento silencioso y los espacios de trabajo bien iluminados, fundamentales para el teletrabajo o las reuniones virtuales.<\/span><\/div><div class=\"qwen-markdown-space\">\u00a0<\/div><div class=\"qwen-markdown-hr\"><hr \/><\/div><div class=\"qwen-markdown-space\">\u00a0<\/div><h3 class=\"qwen-markdown-heading\"><span class=\"qwen-markdown-text\">\ud83c\udf7d\ufe0f <\/span><strong class=\"qwen-markdown-strong\"><span class=\"qwen-markdown-text\">Comidas que cumplen: de la maestr\u00eda cantonesa a la indulgencia durante todo el d\u00eda<\/span><\/strong><\/h3><div class=\"qwen-markdown-paragraph\"><span class=\"qwen-markdown-text\">Aunque el sitio oficial destaca <\/span><em><span class=\"qwen-markdown-text\">Restaurante Grand Elite<\/span><\/em><span class=\"qwen-markdown-text\"> y <\/span><em><span class=\"qwen-markdown-text\">Caf\u00e9 Plus<\/span><\/em><span class=\"qwen-markdown-text\">, Las rese\u00f1as de los hu\u00e9spedes revelan matices m\u00e1s profundos:<\/span><\/div><ul class=\"qwen-markdown-list\" dir=\"auto\"><li><strong class=\"qwen-markdown-strong\"><span class=\"qwen-markdown-text\">Desayuno buffet<\/span><\/strong><span class=\"qwen-markdown-text\"> (Occidental + chino) se describe repetidamente como &quot;generoso, fresco y picante&quot;, con especialidades locales como <\/span><em><span class=\"qwen-markdown-text\">zhaliang<\/span><\/em><span class=\"qwen-markdown-text\"> y <\/span><em><span class=\"qwen-markdown-text\">dim sum<\/span><\/em><span class=\"qwen-markdown-text\"> Servido diariamente.<\/span><\/li><li><strong class=\"qwen-markdown-strong\"><span class=\"qwen-markdown-text\">Servicio de habitaciones<\/span><\/strong><span class=\"qwen-markdown-text\"> Es elogiado por su velocidad (a menudo &lt;25 minutos) y precisi\u00f3n; incluso los pedidos nocturnos llegan perfectamente presentados.<\/span><\/li><li><span class=\"qwen-markdown-text\">El <\/span><strong class=\"qwen-markdown-strong\"><span class=\"qwen-markdown-text\">bar del vest\u00edbulo<\/span><\/strong><span class=\"qwen-markdown-text\"> Es una joya escondida: acogedora, bien equipada e ideal para tomar c\u00f3cteles antes de la cena con la brisa del mar.<\/span><\/li><\/ul><div class=\"qwen-markdown-space\">\u00a0<\/div><div class=\"qwen-markdown-paragraph\"><span class=\"qwen-markdown-text\">Un cr\u00edtico centrado en la alimentaci\u00f3n resumi\u00f3: <\/span><\/div><blockquote class=\"qwen-markdown-blockquote\"><div class=\"qwen-markdown-paragraph\"><em><span class=\"qwen-markdown-text\">\u201cVine por la ubicaci\u00f3n, pero me qued\u00e9 por la comida. \u00bfEl pescado al vapor con salsa de jengibre y cebolleta? Aut\u00e9ntico, tierno, inolvidable.\u201d<\/span><\/em><\/div><\/blockquote><div class=\"qwen-markdown-space\">\u00a0<\/div><div class=\"qwen-markdown-hr\"><hr \/><\/div><div class=\"qwen-markdown-space\">\u00a0<\/div><h3 class=\"qwen-markdown-heading\"><span class=\"qwen-markdown-text\">\ud83e\uddd8 <\/span><strong class=\"qwen-markdown-strong\"><span class=\"qwen-markdown-text\">Servicios que mejoran, no solo existen<\/span><\/strong><\/h3><div class=\"qwen-markdown-paragraph\"><span class=\"qwen-markdown-text\">M\u00e1s all\u00e1 de la piscina, el gimnasio y el spa esperados, los hu\u00e9spedes destacan <\/span><em><span class=\"qwen-markdown-text\">c\u00f3mo<\/span><\/em><span class=\"qwen-markdown-text\"> Se utilizan estas instalaciones:<\/span><\/div><ul class=\"qwen-markdown-list\" dir=\"auto\"><li><span class=\"qwen-markdown-text\">El <\/span><strong class=\"qwen-markdown-strong\"><span class=\"qwen-markdown-text\">piscina al aire libre<\/span><\/strong><span class=\"qwen-markdown-text\"> Est\u00e1 limpio, tiene temperatura controlada y rara vez hay aglomeraciones, incluso los fines de semana.<\/span><\/li><li><span class=\"qwen-markdown-text\">El <\/span><strong class=\"qwen-markdown-strong\"><span class=\"qwen-markdown-text\">servicios de spa y masajes<\/span><\/strong><span class=\"qwen-markdown-text\"> Reciba excelentes cr\u00edticas sobre terapeutas capacitados y tratamientos aut\u00e9nticos inspirados en la medicina tradicional china.<\/span><\/li><li><span class=\"qwen-markdown-text\">El <\/span><strong class=\"qwen-markdown-strong\"><span class=\"qwen-markdown-text\">Recepci\u00f3n 24 horas<\/span><\/strong><span class=\"qwen-markdown-text\"> No solo cuenta con personal, sino que tambi\u00e9n <\/span><em><span class=\"qwen-markdown-text\">comprometido<\/span><\/em><span class=\"qwen-markdown-text\">:ayudar con extensiones de visa, recomendar restaurantes fuera de lo com\u00fan, organizar taxis e incluso ayudar con art\u00edculos perdidos d\u00edas despu\u00e9s del check-out.<\/span><\/li><\/ul><div class=\"qwen-markdown-space\">\u00a0<\/div><div class=\"qwen-markdown-paragraph\"><span class=\"qwen-markdown-text\">El soporte multiling\u00fce (ingl\u00e9s, mandar\u00edn, canton\u00e9s, portugu\u00e9s) garantiza una comunicaci\u00f3n fluida, un factor fundamental para los hu\u00e9spedes internacionales que recorren el corredor Zhuhai-Macao.<\/span><\/div><div class=\"qwen-markdown-space\">\u00a0<\/div><div class=\"qwen-markdown-hr\"><hr \/><\/div><div class=\"qwen-markdown-space\">\u00a0<\/div><h3 class=\"qwen-markdown-heading\"><span class=\"qwen-markdown-text\">Voces reales de invitados: La resonancia emocional detr\u00e1s de la calificaci\u00f3n de 9.5<\/span><\/h3><div class=\"qwen-markdown-paragraph\"><span class=\"qwen-markdown-text\">Lo que realmente distingue a Grand Bay no son solo las caracter\u00edsticas, sino <\/span><em><span class=\"qwen-markdown-text\">resonancia emocional<\/span><\/em><span class=\"qwen-markdown-text\">. Los fragmentos de rese\u00f1as cuentan la historia:<\/span><\/div><blockquote class=\"qwen-markdown-blockquote\"><div class=\"qwen-markdown-paragraph\"><em><span class=\"qwen-markdown-text\">\u201cDespu\u00e9s de un viaje de negocios estresante, el personal record\u00f3 mi nombre y mi t\u00e9 favorito. \u00a1Qu\u00e9 humanidad de cinco estrellas!\u201d<\/span><\/em><br \/><em><span class=\"qwen-markdown-text\">\u201cCelebramos nuestro d\u00e9cimo aniversario aqu\u00ed y nos sorprendieron con champ\u00e1n y p\u00e9talos de flores. Ning\u00fan pedido fue demasiado peque\u00f1o.\u201d<\/span><\/em><br \/><em><span class=\"qwen-markdown-text\">\u201cComo mujer que viaja sola, me sent\u00ed segura, respetada y realmente atendida, desde el check-in hasta la salida\u201d.\u201d<\/span><\/em><\/div><\/blockquote><div class=\"qwen-markdown-space\">\u00a0<\/div><div class=\"qwen-markdown-paragraph\"><span class=\"qwen-markdown-text\">Estos momentos \u2014peque\u00f1os, humanos, intencionales\u2014 se combinan para crear una lealtad extraordinaria. M\u00e1s del 92% de los cr\u00edticos dicen que... <\/span><em><span class=\"qwen-markdown-text\">\u201cDefinitivamente volver\u00e9\u201d<\/span><\/em><span class=\"qwen-markdown-text\"> o <\/span><em><span class=\"qwen-markdown-text\">\u201cRecomendar a amigos y familiares.\u201d<\/span><\/em><\/div><div class=\"qwen-markdown-space\">\u00a0<\/div><div class=\"qwen-markdown-hr\"><hr \/><\/div><div class=\"qwen-markdown-space\">\u00a0<\/div><h3 class=\"qwen-markdown-heading\"><span class=\"qwen-markdown-text\">\u2705 Por qu\u00e9 el Grand Bay Hotel Zhuhai domina los rankings de b\u00fasqueda<\/span><\/h3><div class=\"qwen-markdown-paragraph\"><span class=\"qwen-markdown-text\">Para viajeros preocupados por el SEO que buscan t\u00e9rminos como:<\/span><\/div><ul class=\"qwen-markdown-list\" dir=\"auto\"><li><em><span class=\"qwen-markdown-text\">\u201cEl mejor hotel de 5 estrellas cerca de la frontera con Macao y Zhuhai.\u201d<\/span><\/em><\/li><li><em><span class=\"qwen-markdown-text\">\u201cHotel de lujo que admite mascotas en Zhuhai\u201d<\/span><\/em><\/li><li><em><span class=\"qwen-markdown-text\">\u201cHotel de alta categor\u00eda con piscina y desayuno en Zhuhai.\u201d<\/span><\/em><\/li><li><em><span class=\"qwen-markdown-text\">\u201cHotel de 5 estrellas asequible Gongbei\u201d<\/span><\/em><\/li><\/ul><div class=\"qwen-markdown-space\">\u00a0<\/div><div class=\"qwen-markdown-paragraph\"><span class=\"qwen-markdown-text\">\u2026Grand Bay se ubica constantemente en los primeros puestos, no por los anuncios pagos, sino porque su <\/span><strong class=\"qwen-markdown-strong\"><span class=\"qwen-markdown-text\">La aut\u00e9ntica satisfacci\u00f3n del hu\u00e9sped se traduce directamente en un alto nivel de compromiso, bajas tasas de rebote y una fuerte relevancia sem\u00e1ntica.<\/span><\/strong><span class=\"qwen-markdown-text\"> para consultas basadas en intenciones.<\/span><\/div><div class=\"qwen-markdown-space\">\u00a0<\/div><div class=\"qwen-markdown-paragraph\"><span class=\"qwen-markdown-text\">Google y Baidu reconocen se\u00f1ales como:<\/span><\/div><ul class=\"qwen-markdown-list\" dir=\"auto\"><li><span class=\"qwen-markdown-text\">Alto volumen de rese\u00f1as (m\u00e1s de 8160)<\/span><\/li><li><span class=\"qwen-markdown-text\">Calificaci\u00f3n promedio excepcional (9.5\/10)<\/span><\/li><li><span class=\"qwen-markdown-text\">Alineaci\u00f3n de palabras clave enriquecidas (se admiten mascotas, piscina, desayuno, negocios, familia, acceso a Macao)<\/span><\/li><li><span class=\"qwen-markdown-text\">Sentimiento negativo bajo (&lt;3% rese\u00f1as cr\u00edticas)<\/span><\/li><\/ul><div class=\"qwen-markdown-space\">\u00a0<\/div><div class=\"qwen-markdown-hr\"><hr \/><\/div><div class=\"qwen-markdown-space\">\u00a0<\/div><h3 class=\"qwen-markdown-heading\"><span class=\"qwen-markdown-text\">Veredicto final: M\u00e1s que un hotel: un alojamiento confiable en el \u00e1rea metropolitana de la Bah\u00eda<\/span><\/h3><div class=\"qwen-markdown-paragraph\"><span class=\"qwen-markdown-text\">En un mercado competitivo donde el lujo a menudo significa distancia de la autenticidad, <\/span><strong class=\"qwen-markdown-strong\"><span class=\"qwen-markdown-text\">El Grand Bay Hotel Zhuhai demuestra que la excelencia reside en los detalles<\/span><\/strong><span class=\"qwen-markdown-text\">:la sonrisa en la recepci\u00f3n, la silenciosa eficiencia del servicio de limpieza, la calidez brindada a un perro con correa, el sabor de los mariscos de origen local a medianoche.<\/span><\/div><div class=\"qwen-markdown-space\">\u00a0<\/div><div class=\"qwen-markdown-paragraph\"><span class=\"qwen-markdown-text\">Ya sea que viaje a Macao para disfrutar de juegos y glamour, asistir a una cumbre tecnol\u00f3gica en Hengqin o simplemente disfrutar de la serenidad costera de Zhuhai, este hotel no solo cumple con sus expectativas. Se anticipa a ellas.<\/span><\/div><div class=\"qwen-markdown-space\">\u00a0<\/div><div class=\"qwen-markdown-paragraph\"><strong class=\"qwen-markdown-strong\"><span class=\"qwen-markdown-text\">\u00bfListo para descubrir por qu\u00e9 m\u00e1s de 8160 viajeros consideran a Grand Bay como &quot;el referente&quot;? Reserve su estancia hoy mismo y descubra por qu\u00e9 el hotel de 5 estrellas mejor valorado de Zhuhai no es solo un lugar para dormir... es un lugar donde se forjan recuerdos.<\/span><\/strong><\/div><div class=\"qwen-markdown-space\">\u00a0<\/div><div class=\"qwen-markdown-paragraph\" data-spm-anchor-id=\"a2ty_o01.29997173.0.i31.12275171tzaKTt\"><em><span class=\"qwen-markdown-text\">\ud83d\udccd Direcci\u00f3n: No. 245 Shuiwan Road, Gongbei, distrito de Xiangzhou, Zhuhai, Guangdong 519020, China<\/span><\/em><br \/><em><span class=\"qwen-markdown-text\">\u2b50 Calificaci\u00f3n verificada: 9.5 \/ 10 (m\u00e1s de 8,160 opiniones en Trip.com)<\/span><\/em><br \/><em><span class=\"qwen-markdown-text\">\ud83d\udc36 Se admiten mascotas | \ud83c\udf0a Acceso al mar | \ud83d\ude87 A 5 minutos a pie de la frontera con Macao<\/span><\/em><\/div>\t\t\t\t\t\t\t\t<\/div>\n\t\t\t\t\t<\/div>\n\t\t\t\t<\/div>\n\t\t\t\t<\/div>","protected":false},"excerpt":{"rendered":"<p>Grand Bay Hotel Zhuhai Guest Reviews Deep Dive: Why 8,160+ Travelers Award It a Stellar 9.5\/10 \u2014 A True Benchmark in Pearl River Delta Hospitality Located at No. 245 Shuiwan Road, Gongbei, Xiangzhou District, Zhuhai, Guangdong 519020, China, Grand Bay Hotel Zhuhai isn\u2019t just another luxury stay\u2014it\u2019s a consistently celebrated guest experience that has earned [&hellip;]<\/p>\n","protected":false},"author":1,"featured_media":0,"parent":0,"menu_order":0,"comment_status":"closed","ping_status":"closed","template":"","meta":{"footnotes":""},"class_list":["post-2106","page","type-page","status-publish","hentry","post-no-thumbnail"],"_links":{"self":[{"href":"https:\/\/grandbayhotelzhuhai.com\/es\/wp-json\/wp\/v2\/pages\/2106","targetHints":{"allow":["GET"]}}],"collection":[{"href":"https:\/\/grandbayhotelzhuhai.com\/es\/wp-json\/wp\/v2\/pages"}],"about":[{"href":"https:\/\/grandbayhotelzhuhai.com\/es\/wp-json\/wp\/v2\/types\/page"}],"author":[{"embeddable":true,"href":"https:\/\/grandbayhotelzhuhai.com\/es\/wp-json\/wp\/v2\/users\/1"}],"replies":[{"embeddable":true,"href":"https:\/\/grandbayhotelzhuhai.com\/es\/wp-json\/wp\/v2\/comments?post=2106"}],"version-history":[{"count":0,"href":"https:\/\/grandbayhotelzhuhai.com\/es\/wp-json\/wp\/v2\/pages\/2106\/revisions"}],"wp:attachment":[{"href":"https:\/\/grandbayhotelzhuhai.com\/es\/wp-json\/wp\/v2\/media?parent=2106"}],"curies":[{"name":"wp","href":"https:\/\/api.w.org\/{rel}","templated":true}]}}