{"id":5266,"date":"2021-07-18T08:03:35","date_gmt":"2021-07-18T08:03:35","guid":{"rendered":"https:\/\/nuss.uxper.co\/luxury-resort\/?page_id=5266"},"modified":"2026-02-03T15:04:56","modified_gmt":"2026-02-03T15:04:56","slug":"sobre-nosotros","status":"publish","type":"page","link":"https:\/\/grandbayhotelzhuhai.com\/es\/sobre-nosotros\/","title":{"rendered":"Sobre nosotros"},"content":{"rendered":"<div data-elementor-type=\"wp-page\" data-elementor-id=\"5266\" class=\"elementor elementor-5266\">\n\t\t\t\t\t\t<section class=\"elementor-section elementor-top-section elementor-element elementor-element-10416953 elementor-section-boxed elementor-section-gap-beside-yes elementor-section-height-default elementor-section-height-default elementor-section-column-vertical-align-stretch\" data-id=\"10416953\" data-element_type=\"section\" data-e-type=\"section\">\n\t\t\t\t\t\t<div class=\"elementor-container elementor-column-gap-extended\">\n\t\t\t\t\t<div class=\"elementor-column elementor-col-100 elementor-top-column elementor-element elementor-element-29c6aa8\" data-id=\"29c6aa8\" data-element_type=\"column\" data-e-type=\"column\">\n\t\t\t<div class=\"elementor-widget-wrap elementor-element-populated\">\n\t\t\t\t\t\t<div class=\"elementor-element elementor-element-7be18fe7 elementor-widget__width-initial elementor-invisible elementor-widget elementor-widget-text-editor\" data-id=\"7be18fe7\" data-element_type=\"widget\" data-e-type=\"widget\" data-settings=\"{&quot;_animation&quot;:&quot;nussFadeInUp&quot;}\" data-widget_type=\"text-editor.default\">\n\t\t\t\t\t\t\t\t\t<div class=\"qwen-markdown-paragraph\"><strong class=\"qwen-markdown-strong\"><span class=\"qwen-markdown-text\" data-spm-anchor-id=\"a2ty_o01.29997173.0.i18.12275171rC1lFB\">Grand Bay Hotel Zhuhai: donde la elegancia costera se fusiona con la vitalidad urbana en el coraz\u00f3n del \u00e1rea de la Gran Bah\u00eda.<\/span><\/strong><\/div>\t\t\t\t\t\t\t\t<\/div>\n\t\t\t\t\t<\/div>\n\t\t<\/div>\n\t\t\t\t\t<\/div>\n\t\t<\/section>\n\t\t\t\t<section class=\"elementor-section elementor-top-section elementor-element elementor-element-7d18327f elementor-section-boxed elementor-section-gap-beside-yes elementor-section-height-default elementor-section-height-default elementor-section-column-vertical-align-stretch\" data-id=\"7d18327f\" data-element_type=\"section\" data-e-type=\"section\">\n\t\t\t\t\t\t<div class=\"elementor-container elementor-column-gap-extended\">\n\t\t\t\t\t<div class=\"elementor-column elementor-col-50 elementor-top-column elementor-element elementor-element-56533670\" data-id=\"56533670\" data-element_type=\"column\" data-e-type=\"column\">\n\t\t\t<div class=\"elementor-widget-wrap elementor-element-populated\">\n\t\t\t\t\t\t<div class=\"elementor-element elementor-element-19c3f543 elementor-invisible elementor-widget elementor-widget-text-editor\" data-id=\"19c3f543\" data-element_type=\"widget\" data-e-type=\"widget\" data-settings=\"{&quot;_animation&quot;:&quot;nussFadeInUp&quot;}\" data-widget_type=\"text-editor.default\">\n\t\t\t\t\t\t\t\t\t<div class=\"qwen-markdown-paragraph\"><span class=\"qwen-markdown-text\" data-spm-anchor-id=\"a2ty_o01.29997173.0.i20.12275171rC1lFB\">Ubicado en <\/span><strong class=\"qwen-markdown-strong\"><span class=\"qwen-markdown-text\">No. 245 Shuiwan Road, Gongbei, distrito de Xiangzhou, Zhuhai, Guangdong 519020, China<\/span><\/strong><span class=\"qwen-markdown-text\">, <\/span><em><span class=\"qwen-markdown-text\">Hotel Grand Bay Zhuhai<\/span><\/em><span class=\"qwen-markdown-text\" data-spm-anchor-id=\"a2ty_o01.29997173.0.i21.12275171rC1lFB\"> Se erige como un destino hotelero de 4 estrellas de primer nivel que combina magistralmente el sereno encanto costero con el dinamismo de una de las ciudades costeras m\u00e1s estrat\u00e9gicas de China. Ubicado estrat\u00e9gicamente a solo minutos de... <\/span><strong class=\"qwen-markdown-strong\"><span class=\"qwen-markdown-text\">Puerta fronteriza de Zhuhai-Macao (puerto de Gongbei)<\/span><\/strong><span class=\"qwen-markdown-text\"> y con f\u00e1cil acceso al ic\u00f3nico <\/span><strong class=\"qwen-markdown-strong\"><span class=\"qwen-markdown-text\">Puente Hong Kong-Zhuhai-Macao<\/span><\/strong><span class=\"qwen-markdown-text\">, El hotel ofrece una accesibilidad incomparable tanto para viajeros de placer que exploran el Delta del R\u00edo Perla como para profesionales de negocios que interact\u00faan con la pr\u00f3spera econom\u00eda del Gran \u00c1rea de la Bah\u00eda.<\/span><\/div>\t\t\t\t\t\t\t\t<\/div>\n\t\t\t\t\t<\/div>\n\t\t<\/div>\n\t\t\t\t<div class=\"elementor-column elementor-col-50 elementor-top-column elementor-element elementor-element-30f14127\" data-id=\"30f14127\" data-element_type=\"column\" data-e-type=\"column\">\n\t\t\t<div class=\"elementor-widget-wrap elementor-element-populated\">\n\t\t\t\t\t\t<div class=\"elementor-element elementor-element-350da02e elementor-invisible nuss-elementor-loading nuss-slide-in-left elementor-widget elementor-widget-image\" data-id=\"350da02e\" data-element_type=\"widget\" data-e-type=\"widget\" data-settings=\"{&quot;_animation&quot;:&quot;nussSlideInLeft&quot;}\" data-widget_type=\"image.default\">\n\t\t\t\t\t\t\t\t\t\t\t\t\t\t\t<img fetchpriority=\"high\" decoding=\"async\" width=\"872\" height=\"853\" src=\"https:\/\/grandbayhotelzhuhai.com\/wp-content\/uploads\/2026\/02\/grandbayhotelzhuhai-47.webp\" class=\"attachment-full size-full wp-image-5593\" alt=\"\" srcset=\"https:\/\/grandbayhotelzhuhai.com\/wp-content\/uploads\/2026\/02\/grandbayhotelzhuhai-47.webp 872w, https:\/\/grandbayhotelzhuhai.com\/wp-content\/uploads\/2026\/02\/grandbayhotelzhuhai-47-300x293.webp 300w, https:\/\/grandbayhotelzhuhai.com\/wp-content\/uploads\/2026\/02\/grandbayhotelzhuhai-47-768x751.webp 768w\" sizes=\"(max-width: 872px) 100vw, 872px\" \/>\t\t\t\t\t\t\t\t\t\t\t\t\t\t\t<\/div>\n\t\t\t\t\t<\/div>\n\t\t<\/div>\n\t\t\t\t\t<\/div>\n\t\t<\/section>\n\t\t\t\t<section class=\"elementor-section elementor-top-section elementor-element elementor-element-29fb8578 elementor-section-height-min-height elementor-section-stretched elementor-section-full_width elementor-section-items-stretch elementor-section-height-default elementor-section-column-vertical-align-stretch\" data-id=\"29fb8578\" data-element_type=\"section\" data-e-type=\"section\" data-settings=\"{&quot;stretch_section&quot;:&quot;section-stretched&quot;}\">\n\t\t\t\t\t\t<div class=\"elementor-container elementor-column-gap-no\">\n\t\t\t\t\t<div class=\"elementor-column elementor-col-50 elementor-top-column elementor-element elementor-element-40ac270b\" data-id=\"40ac270b\" data-element_type=\"column\" data-e-type=\"column\">\n\t\t\t<div class=\"elementor-widget-wrap elementor-element-populated\">\n\t\t\t\t\t\t<div class=\"elementor-element elementor-element-20872773 elementor-widget__width-initial elementor-widget-mobile__width-inherit elementor-invisible nuss-elementor-loading nuss-slide-in-right elementor-widget elementor-widget-image\" data-id=\"20872773\" data-element_type=\"widget\" data-e-type=\"widget\" data-settings=\"{&quot;_animation&quot;:&quot;nussSlideInRight&quot;}\" data-widget_type=\"image.default\">\n\t\t\t\t\t\t\t\t\t\t\t\t\t\t\t<img decoding=\"async\" width=\"1280\" height=\"853\" src=\"https:\/\/grandbayhotelzhuhai.com\/wp-content\/uploads\/2026\/02\/grandbayhotelzhuhai-52.webp\" class=\"attachment-full size-full wp-image-5598\" alt=\"\" srcset=\"https:\/\/grandbayhotelzhuhai.com\/wp-content\/uploads\/2026\/02\/grandbayhotelzhuhai-52.webp 1280w, https:\/\/grandbayhotelzhuhai.com\/wp-content\/uploads\/2026\/02\/grandbayhotelzhuhai-52-300x200.webp 300w, https:\/\/grandbayhotelzhuhai.com\/wp-content\/uploads\/2026\/02\/grandbayhotelzhuhai-52-1024x682.webp 1024w, https:\/\/grandbayhotelzhuhai.com\/wp-content\/uploads\/2026\/02\/grandbayhotelzhuhai-52-768x512.webp 768w\" sizes=\"(max-width: 1280px) 100vw, 1280px\" \/>\t\t\t\t\t\t\t\t\t\t\t\t\t\t\t<\/div>\n\t\t\t\t\t<\/div>\n\t\t<\/div>\n\t\t\t\t<div class=\"elementor-column elementor-col-50 elementor-top-column elementor-element elementor-element-2dac103\" data-id=\"2dac103\" data-element_type=\"column\" data-e-type=\"column\">\n\t\t\t<div class=\"elementor-widget-wrap elementor-element-populated\">\n\t\t\t\t\t\t<div class=\"elementor-element elementor-element-6f1b8966 elementor-invisible elementor-widget elementor-widget-text-editor\" data-id=\"6f1b8966\" data-element_type=\"widget\" data-e-type=\"widget\" data-settings=\"{&quot;_animation&quot;:&quot;nussFadeInUp&quot;}\" data-widget_type=\"text-editor.default\">\n\t\t\t\t\t\t\t\t\t<div class=\"qwen-markdown-paragraph\"><span class=\"qwen-markdown-text\" data-spm-anchor-id=\"a2ty_o01.29997173.0.i23.12275171rC1lFB\">Jactancia <\/span><strong class=\"qwen-markdown-strong\"><span class=\"qwen-markdown-text\">316 habitaciones y suites cuidadosamente dise\u00f1adas<\/span><\/strong><span class=\"qwen-markdown-text\" data-spm-anchor-id=\"a2ty_o01.29997173.0.i22.12275171rC1lFB\">, El Grand Bay Hotel combina la comodidad moderna con vistas panor\u00e1micas. Muchas habitaciones cuentan con amplios ventanales con vistas al resplandeciente Mar de China Meridional, la exuberante cordillera Phoenix o el vibrante horizonte de la ciudad. Los hu\u00e9spedes disfrutan de comodidades premium, como wifi de alta velocidad, televisores inteligentes, espacios de trabajo ergon\u00f3micos y ropa de cama exclusiva para estancias reparadoras. Las familias aprecian la zona de juegos infantil y los servicios pensados para ni\u00f1os, mientras que los hu\u00e9spedes corporativos se benefician de dos vers\u00e1tiles salones de banquetes, un centro de negocios totalmente equipado y un servicio de asistencia para eventos impecable.<\/span><\/div><div class=\"qwen-markdown-space\">\u00a0<\/div><div class=\"qwen-markdown-paragraph\"><span class=\"qwen-markdown-text\">Cenar en Grand Bay es un viaje culinario: el aclamado <\/span><strong class=\"qwen-markdown-strong\"><span class=\"qwen-markdown-text\">Restaurante Grand Elite<\/span><\/strong><span class=\"qwen-markdown-text\"> Sirve cocina cantonesa refinada con mariscos de origen local e ingredientes de temporada, lo que le ha valido el reconocimiento entre los mejores establecimientos gastron\u00f3micos de Zhuhai, mientras que <\/span><strong class=\"qwen-markdown-strong\"><span class=\"qwen-markdown-text\">Caf\u00e9 Plus<\/span><\/strong><span class=\"qwen-markdown-text\"> Deleita con vibrantes buf\u00e9s internacionales, desayunos disponibles todo el d\u00eda y opciones a la carta. El bar del vest\u00edbulo a\u00f1ade un toque sofisticado con c\u00f3cteles artesanales y un ambiente con brisa marina, adem\u00e1s de servicio a la habitaci\u00f3n las 24 horas.<\/span><\/div>\t\t\t\t\t\t\t\t<\/div>\n\t\t\t\t\t<\/div>\n\t\t<\/div>\n\t\t\t\t\t<\/div>\n\t\t<\/section>\n\t\t\t\t<section class=\"elementor-section elementor-top-section elementor-element elementor-element-0252104 elementor-section-height-min-height elementor-section-stretched elementor-section-full_width elementor-section-items-stretch elementor-section-height-default elementor-section-column-vertical-align-stretch\" data-id=\"0252104\" data-element_type=\"section\" data-e-type=\"section\" data-settings=\"{&quot;stretch_section&quot;:&quot;section-stretched&quot;}\">\n\t\t\t\t\t\t<div class=\"elementor-container elementor-column-gap-no\">\n\t\t\t\t\t<div class=\"elementor-column elementor-col-50 elementor-top-column elementor-element elementor-element-29e9d58\" data-id=\"29e9d58\" data-element_type=\"column\" data-e-type=\"column\">\n\t\t\t<div class=\"elementor-widget-wrap elementor-element-populated\">\n\t\t\t\t\t\t<div class=\"elementor-element elementor-element-ce539ab elementor-invisible elementor-widget elementor-widget-text-editor\" data-id=\"ce539ab\" data-element_type=\"widget\" data-e-type=\"widget\" data-settings=\"{&quot;_animation&quot;:&quot;nussFadeInUp&quot;}\" data-widget_type=\"text-editor.default\">\n\t\t\t\t\t\t\t\t\t<div class=\"qwen-markdown-paragraph\"><span class=\"qwen-markdown-text\" data-spm-anchor-id=\"a2ty_o01.29997173.0.i25.12275171rC1lFB\">El bienestar y la comodidad tienen la misma prioridad: una piscina al aire libre, un gimnasio, una sauna y servicios de masajes en el lugar garantizan el rejuvenecimiento, mientras que los servicios las 24 horas (que incluyen check-in\/out expr\u00e9s, personal multiling\u00fce, transporte al aeropuerto, dep\u00f3sito de equipaje, limpieza en seco y asistencia de conserjer\u00eda) garantizan una experiencia personalizada y sin fricciones.<\/span><\/div><div class=\"qwen-markdown-space\">\u00a0<\/div><div class=\"qwen-markdown-paragraph\"><span class=\"qwen-markdown-text\">Ya sea que est\u00e9 de visita por negocios, vacaciones familiares o una escapada rom\u00e1ntica, <\/span><strong class=\"qwen-markdown-strong\"><span class=\"qwen-markdown-text\">Hotel Grand Bay Zhuhai<\/span><\/strong><span class=\"qwen-markdown-text\" data-spm-anchor-id=\"a2ty_o01.29997173.0.i24.12275171rC1lFB\"> ofrece una hospitalidad elevada basada en la autenticidad, la ventaja de la ubicaci\u00f3n y una meticulosa atenci\u00f3n a los detalles, lo que lo convierte no solo en un lugar para quedarse, sino en un cap\u00edtulo memorable en su aventura en el Gran \u00c1rea de la Bah\u00eda. <\/span><\/div><div class=\"qwen-markdown-space\">\u00a0<\/div><div class=\"qwen-markdown-paragraph\"><em><span class=\"qwen-markdown-text\">Descubra por qu\u00e9 los viajeros califican constantemente a Grand Bay Hotel Zhuhai como una de las mejores opciones en cuanto a comodidad, gastronom\u00eda y conectividad: reserve su estad\u00eda inolvidable hoy mismo.<\/span><\/em><\/div>\t\t\t\t\t\t\t\t<\/div>\n\t\t\t\t\t<\/div>\n\t\t<\/div>\n\t\t\t\t<div class=\"elementor-column elementor-col-50 elementor-top-column elementor-element elementor-element-f8759c8\" data-id=\"f8759c8\" data-element_type=\"column\" data-e-type=\"column\">\n\t\t\t<div class=\"elementor-widget-wrap elementor-element-populated\">\n\t\t\t\t\t\t<div class=\"elementor-element elementor-element-e186f2c elementor-widget__width-initial elementor-widget-mobile__width-inherit elementor-invisible nuss-elementor-loading nuss-slide-in-right elementor-widget elementor-widget-image\" data-id=\"e186f2c\" data-element_type=\"widget\" data-e-type=\"widget\" data-settings=\"{&quot;_animation&quot;:&quot;nussSlideInRight&quot;}\" data-widget_type=\"image.default\">\n\t\t\t\t\t\t\t\t\t\t\t\t\t\t\t<img decoding=\"async\" width=\"568\" height=\"853\" src=\"https:\/\/grandbayhotelzhuhai.com\/wp-content\/uploads\/2026\/02\/grandbayhotelzhuhai-84.webp\" class=\"attachment-full size-full wp-image-5630\" alt=\"\" srcset=\"https:\/\/grandbayhotelzhuhai.com\/wp-content\/uploads\/2026\/02\/grandbayhotelzhuhai-84.webp 568w, https:\/\/grandbayhotelzhuhai.com\/wp-content\/uploads\/2026\/02\/grandbayhotelzhuhai-84-200x300.webp 200w\" sizes=\"(max-width: 568px) 100vw, 568px\" \/>\t\t\t\t\t\t\t\t\t\t\t\t\t\t\t<\/div>\n\t\t\t\t\t<\/div>\n\t\t<\/div>\n\t\t\t\t\t<\/div>\n\t\t<\/section>\n\t\t\t\t<\/div>","protected":false},"excerpt":{"rendered":"<p>Grand Bay Hotel Zhuhai \u2013 Where Coastal Elegance Meets Urban Vitality in the Heart of the Greater Bay AreaNestled at No. 245 Shuiwan Road, Gongbei, Xiangzhou District, Zhuhai, Guangdong 519020, China, Grand Bay Hotel Zhuhai stands as a premier 4-star hospitality destination that masterfully bridges serene seaside charm with the dynamic energy of one of [&hellip;]<\/p>\n","protected":false},"author":1,"featured_media":0,"parent":0,"menu_order":0,"comment_status":"closed","ping_status":"closed","template":"","meta":{"footnotes":""},"class_list":["post-5266","page","type-page","status-publish","hentry","post-no-thumbnail"],"_links":{"self":[{"href":"https:\/\/grandbayhotelzhuhai.com\/es\/wp-json\/wp\/v2\/pages\/5266","targetHints":{"allow":["GET"]}}],"collection":[{"href":"https:\/\/grandbayhotelzhuhai.com\/es\/wp-json\/wp\/v2\/pages"}],"about":[{"href":"https:\/\/grandbayhotelzhuhai.com\/es\/wp-json\/wp\/v2\/types\/page"}],"author":[{"embeddable":true,"href":"https:\/\/grandbayhotelzhuhai.com\/es\/wp-json\/wp\/v2\/users\/1"}],"replies":[{"embeddable":true,"href":"https:\/\/grandbayhotelzhuhai.com\/es\/wp-json\/wp\/v2\/comments?post=5266"}],"version-history":[{"count":0,"href":"https:\/\/grandbayhotelzhuhai.com\/es\/wp-json\/wp\/v2\/pages\/5266\/revisions"}],"wp:attachment":[{"href":"https:\/\/grandbayhotelzhuhai.com\/es\/wp-json\/wp\/v2\/media?parent=5266"}],"curies":[{"name":"wp","href":"https:\/\/api.w.org\/{rel}","templated":true}]}}