{"id":612,"date":"2021-03-26T10:04:13","date_gmt":"2021-03-26T10:04:13","guid":{"rendered":"http:\/\/localhost\/nuss\/?page_id=612"},"modified":"2026-02-07T12:36:56","modified_gmt":"2026-02-07T12:36:56","slug":"restaurante","status":"publish","type":"page","link":"https:\/\/grandbayhotelzhuhai.com\/es\/restaurante\/","title":{"rendered":"Restaurante"},"content":{"rendered":"<div data-elementor-type=\"wp-page\" data-elementor-id=\"612\" class=\"elementor elementor-612\">\n\t\t\t\t\t\t<section class=\"elementor-section elementor-top-section elementor-element elementor-element-e2effe8 elementor-section-boxed elementor-section-gap-beside-yes elementor-section-height-default elementor-section-height-default elementor-section-column-vertical-align-stretch\" data-id=\"e2effe8\" data-element_type=\"section\" data-e-type=\"section\">\n\t\t\t\t\t\t<div class=\"elementor-container elementor-column-gap-extended\">\n\t\t\t\t\t<div class=\"elementor-column elementor-col-100 elementor-top-column elementor-element elementor-element-e18f688\" data-id=\"e18f688\" data-element_type=\"column\" data-e-type=\"column\">\n\t\t\t<div class=\"elementor-widget-wrap elementor-element-populated\">\n\t\t\t\t\t\t<div class=\"elementor-element elementor-element-6db146d elementor-widget__width-initial elementor-invisible elementor-widget elementor-widget-text-editor\" data-id=\"6db146d\" data-element_type=\"widget\" data-e-type=\"widget\" data-settings=\"{&quot;_animation&quot;:&quot;nussFadeInUp&quot;}\" data-widget_type=\"text-editor.default\">\n\t\t\t\t\t\t\t\t\t<div class=\"qwen-markdown-paragraph\"><strong class=\"qwen-markdown-strong\"><span class=\"qwen-markdown-text\" data-spm-anchor-id=\"a2ty_o01.29997173.0.i36.12275171tzaKTt\">Restaurantes del Grand Bay Hotel Zhuhai: Donde la herencia de Lingnan se fusiona con la gastronom\u00eda costera: un viaje culinario de 5 estrellas a orillas del Delta del R\u00edo de la Perla<\/span><\/strong><\/div>\t\t\t\t\t\t\t\t<\/div>\n\t\t\t\t\t<\/div>\n\t\t<\/div>\n\t\t\t\t\t<\/div>\n\t\t<\/section>\n\t\t<div class=\"elementor-element elementor-element-46fa439 e-flex e-con-boxed e-con e-parent\" data-id=\"46fa439\" data-element_type=\"container\" data-e-type=\"container\">\n\t\t\t\t\t<div class=\"e-con-inner\">\n\t\t\t\t<div class=\"elementor-element elementor-element-a9f9a38 elementor-widget elementor-widget-nuss-image-gallery\" data-id=\"a9f9a38\" data-element_type=\"widget\" data-e-type=\"widget\" data-widget_type=\"nuss-image-gallery.default\">\n\t\t\t\t<div class=\"elementor-widget-container\">\n\t\t\t\t\t\t\t<div class=\"nuss-grid-wrapper\" data-grid=\"{&quot;type&quot;:&quot;grid&quot;,&quot;ratio&quot;:null,&quot;columns&quot;:3,&quot;gutter&quot;:30}\">\r\n\t\t\t<div class=\"nuss-grid lazy-grid\">\r\n\t\t\t\t<div class=\"grid-sizer\"><\/div>\r\n\r\n\t\t\t\t\t\t\t\t\t\t\t\t<div class=\"grid-item\">\r\n\t\t\t\t\t\t<div class=\"nuss-box\">\t\t<div class=\"nuss-image image\">\r\n\t\t\t<img decoding=\"async\"  src=\"https:\/\/grandbayhotelzhuhai.com\/wp-content\/uploads\/2026\/02\/grandbayhotelzhuhai-137.webp\" alt=\"Grand Bay Hotel Zhuhai (137)\" \/>\t\t<\/div>\r\n\t\t\t\t<\/div>\t\t\t\t\t<\/div>\r\n\t\t\t\t\t\t<div class=\"grid-item\">\r\n\t\t\t\t\t\t<div class=\"nuss-box\">\t\t<div class=\"nuss-image image\">\r\n\t\t\t<img decoding=\"async\"  src=\"https:\/\/grandbayhotelzhuhai.com\/wp-content\/uploads\/2026\/02\/grandbayhotelzhuhai-130.webp\" alt=\"Grand Bay Hotel Zhuhai (130)\" \/>\t\t<\/div>\r\n\t\t\t\t<\/div>\t\t\t\t\t<\/div>\r\n\t\t\t\t\t\t<div class=\"grid-item\">\r\n\t\t\t\t\t\t<div class=\"nuss-box\">\t\t<div class=\"nuss-image image\">\r\n\t\t\t<img decoding=\"async\"  src=\"https:\/\/grandbayhotelzhuhai.com\/wp-content\/uploads\/2026\/02\/grandbayhotelzhuhai-122.webp\" alt=\"Grand Bay Hotel Zhuhai (122)\" \/>\t\t<\/div>\r\n\t\t\t\t<\/div>\t\t\t\t\t<\/div>\r\n\t\t\t\t\t\t<div class=\"grid-item\">\r\n\t\t\t\t\t\t<div class=\"nuss-box\">\t\t<div class=\"nuss-image image\">\r\n\t\t\t<img decoding=\"async\"  src=\"https:\/\/grandbayhotelzhuhai.com\/wp-content\/uploads\/2026\/02\/grandbayhotelzhuhai-112.webp\" alt=\"Grand Bay Hotel Zhuhai (112)\" \/>\t\t<\/div>\r\n\t\t\t\t<\/div>\t\t\t\t\t<\/div>\r\n\t\t\t\t\t\t<div class=\"grid-item\">\r\n\t\t\t\t\t\t<div class=\"nuss-box\">\t\t<div class=\"nuss-image image\">\r\n\t\t\t<img decoding=\"async\"  src=\"https:\/\/grandbayhotelzhuhai.com\/wp-content\/uploads\/2026\/02\/grandbayhotelzhuhai-110.webp\" alt=\"Grand Bay Hotel Zhuhai (110)\" \/>\t\t<\/div>\r\n\t\t\t\t<\/div>\t\t\t\t\t<\/div>\r\n\t\t\t\t\t\t<div class=\"grid-item\">\r\n\t\t\t\t\t\t<div class=\"nuss-box\">\t\t<div class=\"nuss-image image\">\r\n\t\t\t<img decoding=\"async\"  src=\"https:\/\/grandbayhotelzhuhai.com\/wp-content\/uploads\/2026\/02\/grandbayhotelzhuhai-104.webp\" alt=\"Grand Bay Hotel Zhuhai (104)\" \/>\t\t<\/div>\r\n\t\t\t\t<\/div>\t\t\t\t\t<\/div>\r\n\t\t\t\t\t\t<div class=\"grid-item\">\r\n\t\t\t\t\t\t<div class=\"nuss-box\">\t\t<div class=\"nuss-image image\">\r\n\t\t\t<img decoding=\"async\"  src=\"https:\/\/grandbayhotelzhuhai.com\/wp-content\/uploads\/2026\/02\/grandbayhotelzhuhai-99.webp\" alt=\"Grand Bay Hotel Zhuhai (99)\" \/>\t\t<\/div>\r\n\t\t\t\t<\/div>\t\t\t\t\t<\/div>\r\n\t\t\t\t\t\t<div class=\"grid-item\">\r\n\t\t\t\t\t\t<div class=\"nuss-box\">\t\t<div class=\"nuss-image image\">\r\n\t\t\t<img decoding=\"async\"  src=\"https:\/\/grandbayhotelzhuhai.com\/wp-content\/uploads\/2026\/02\/grandbayhotelzhuhai-98.webp\" alt=\"Grand Bay Hotel Zhuhai (98)\" \/>\t\t<\/div>\r\n\t\t\t\t<\/div>\t\t\t\t\t<\/div>\r\n\t\t\t\t\t\t\t\r\n\t\t\t<\/div>\r\n\t\t<\/div>\r\n\t\t\t\t\t\t<\/div>\n\t\t\t\t<\/div>\n\t\t\t\t\t<\/div>\n\t\t\t\t<\/div>\n\t\t<div class=\"elementor-element elementor-element-9674db4 e-flex e-con-boxed e-con e-parent\" data-id=\"9674db4\" data-element_type=\"container\" data-e-type=\"container\">\n\t\t\t\t\t<div class=\"e-con-inner\">\n\t\t\t\t<div class=\"elementor-element elementor-element-5fd0080 elementor-widget elementor-widget-text-editor\" data-id=\"5fd0080\" data-element_type=\"widget\" data-e-type=\"widget\" data-widget_type=\"text-editor.default\">\n\t\t\t\t\t\t\t\t\t<div class=\"qwen-markdown-paragraph\"><span class=\"qwen-markdown-text\">Ubicado en <\/span><strong class=\"qwen-markdown-strong\"><span class=\"qwen-markdown-text\">No. 245 Shuiwan Road, Gongbei, distrito de Xiangzhou, Zhuhai, Guangdong 519020, China<\/span><\/strong><span class=\"qwen-markdown-text\">, la experiencia gastron\u00f3mica en <\/span><em><span class=\"qwen-markdown-text\">Hotel Grand Bay Zhuhai<\/span><\/em><span class=\"qwen-markdown-text\"> trasciende el mero sustento: es una celebraci\u00f3n curada de <\/span><strong class=\"qwen-markdown-strong\"><span class=\"qwen-markdown-text\">Alma cantonesa, frescura mar\u00edtima y arte moderno.<\/span><\/strong><span class=\"qwen-markdown-text\">, Todo ello con el tel\u00f3n de fondo de una de las ciudades costeras m\u00e1s din\u00e1micas de China. El hotel cuenta con una excepcional... <\/span><strong class=\"qwen-markdown-strong\"><span class=\"qwen-markdown-text\">Calificaci\u00f3n de 9,5\/10 de m\u00e1s de 8.160 hu\u00e9spedes verificados<\/span><\/strong><span class=\"qwen-markdown-text\"> (Trip.com), sus restaurantes\u2014<\/span><strong class=\"qwen-markdown-strong\"><span class=\"qwen-markdown-text\">Restaurante Grand Elite<\/span><\/strong><span class=\"qwen-markdown-text\"> y <\/span><strong class=\"qwen-markdown-strong\"><span class=\"qwen-markdown-text\">Caf\u00e9 Plus<\/span><\/strong><span class=\"qwen-markdown-text\">\u2014son pilares del renacimiento de la alta cocina de Zhuhai, elogiados constantemente por su autenticidad, variedad e impecable ejecuci\u00f3n.<\/span><\/div><div class=\"qwen-markdown-space\">\u00a0<\/div><h3 class=\"qwen-markdown-heading\"><span class=\"qwen-markdown-text\">\ud83c\udf0a <\/span><em><span class=\"qwen-markdown-text\">Restaurante Grand Elite<\/span><\/em><span class=\"qwen-markdown-text\">:El latido del coraz\u00f3n de la aut\u00e9ntica excelencia cantonesa<\/span><\/h3><div class=\"qwen-markdown-paragraph\"><span class=\"qwen-markdown-text\">Aclamado por los invitados como <\/span><em><span class=\"qwen-markdown-text\">\u201cUno de los mejores restaurantes de Zhuhai\u201d<\/span><\/em><span class=\"qwen-markdown-text\">, Grand Elite no es solo un restaurante de hotel, es un destino en s\u00ed mismo. Aqu\u00ed, la tradici\u00f3n se honra sin estancamiento: chefs expertos formados en Guangdong <\/span><em><span class=\"qwen-markdown-text\">cocina lingna<\/span><\/em><span class=\"qwen-markdown-text\"> Platos artesanales que honran t\u00e9cnicas centenarias y adoptan la innovaci\u00f3n de temporada. Entre sus platos estrella se incluyen:<\/span><\/div><ul class=\"qwen-markdown-list\" dir=\"auto\"><li><strong class=\"qwen-markdown-strong\"><span class=\"qwen-markdown-text\">Lubina al vapor con aceite de jengibre y cebolleta<\/span><\/strong><span class=\"qwen-markdown-text\">\u2014proveniente diariamente de pescadores locales en el Mar de China Meridional, servido momentos despu\u00e9s de la captura.<\/span><\/li><li><strong class=\"qwen-markdown-strong\"><span class=\"qwen-markdown-text\">Abul\u00f3n estofado con salsa de ostras y vino Shaoxing<\/span><\/strong><span class=\"qwen-markdown-text\">\u2014cocinado a fuego lento durante m\u00e1s de 4 horas con ingredientes tradicionales <\/span><em><span class=\"qwen-markdown-text\">pardo<\/span><\/em><span class=\"qwen-markdown-text\"> (m\u00e9todos de cocci\u00f3n al vapor y estofado).<\/span><\/li><li><strong class=\"qwen-markdown-strong\"><span class=\"qwen-markdown-text\">Hecho a mano <\/span><em><span class=\"qwen-markdown-text\">Xiaolongbao<\/span><\/em><span class=\"qwen-markdown-text\"> con huevas de cangrejo y cerdo<\/span><\/strong><span class=\"qwen-markdown-text\">\u2014una delicada fusi\u00f3n de influencia de Jiangnan y precisi\u00f3n cantonesa.<\/span><\/li><\/ul><div class=\"qwen-markdown-space\">\u00a0<\/div><div class=\"qwen-markdown-paragraph\"><span class=\"qwen-markdown-text\">El elegante interior del restaurante, con paneles de cer\u00e1mica pintados a mano que representan <\/span><em><span class=\"qwen-markdown-text\">Plataforma Guan&#039;ao<\/span><\/em><span class=\"qwen-markdown-text\"> Los amaneceres y los muebles de palisandro hechos a medida crean un ambiente de refinada intimidad, ideal para cenas de negocios, celebraciones de aniversario o para disfrutar de un momento de relax. Abierto para almuerzos y cenas, el Grand Elite tambi\u00e9n ofrece comedores privados (con capacidad para 6 a 20 personas) con servicio personalizado, una rareza en el panorama hotelero de Zhuhai.<\/span><\/div><div class=\"qwen-markdown-space\">\u00a0<\/div><h3 class=\"qwen-markdown-heading\"><span class=\"qwen-markdown-text\">\u2615 <\/span><em><span class=\"qwen-markdown-text\">Caf\u00e9 Plus<\/span><\/em><span class=\"qwen-markdown-text\">: Estilo global todo el d\u00eda con alma local<\/span><\/h3><div class=\"qwen-markdown-paragraph\"><span class=\"qwen-markdown-text\">Para los viajeros que buscan una variedad vibrante, <\/span><em><span class=\"qwen-markdown-text\">Caf\u00e9 Plus<\/span><\/em><span class=\"qwen-markdown-text\"> ofrece una experiencia de buffet internacional din\u00e1mica, calificada como &quot;sobresaliente&quot; por los hu\u00e9spedes por su <\/span><strong class=\"qwen-markdown-strong\"><span class=\"qwen-markdown-text\">Frescura, diversidad y presentaci\u00f3n<\/span><\/strong><span class=\"qwen-markdown-text\">. De la ma\u00f1ana a la noche, la cocina abierta presenta estaciones en vivo:<\/span><\/div><ul class=\"qwen-markdown-list\" dir=\"auto\"><li><strong class=\"qwen-markdown-strong\"><span class=\"qwen-markdown-text\">Desayuno<\/span><\/strong><span class=\"qwen-markdown-text\">:Una mezcla armoniosa de cl\u00e1sicos occidentales (barra de tortillas, pasteles artesanales) y platos b\u00e1sicos chinos (<\/span><em><span class=\"qwen-markdown-text\">zhaliang<\/span><\/em><span class=\"qwen-markdown-text\">, <\/span><em><span class=\"qwen-markdown-text\">gachas de avena<\/span><\/em><span class=\"qwen-markdown-text\">, <\/span><em><span class=\"qwen-markdown-text\">dim sum<\/span><\/em><span class=\"qwen-markdown-text\"> bandejas), todas preparadas frescas cada hora.<\/span><\/li><li><strong class=\"qwen-markdown-strong\"><span class=\"qwen-markdown-text\">Almuerzo y cena buffet<\/span><\/strong><span class=\"qwen-markdown-text\">:Temas rotativos\u2014<\/span><em><span class=\"qwen-markdown-text\">Extravagancia de mariscos<\/span><\/em><span class=\"qwen-markdown-text\"> (con ostras de Zhuhai, vieiras y mero moteado), <\/span><em><span class=\"qwen-markdown-text\">Rinc\u00f3n de comida callejera de Lingnan<\/span><\/em><span class=\"qwen-markdown-text\"> (con <\/span><em><span class=\"qwen-markdown-text\">pato estofado al estilo Chaozhou<\/span><\/em><span class=\"qwen-markdown-text\">, <\/span><em><span class=\"qwen-markdown-text\">fideos wonton<\/span><\/em><span class=\"qwen-markdown-text\">, y <\/span><em><span class=\"qwen-markdown-text\">pasta de taro de batata<\/span><\/em><span class=\"qwen-markdown-text\">), y <\/span><em><span class=\"qwen-markdown-text\">Bocados globales<\/span><\/em><span class=\"qwen-markdown-text\"> (Sushi japon\u00e9s, pasta italiana, curry indio).<\/span><\/li><li><strong class=\"qwen-markdown-strong\"><span class=\"qwen-markdown-text\">Galer\u00eda de postres<\/span><\/strong><span class=\"qwen-markdown-text\">:Hecho en casa <\/span><em><span class=\"qwen-markdown-text\">sag\u00fa de mango y pomelo<\/span><\/em><span class=\"qwen-markdown-text\">, <\/span><em><span class=\"qwen-markdown-text\">pud\u00edn de tofu con s\u00e9samo negro<\/span><\/em><span class=\"qwen-markdown-text\">, y pasteler\u00edas europeas, todas con opciones sin gluten y veganas, claramente etiquetadas.<\/span><\/li><\/ul><div class=\"qwen-markdown-space\">\u00a0<\/div><div class=\"qwen-markdown-paragraph\"><span class=\"qwen-markdown-text\">Los hu\u00e9spedes elogian especialmente el <\/span><strong class=\"qwen-markdown-strong\"><span class=\"qwen-markdown-text\">Men\u00fa de servicio de habitaciones las 24 horas<\/span><\/strong><span class=\"qwen-markdown-text\">, que extiende la excelencia culinaria de Caf\u00e9 Plus a la privacidad de las habitaciones de los hu\u00e9spedes, con entrega con temperatura controlada y soporte de pedidos biling\u00fce.<\/span><\/div><div class=\"qwen-markdown-space\">\u00a0<\/div><h3 class=\"qwen-markdown-heading\"><span class=\"qwen-markdown-text\">\ud83c\udf77 <\/span><em><span class=\"qwen-markdown-text\">Bar del vest\u00edbulo<\/span><\/em><span class=\"qwen-markdown-text\">:Donde la brisa marina se encuentra con momentos artesanales<\/span><\/h3><div class=\"qwen-markdown-paragraph\"><span class=\"qwen-markdown-text\">Ubicado junto al soleado atrio del hotel, el Lobby Bar es el secreto mejor guardado de Zhuhai para una relajaci\u00f3n sofisticada. De d\u00eda, sirve t\u00e9s premium y aperitivos; por la noche, se transforma en un aut\u00e9ntico para\u00edso de c\u00f3cteles con:<\/span><\/div><ul class=\"qwen-markdown-list\" dir=\"auto\"><li><strong class=\"qwen-markdown-strong\"><span class=\"qwen-markdown-text\">Firma \u201cBrisa de la Bah\u00eda\u201d<\/span><\/strong><span class=\"qwen-markdown-text\">:Una casa infundida <\/span><em><span class=\"qwen-markdown-text\">vino shaoxing<\/span><\/em><span class=\"qwen-markdown-text\"> martini con lichi, kumquat y borde de sal marina, inspirado en el terroir costero de Zhuhai.<\/span><\/li><li><strong class=\"qwen-markdown-strong\"><span class=\"qwen-markdown-text\">Maridajes de artesan\u00eda local<\/span><\/strong><span class=\"qwen-markdown-text\">Selecciones rotativas de microcervecer\u00edas de Guangdong y oolongs de Fujian, seleccionadas mensualmente por nuestro sumiller.<\/span><\/li><li><strong class=\"qwen-markdown-strong\"><span class=\"qwen-markdown-text\">Veladas ac\u00fasticas en vivo<\/span><\/strong><span class=\"qwen-markdown-text\"> (Jueves a s\u00e1bado), donde los invitados beben bajo luces de colores mientras contemplan la resplandeciente vista al mar, una verdadera <\/span><em><span class=\"qwen-markdown-text\">ambiente besado por el mar<\/span><\/em><span class=\"qwen-markdown-text\">.<\/span><\/li><\/ul><div class=\"qwen-markdown-space\">\u00a0<\/div><h3 class=\"qwen-markdown-heading\"><span class=\"qwen-markdown-text\">Sostenibilidad y abastecimiento: Basados en la responsabilidad<\/span><\/h3><div class=\"qwen-markdown-paragraph\"><span class=\"qwen-markdown-text\">Creemos que el verdadero lujo comienza con la integridad. M\u00e1s de 70% de nuestros mariscos y productos agr\u00edcolas provienen de... <\/span><strong class=\"qwen-markdown-strong\"><span class=\"qwen-markdown-text\">50 kil\u00f3metros de Zhuhai<\/span><\/strong><span class=\"qwen-markdown-text\">, en colaboraci\u00f3n directa con:<\/span><\/div><ul class=\"qwen-markdown-list\" dir=\"auto\"><li><strong class=\"qwen-markdown-strong\"><span class=\"qwen-markdown-text\">Cooperativas pesqueras de la bah\u00eda de Jiuzhou<\/span><\/strong><span class=\"qwen-markdown-text\"> (para pescado capturado con l\u00ednea y rastreable),<\/span><\/li><li><strong class=\"qwen-markdown-strong\"><span class=\"qwen-markdown-text\">Granjas org\u00e1nicas de Xiangzhou<\/span><\/strong><span class=\"qwen-markdown-text\"> (para verduras, hierbas y arroz),<\/span><\/li><li><strong class=\"qwen-markdown-strong\"><span class=\"qwen-markdown-text\">Panader\u00edas tradicionales de Macao<\/span><\/strong><span class=\"qwen-markdown-text\"> (para tradicional <\/span><em><span class=\"qwen-markdown-text\">galletas de almendras<\/span><\/em><span class=\"qwen-markdown-text\"> y <\/span><em><span class=\"qwen-markdown-text\">tartas de huevo<\/span><\/em><span class=\"qwen-markdown-text\"> utilizado en postres).<\/span><\/li><\/ul><div class=\"qwen-markdown-space\">\u00a0<\/div><div class=\"qwen-markdown-paragraph\"><span class=\"qwen-markdown-text\">Nuestra iniciativa de cero residuos incluye compostar restos de cocina, reciclar c\u00e1scaras de c\u00edtricos para decorar bares y donar el excedente de alimentos a organizaciones ben\u00e9ficas locales, lo que nos ha valido el reconocimiento de la Green Hospitality Alliance de Zhuhai.<\/span><\/div><div class=\"qwen-markdown-space\">\u00a0<\/div><h3 class=\"qwen-markdown-heading\"><span class=\"qwen-markdown-text\">\u2705 Por qu\u00e9 los viajeros clasifican nuestra gastronom\u00eda entre las mejores de Zhuhai<\/span><\/h3><div class=\"qwen-markdown-paragraph\"><span class=\"qwen-markdown-text\">T\u00e9rminos de b\u00fasqueda como <\/span><em><span class=\"qwen-markdown-text\">\u201cEl mejor restaurante canton\u00e9s de Zhuhai, cerca de la frontera con Macao.\u201d<\/span><\/em><span class=\"qwen-markdown-text\">, <\/span><em><span class=\"qwen-markdown-text\">\u201cHotel de 5 estrellas con desayuno buffet en Zhuhai.\u201d<\/span><\/em><span class=\"qwen-markdown-text\">, o <\/span><em><span class=\"qwen-markdown-text\">\u201cHotel que admite mascotas con excelente gastronom\u00eda\u201d<\/span><\/em><span class=\"qwen-markdown-text\"> Conducen constantemente a los viajeros a Grand Bay, no por la publicidad, sino porque los hu\u00e9spedes reales citan repetidamente:<\/span><\/div><blockquote class=\"qwen-markdown-blockquote\"><div class=\"qwen-markdown-paragraph\"><em><span class=\"qwen-markdown-text\">\u201cEl pescado al vapor sab\u00eda como si lo hubieran pescado esa misma ma\u00f1ana, y el personal record\u00f3 mi restricci\u00f3n diet\u00e9tica del a\u00f1o pasado\u201d.\u201d<\/span><\/em><br \/><em><span class=\"qwen-markdown-text\">\u201cHe comido en lugares con estrellas Michelin en Hong Kong, pero el de Grand Elite <\/span><span class=\"qwen-markdown-text\">ganso estofado<\/span><span class=\"qwen-markdown-text\"> rivalizaban con ellos, sin el precio.\u201d<\/span><\/em><br \/><em><span class=\"qwen-markdown-text\">\u201cLa estaci\u00f3n de buffet para ni\u00f1os ten\u00eda <\/span><span class=\"qwen-markdown-text\">jianbing<\/span><span class=\"qwen-markdown-text\"> y mini <\/span><span class=\"qwen-markdown-text\">baozi<\/span><span class=\"qwen-markdown-text\">\u2014se sintieron incluidos, no como una idea de \u00faltimo momento\u201d.\u201d<\/span><\/em><\/div><\/blockquote><div class=\"qwen-markdown-space\">\u00a0<\/div><div class=\"qwen-markdown-paragraph\"><span class=\"qwen-markdown-text\">Con <\/span><strong class=\"qwen-markdown-strong\"><span class=\"qwen-markdown-text\">Servicio de habitaciones las 24 horas, men\u00fas multiling\u00fces, preparaci\u00f3n seg\u00fan alergias e integraci\u00f3n perfecta con la pol\u00edtica de mascotas del hotel.<\/span><\/strong><span class=\"qwen-markdown-text\">, Nuestra filosof\u00eda gastron\u00f3mica es sencilla pero profunda: <\/span><em><span class=\"qwen-markdown-text\">Cada comida deber\u00eda sentirse como un regreso a casa, incluso si nunca has estado aqu\u00ed antes.<\/span><\/em><\/div><div class=\"qwen-markdown-space\">\u00a0<\/div><div class=\"qwen-markdown-paragraph\"><span class=\"qwen-markdown-text\">Ingrese a los restaurantes del Grand Bay Hotel Zhuhai y no solo cenar\u00e1: se sumergir\u00e1 en la historia de una ciudad donde la tradici\u00f3n fluye como la marea y cada bocado cuenta una historia de lugar, gente y orgullo.<\/span><\/div><div class=\"qwen-markdown-space\">\u00a0<\/div><div class=\"qwen-markdown-paragraph\" data-spm-anchor-id=\"a2ty_o01.29997173.0.i38.12275171tzaKTt\"><span class=\"qwen-markdown-text\">\ud83d\udccd <\/span><em><span class=\"qwen-markdown-text\">Descubra la excelencia culinaria donde el r\u00edo de la Perla se encuentra con el mar, solo en Grand Bay Hotel Zhuhai.<\/span><\/em><\/div>\t\t\t\t\t\t\t\t<\/div>\n\t\t\t\t\t<\/div>\n\t\t\t\t<\/div>\n\t\t\t\t<\/div>","protected":false},"excerpt":{"rendered":"<p>Grand Bay Hotel Zhuhai Restaurants: Where Lingnan Heritage Meets Coastal Gastronomy \u2014 A 5-Star Culinary Journey on the Pearl River Delta\u2019s Edge Nestled at No. 245 Shuiwan Road, Gongbei, Xiangzhou District, Zhuhai, Guangdong 519020, China, the dining experience at Grand Bay Hotel Zhuhai transcends mere sustenance\u2014it is a curated celebration of Cantonese soul, maritime freshness, [&hellip;]<\/p>\n","protected":false},"author":1,"featured_media":0,"parent":0,"menu_order":0,"comment_status":"closed","ping_status":"closed","template":"elementor_header_footer","meta":{"footnotes":""},"class_list":["post-612","page","type-page","status-publish","hentry","post-no-thumbnail"],"_links":{"self":[{"href":"https:\/\/grandbayhotelzhuhai.com\/es\/wp-json\/wp\/v2\/pages\/612","targetHints":{"allow":["GET"]}}],"collection":[{"href":"https:\/\/grandbayhotelzhuhai.com\/es\/wp-json\/wp\/v2\/pages"}],"about":[{"href":"https:\/\/grandbayhotelzhuhai.com\/es\/wp-json\/wp\/v2\/types\/page"}],"author":[{"embeddable":true,"href":"https:\/\/grandbayhotelzhuhai.com\/es\/wp-json\/wp\/v2\/users\/1"}],"replies":[{"embeddable":true,"href":"https:\/\/grandbayhotelzhuhai.com\/es\/wp-json\/wp\/v2\/comments?post=612"}],"version-history":[{"count":0,"href":"https:\/\/grandbayhotelzhuhai.com\/es\/wp-json\/wp\/v2\/pages\/612\/revisions"}],"wp:attachment":[{"href":"https:\/\/grandbayhotelzhuhai.com\/es\/wp-json\/wp\/v2\/media?parent=612"}],"curies":[{"name":"wp","href":"https:\/\/api.w.org\/{rel}","templated":true}]}}