{"id":2104,"date":"2021-03-23T09:33:48","date_gmt":"2021-03-23T09:33:48","guid":{"rendered":"http:\/\/localhost\/nuss\/?page_id=167"},"modified":"2026-02-07T12:22:22","modified_gmt":"2026-02-07T12:22:22","slug":"notre-histoire","status":"publish","type":"page","link":"https:\/\/grandbayhotelzhuhai.com\/fr\/notre-histoire\/","title":{"rendered":"Notre histoire"},"content":{"rendered":"<div data-elementor-type=\"wp-page\" data-elementor-id=\"2104\" class=\"elementor elementor-2104\">\n\t\t\t\t\t\t<section class=\"elementor-section elementor-top-section elementor-element elementor-element-8f5bb9d elementor-section-boxed elementor-section-gap-beside-yes elementor-section-height-default elementor-section-height-default elementor-section-column-vertical-align-stretch\" data-id=\"8f5bb9d\" data-element_type=\"section\" data-e-type=\"section\">\n\t\t\t\t\t\t<div class=\"elementor-container elementor-column-gap-extended\">\n\t\t\t\t\t<div class=\"elementor-column elementor-col-100 elementor-top-column elementor-element elementor-element-7ec4215\" data-id=\"7ec4215\" data-element_type=\"column\" data-e-type=\"column\">\n\t\t\t<div class=\"elementor-widget-wrap elementor-element-populated\">\n\t\t\t\t\t\t<div class=\"elementor-element elementor-element-edd9d03 elementor-widget__width-initial elementor-invisible elementor-widget elementor-widget-text-editor\" data-id=\"edd9d03\" data-element_type=\"widget\" data-e-type=\"widget\" data-settings=\"{&quot;_animation&quot;:&quot;nussFadeInUp&quot;}\" data-widget_type=\"text-editor.default\">\n\t\t\t\t\t\t\t\t\t<div class=\"qwen-markdown-paragraph\"><strong class=\"qwen-markdown-strong\"><span class=\"qwen-markdown-text\" data-spm-anchor-id=\"a2ty_o01.29997173.0.i32.12275171tzaKTt\">Notre histoire : Quand le patrimoine c\u00f4tier rencontre l&#039;hospitalit\u00e9 moderne \u2014 The Grand Bay Hotel Zhuhai Chronicle<\/span><\/strong><\/div>\t\t\t\t\t\t\t\t<\/div>\n\t\t\t\t\t<\/div>\n\t\t<\/div>\n\t\t\t\t\t<\/div>\n\t\t<\/section>\n\t\t<div class=\"elementor-element elementor-element-d845f33 e-flex e-con-boxed e-con e-parent\" data-id=\"d845f33\" data-element_type=\"container\" data-e-type=\"container\">\n\t\t\t\t\t<div class=\"e-con-inner\">\n\t\t\t\t<div class=\"elementor-element elementor-element-6612467 elementor-widget elementor-widget-text-editor\" data-id=\"6612467\" data-element_type=\"widget\" data-e-type=\"widget\" data-widget_type=\"text-editor.default\">\n\t\t\t\t\t\t\t\t\t<div class=\"qwen-markdown-paragraph\" data-spm-anchor-id=\"a2ty_o01.29997173.0.i33.12275171tzaKTt\"><span class=\"qwen-markdown-text\">Nich\u00e9 le long de la courbe ensoleill\u00e9e de la route Shuiwan, dans le quartier anim\u00e9 de Gongbei \u00e0 Zhuhai, o\u00f9 les rythmes de la Chine continentale rencontrent le pouls de Macao de l&#039;autre c\u00f4t\u00e9 de la fronti\u00e8re,<\/span><em><span class=\"qwen-markdown-text\">H\u00f4tel Grand Bay Zhuhai<\/span><\/em><span class=\"qwen-markdown-text\"> est bien plus qu&#039;un h\u00f4tel. C&#039;est le r\u00e9cit vivant d&#039;une r\u00e9silience, d&#039;une vision et d&#039;un lien profond avec le lieu. Notre histoire ne commence pas par une grande c\u00e9r\u00e9monie d&#039;inauguration, mais par une conviction profonde\u00a0: le vrai luxe ne r\u00e9side pas dans l&#039;opulence seule, mais dans\u2026 <\/span><em><span class=\"qwen-markdown-text\">pr\u00e9sence<\/span><\/em><span class=\"qwen-markdown-text\">\u2014dans la mani\u00e8re dont un espace conserve la m\u00e9moire, nourrit le sentiment d\u2019appartenance et honore les personnes qui franchissent ses portes.<\/span><\/div><div class=\"qwen-markdown-space\">\u00a0<\/div><div class=\"qwen-markdown-paragraph\"><span class=\"qwen-markdown-text\">Fond\u00e9e au d\u00e9but des ann\u00e9es 2000, alors que Zhuhai se transformait d&#039;une paisible ville c\u00f4ti\u00e8re en un p\u00f4le dynamique de la r\u00e9gion de la Grande Baie, Grand Bay a vu le jour \u00e0 un moment charni\u00e8re de la renaissance du littoral chinois. \u00c0 une \u00e9poque o\u00f9 le d\u00e9veloppement rapide sacrifiait souvent l&#039;\u00e2me au profit de la grandeur, nos fondateurs ont choisi une autre voie\u00a0: celle de b\u00e2tir un sanctuaire respectueux de l&#039;identit\u00e9 maritime de Zhuhai \u2013 son h\u00e9ritage de p\u00eache, ses promenades a\u00e9r\u00e9es, son harmonieux m\u00e9lange de tradition cantonaise et d&#039;ambition moderne. <\/span><em><span class=\"qwen-markdown-text\">\u201c Grande Baie \u201d<\/span><\/em><span class=\"qwen-markdown-text\"> a \u00e9t\u00e9 choisi d\u00e9lib\u00e9r\u00e9ment : <\/span><em><span class=\"qwen-markdown-text\">Grandiose<\/span><\/em><span class=\"qwen-markdown-text\"> pour l&#039;ambition, l&#039;int\u00e9grit\u00e9 et la g\u00e9n\u00e9rosit\u00e9 ; <\/span><em><span class=\"qwen-markdown-text\">Baie<\/span><\/em><span class=\"qwen-markdown-text\"> Pour la mer de Chine m\u00e9ridionale qui berce notre ville, pour les changements que nous accueillons et pour l&#039;abri que nous offrons aux voyageurs \u2013 un havre de paix dans un monde en perp\u00e9tuel mouvement.<\/span><\/div><div class=\"qwen-markdown-space\">\u00a0<\/div><div class=\"qwen-markdown-paragraph\"><span class=\"qwen-markdown-text\">D\u00e8s le d\u00e9part, nous nous sommes engag\u00e9s envers trois piliers qui restent in\u00e9branlables aujourd&#039;hui\u00a0:<\/span><\/div><div class=\"qwen-markdown-space\">\u00a0<\/div><div class=\"qwen-markdown-paragraph\"><span class=\"qwen-markdown-text\">\ud83d\udd39 <\/span><strong class=\"qwen-markdown-strong\"><span class=\"qwen-markdown-text\">Enracin\u00e9 dans le lieu<\/span><\/strong><br \/><span class=\"qwen-markdown-text\">Chaque choix de design refl\u00e8te le caract\u00e8re c\u00f4tier de Zhuhai\u00a0: les int\u00e9rieurs baign\u00e9s de lumi\u00e8re font \u00e9cho aux palettes de coquillages\u00a0; les textures de pierre et de bambou d\u2019origine locale rendent hommage au savoir-faire du Lingnan\u00a0; m\u00eame les \u0153uvres d\u2019art du hall d\u2019entr\u00e9e pr\u00e9sentent des pi\u00e8ces command\u00e9es \u00e0 des artistes du Guangdong repr\u00e9sentant\u2026 <\/span><em><span class=\"qwen-markdown-text\">Plateforme de Guan&#039;ao<\/span><\/em><span class=\"qwen-markdown-text\"> levers de soleil et <\/span><em><span class=\"qwen-markdown-text\">NanBei FengWei MeiShiJie<\/span><\/em><span class=\"qwen-markdown-text\"> La vie de rue. Nous n&#039;avons pas import\u00e9 un \u201c mod\u00e8le de luxe \u201d g\u00e9n\u00e9rique\u00a0; nous avons co-cr\u00e9\u00e9 un foyer qui <\/span><em><span class=\"qwen-markdown-text\">appartient<\/span><\/em><span class=\"qwen-markdown-text\"> ici.<\/span><\/div><div class=\"qwen-markdown-space\">\u00a0<\/div><div class=\"qwen-markdown-paragraph\"><span class=\"qwen-markdown-text\">\ud83d\udd39 <\/span><strong class=\"qwen-markdown-strong\"><span class=\"qwen-markdown-text\">L&#039;hospitalit\u00e9 centr\u00e9e sur l&#039;humain<\/span><\/strong><br \/><span class=\"qwen-markdown-text\">\u00c0 l&#039;\u00e8re de l&#039;automatisation, nous avons mis\u00e9 sur l&#039;humain. Notre personnel d&#039;accueil est form\u00e9 non seulement aux proc\u00e9dures, mais aussi \u00e0\u2026 <\/span><em><span class=\"qwen-markdown-text\">reconnaissance<\/span><\/em><span class=\"qwen-markdown-text\">\u2014 se souvenir de l\u2019oreiller pr\u00e9f\u00e9r\u00e9 d\u2019un client, du nom d\u2019un enfant ou de la fa\u00e7on dont il aime son th\u00e9. Lorsqu\u2019une famille est arriv\u00e9e avec son chien \u00e2g\u00e9 pendant la saison des typhons, notre \u00e9quipe leur a pr\u00e9par\u00e9 une chambre bien chauff\u00e9e, leur a fait livrer de la nourriture pour animaux d\u2019un fournisseur local et est rest\u00e9e tard pour s\u2019assurer de leur confort. Ce moment \u2014 spontan\u00e9, improvis\u00e9 \u2014 est entr\u00e9 dans la l\u00e9gende de notre \u00e9tablissement. Aujourd\u2019hui, plus de 921\u00a0000 clients affirment s\u2019\u00eatre sentis \u201c\u00a0v\u00e9ritablement consid\u00e9r\u00e9s\u00a0\u201d, et pas seulement servis.<\/span><\/div><div class=\"qwen-markdown-space\">\u00a0<\/div><div class=\"qwen-markdown-paragraph\"><span class=\"qwen-markdown-text\">\ud83d\udd39 <\/span><strong class=\"qwen-markdown-strong\"><span class=\"qwen-markdown-text\">Excellence inclusive<\/span><\/strong><br \/><span class=\"qwen-markdown-text\">Nous avons fait un choix audacieux en 2015\u00a0: devenir l\u2019un des premiers \u00e0 Zhuhai <\/span><em><span class=\"qwen-markdown-text\">gratuit<\/span><\/em><span class=\"qwen-markdown-text\"> Des h\u00f4tels 5 \u00e9toiles acceptant les animaux de compagnie\u00a0: une d\u00e9cision n\u00e9e de l\u2019empathie, et non du marketing. Pour les voyageurs accompagn\u00e9s de leurs compagnons \u00e0 quatre pattes, l\u2019exclusion \u00e9tait inconcevable. Depuis, des milliers de chats, de chiens et m\u00eame quelques lapins bien \u00e9lev\u00e9s ont franchi nos portes, chacun accueilli avec un kit de bienvenue personnalis\u00e9. Cette politique, devenue embl\u00e9matique, symbolise notre conviction que l\u2019hospitalit\u00e9 doit s\u2019\u00e9tendre, et non se restreindre, pour englober toutes les formes d\u2019amour et de fid\u00e9lit\u00e9.<\/span><\/div><div class=\"qwen-markdown-space\">\u00a0<\/div><div class=\"qwen-markdown-paragraph\"><span class=\"qwen-markdown-text\">Notre parcours a \u00e9t\u00e9 jalonn\u00e9 d&#039;\u00e9tapes discr\u00e8tes :<\/span><br \/><span class=\"qwen-markdown-text\">\u2192 En 2018, nous avons lanc\u00e9 <\/span><em><span class=\"qwen-markdown-text\">\u201c Le go\u00fbt de la baie \u201d<\/span><\/em><span class=\"qwen-markdown-text\">, une initiative culinaire en partenariat avec des p\u00eacheurs et des agriculteurs locaux pour s&#039;approvisionner en 70% de fruits de mer et de produits frais dans un rayon de 50 km, ce qui lui a valu les \u00e9loges de chefs reconnus par le Guide Michelin.<\/span><br \/><span class=\"qwen-markdown-text\">\u2192 En 2021, nous avons r\u00e9nov\u00e9 les 316 chambres avec des mat\u00e9riaux durables et des syst\u00e8mes \u00e9nerg\u00e9tiques intelligents, r\u00e9duisant la consommation d&#039;eau de 28% tout en am\u00e9liorant le confort des clients.<\/span><br \/><span class=\"qwen-markdown-text\">\u2192 En 2023, nous avons ouvert le <\/span><em><span class=\"qwen-markdown-text\">Salon du port<\/span><\/em><span class=\"qwen-markdown-text\">, un espace communautaire o\u00f9 clients, habitants et expatri\u00e9s se retrouvent pour des soir\u00e9es de contes, des c\u00e9r\u00e9monies du th\u00e9 et des \u00e9changes linguistiques, brouillant ainsi la fronti\u00e8re entre h\u00f4tel et centre culturel.<\/span><\/div><div class=\"qwen-markdown-space\">\u00a0<\/div><div class=\"qwen-markdown-paragraph\"><span class=\"qwen-markdown-text\">Aujourd&#039;hui, avec <\/span><strong class=\"qwen-markdown-strong\"><span class=\"qwen-markdown-text\">Plus de 8 160 avis v\u00e9rifi\u00e9s avec une note moyenne de 9,5\/10<\/span><\/strong><span class=\"qwen-markdown-text\">, Le Grand Bay Hotel Zhuhai t\u00e9moigne que l&#039;excellence n&#039;est pas \u00e9ph\u00e9m\u00e8re\u00a0: elle se cultive au quotidien, chambre apr\u00e8s chambre, sourire apr\u00e8s sourire. Nous avons accueilli des d\u00eeners de demande en mariage sous les \u00e9toiles, des sommets d&#039;affaires dans nos salles de banquet surplombant le pont vers Hong Kong, et des retrouvailles familiales empreintes d&#039;intimit\u00e9, malgr\u00e9 la distance et le temps.<\/span><\/div><div class=\"qwen-markdown-space\">\u00a0<\/div><div class=\"qwen-markdown-paragraph\"><span class=\"qwen-markdown-text\">Notre histoire continue de s&#039;\u00e9crire, non pas dans des brochures, mais dans les petits mots manuscrits laiss\u00e9s sur les tables de chevet, les rires qui r\u00e9sonnent au Caf\u00e9 Plus \u00e0 l&#039;aube, les empreintes de pattes sur la moquette du hall et la gratitude silencieuse dans les yeux d&#039;un client qui retourne dans le monde, ressourc\u00e9.<\/span><\/div><div class=\"qwen-markdown-space\">\u00a0<\/div><div class=\"qwen-markdown-paragraph\"><span class=\"qwen-markdown-text\">Nous ne sommes pas simplement <\/span><em><span class=\"qwen-markdown-text\">dans<\/span><\/em><span class=\"qwen-markdown-text\"> Zhuhai.<\/span><br \/><span class=\"qwen-markdown-text\">Nous sommes <\/span><em><span class=\"qwen-markdown-text\">de<\/span><\/em><span class=\"qwen-markdown-text\"> Zhuhai.<\/span><br \/><span class=\"qwen-markdown-text\">Et chaque invit\u00e9 qui franchit nos portes devient une partie int\u00e9grante de notre histoire, l\u00e0 o\u00f9 la baie rencontre le c\u0153ur et o\u00f9 l&#039;hospitalit\u00e9 coule aussi librement que la mar\u00e9e.<\/span><\/div><div class=\"qwen-markdown-space\">\u00a0<\/div><div class=\"qwen-markdown-paragraph\" data-spm-anchor-id=\"a2ty_o01.29997173.0.i35.12275171tzaKTt\"><em><span class=\"qwen-markdown-text\">Bienvenue chez vous, \u00e0 Grand Bay.<\/span><\/em><br \/><span class=\"qwen-markdown-text\">\ud83d\udccd No. 245 Shuiwan Road, Gongbei, district de Xiangzhou, Zhuhai, Guangdong 519020, Chine<\/span><\/div>\t\t\t\t\t\t\t\t<\/div>\n\t\t\t\t\t<\/div>\n\t\t\t\t<\/div>\n\t\t\t\t<\/div>","protected":false},"excerpt":{"rendered":"<p>Our Story: Where Coastal Legacy Meets Modern Hospitality \u2014 The Grand Bay Hotel Zhuhai ChronicleNestled along the sun-kissed curve of Shuiwan Road in Zhuhai\u2019s vibrant Gongbei district\u2014where the rhythms of mainland China meet the pulse of Macau across the border\u2014Grand Bay Hotel Zhuhai is more than a hotel. It is a living narrative of resilience, [&hellip;]<\/p>\n","protected":false},"author":1,"featured_media":0,"parent":0,"menu_order":0,"comment_status":"closed","ping_status":"closed","template":"elementor_header_footer","meta":{"footnotes":""},"class_list":["post-2104","page","type-page","status-publish","hentry","post-no-thumbnail"],"_links":{"self":[{"href":"https:\/\/grandbayhotelzhuhai.com\/fr\/wp-json\/wp\/v2\/pages\/2104","targetHints":{"allow":["GET"]}}],"collection":[{"href":"https:\/\/grandbayhotelzhuhai.com\/fr\/wp-json\/wp\/v2\/pages"}],"about":[{"href":"https:\/\/grandbayhotelzhuhai.com\/fr\/wp-json\/wp\/v2\/types\/page"}],"author":[{"embeddable":true,"href":"https:\/\/grandbayhotelzhuhai.com\/fr\/wp-json\/wp\/v2\/users\/1"}],"replies":[{"embeddable":true,"href":"https:\/\/grandbayhotelzhuhai.com\/fr\/wp-json\/wp\/v2\/comments?post=2104"}],"version-history":[{"count":0,"href":"https:\/\/grandbayhotelzhuhai.com\/fr\/wp-json\/wp\/v2\/pages\/2104\/revisions"}],"wp:attachment":[{"href":"https:\/\/grandbayhotelzhuhai.com\/fr\/wp-json\/wp\/v2\/media?parent=2104"}],"curies":[{"name":"wp","href":"https:\/\/api.w.org\/{rel}","templated":true}]}}