{"id":5266,"date":"2021-07-18T08:03:35","date_gmt":"2021-07-18T08:03:35","guid":{"rendered":"https:\/\/nuss.uxper.co\/luxury-resort\/?page_id=5266"},"modified":"2026-02-03T15:04:56","modified_gmt":"2026-02-03T15:04:56","slug":"a-propos-de-nous","status":"publish","type":"page","link":"https:\/\/grandbayhotelzhuhai.com\/fr\/a-propos-de-nous\/","title":{"rendered":"\u00c0 propos de nous"},"content":{"rendered":"<div data-elementor-type=\"wp-page\" data-elementor-id=\"5266\" class=\"elementor elementor-5266\">\n\t\t\t\t\t\t<section class=\"elementor-section elementor-top-section elementor-element elementor-element-10416953 elementor-section-boxed elementor-section-gap-beside-yes elementor-section-height-default elementor-section-height-default elementor-section-column-vertical-align-stretch\" data-id=\"10416953\" data-element_type=\"section\" data-e-type=\"section\">\n\t\t\t\t\t\t<div class=\"elementor-container elementor-column-gap-extended\">\n\t\t\t\t\t<div class=\"elementor-column elementor-col-100 elementor-top-column elementor-element elementor-element-29c6aa8\" data-id=\"29c6aa8\" data-element_type=\"column\" data-e-type=\"column\">\n\t\t\t<div class=\"elementor-widget-wrap elementor-element-populated\">\n\t\t\t\t\t\t<div class=\"elementor-element elementor-element-7be18fe7 elementor-widget__width-initial elementor-invisible elementor-widget elementor-widget-text-editor\" data-id=\"7be18fe7\" data-element_type=\"widget\" data-e-type=\"widget\" data-settings=\"{&quot;_animation&quot;:&quot;nussFadeInUp&quot;}\" data-widget_type=\"text-editor.default\">\n\t\t\t\t\t\t\t\t\t<div class=\"qwen-markdown-paragraph\"><strong class=\"qwen-markdown-strong\"><span class=\"qwen-markdown-text\" data-spm-anchor-id=\"a2ty_o01.29997173.0.i18.12275171rC1lFB\">H\u00f4tel Grand Bay Zhuhai \u2013 L\u00e0 o\u00f9 l&#039;\u00e9l\u00e9gance c\u00f4ti\u00e8re rencontre le dynamisme urbain au c\u0153ur de la r\u00e9gion de la Grande Baie<\/span><\/strong><\/div>\t\t\t\t\t\t\t\t<\/div>\n\t\t\t\t\t<\/div>\n\t\t<\/div>\n\t\t\t\t\t<\/div>\n\t\t<\/section>\n\t\t\t\t<section class=\"elementor-section elementor-top-section elementor-element elementor-element-7d18327f elementor-section-boxed elementor-section-gap-beside-yes elementor-section-height-default elementor-section-height-default elementor-section-column-vertical-align-stretch\" data-id=\"7d18327f\" data-element_type=\"section\" data-e-type=\"section\">\n\t\t\t\t\t\t<div class=\"elementor-container elementor-column-gap-extended\">\n\t\t\t\t\t<div class=\"elementor-column elementor-col-50 elementor-top-column elementor-element elementor-element-56533670\" data-id=\"56533670\" data-element_type=\"column\" data-e-type=\"column\">\n\t\t\t<div class=\"elementor-widget-wrap elementor-element-populated\">\n\t\t\t\t\t\t<div class=\"elementor-element elementor-element-19c3f543 elementor-invisible elementor-widget elementor-widget-text-editor\" data-id=\"19c3f543\" data-element_type=\"widget\" data-e-type=\"widget\" data-settings=\"{&quot;_animation&quot;:&quot;nussFadeInUp&quot;}\" data-widget_type=\"text-editor.default\">\n\t\t\t\t\t\t\t\t\t<div class=\"qwen-markdown-paragraph\"><span class=\"qwen-markdown-text\" data-spm-anchor-id=\"a2ty_o01.29997173.0.i20.12275171rC1lFB\">Nich\u00e9 \u00e0 <\/span><strong class=\"qwen-markdown-strong\"><span class=\"qwen-markdown-text\">No. 245 Shuiwan Road, Gongbei, district de Xiangzhou, Zhuhai, Guangdong 519020, Chine<\/span><\/strong><span class=\"qwen-markdown-text\">, <\/span><em><span class=\"qwen-markdown-text\">H\u00f4tel Grand Bay Zhuhai<\/span><\/em><span class=\"qwen-markdown-text\" data-spm-anchor-id=\"a2ty_o01.29997173.0.i21.12275171rC1lFB\"> Cet \u00e9tablissement h\u00f4telier 4 \u00e9toiles de premier plan allie avec brio le charme serein du bord de mer \u00e0 l&#039;\u00e9nergie dynamique de l&#039;une des villes c\u00f4ti\u00e8res les plus strat\u00e9giques de Chine. Id\u00e9alement situ\u00e9 \u00e0 quelques minutes de\u2026 <\/span><strong class=\"qwen-markdown-strong\"><span class=\"qwen-markdown-text\">Porte fronti\u00e8re Zhuhai-Macao (port de Gongbei)<\/span><\/strong><span class=\"qwen-markdown-text\"> et \u00e0 port\u00e9e de main de l&#039;embl\u00e9matique <\/span><strong class=\"qwen-markdown-strong\"><span class=\"qwen-markdown-text\">Pont Hong Kong\u2013Zhuhai\u2013Macao<\/span><\/strong><span class=\"qwen-markdown-text\">, L&#039;h\u00f4tel offre une accessibilit\u00e9 in\u00e9gal\u00e9e, tant pour les voyageurs de loisirs explorant le delta de la rivi\u00e8re des Perles que pour les professionnels en affaires participant \u00e0 la croissance \u00e9conomique florissante de la r\u00e9gion de la baie de San Francisco.<\/span><\/div>\t\t\t\t\t\t\t\t<\/div>\n\t\t\t\t\t<\/div>\n\t\t<\/div>\n\t\t\t\t<div class=\"elementor-column elementor-col-50 elementor-top-column elementor-element elementor-element-30f14127\" data-id=\"30f14127\" data-element_type=\"column\" data-e-type=\"column\">\n\t\t\t<div class=\"elementor-widget-wrap elementor-element-populated\">\n\t\t\t\t\t\t<div class=\"elementor-element elementor-element-350da02e elementor-invisible nuss-elementor-loading nuss-slide-in-left elementor-widget elementor-widget-image\" data-id=\"350da02e\" data-element_type=\"widget\" data-e-type=\"widget\" data-settings=\"{&quot;_animation&quot;:&quot;nussSlideInLeft&quot;}\" data-widget_type=\"image.default\">\n\t\t\t\t\t\t\t\t\t\t\t\t\t\t\t<img fetchpriority=\"high\" decoding=\"async\" width=\"872\" height=\"853\" src=\"https:\/\/grandbayhotelzhuhai.com\/wp-content\/uploads\/2026\/02\/grandbayhotelzhuhai-47.webp\" class=\"attachment-full size-full wp-image-5593\" alt=\"\" srcset=\"https:\/\/grandbayhotelzhuhai.com\/wp-content\/uploads\/2026\/02\/grandbayhotelzhuhai-47.webp 872w, https:\/\/grandbayhotelzhuhai.com\/wp-content\/uploads\/2026\/02\/grandbayhotelzhuhai-47-300x293.webp 300w, https:\/\/grandbayhotelzhuhai.com\/wp-content\/uploads\/2026\/02\/grandbayhotelzhuhai-47-768x751.webp 768w\" sizes=\"(max-width: 872px) 100vw, 872px\" \/>\t\t\t\t\t\t\t\t\t\t\t\t\t\t\t<\/div>\n\t\t\t\t\t<\/div>\n\t\t<\/div>\n\t\t\t\t\t<\/div>\n\t\t<\/section>\n\t\t\t\t<section class=\"elementor-section elementor-top-section elementor-element elementor-element-29fb8578 elementor-section-height-min-height elementor-section-stretched elementor-section-full_width elementor-section-items-stretch elementor-section-height-default elementor-section-column-vertical-align-stretch\" data-id=\"29fb8578\" data-element_type=\"section\" data-e-type=\"section\" data-settings=\"{&quot;stretch_section&quot;:&quot;section-stretched&quot;}\">\n\t\t\t\t\t\t<div class=\"elementor-container elementor-column-gap-no\">\n\t\t\t\t\t<div class=\"elementor-column elementor-col-50 elementor-top-column elementor-element elementor-element-40ac270b\" data-id=\"40ac270b\" data-element_type=\"column\" data-e-type=\"column\">\n\t\t\t<div class=\"elementor-widget-wrap elementor-element-populated\">\n\t\t\t\t\t\t<div class=\"elementor-element elementor-element-20872773 elementor-widget__width-initial elementor-widget-mobile__width-inherit elementor-invisible nuss-elementor-loading nuss-slide-in-right elementor-widget elementor-widget-image\" data-id=\"20872773\" data-element_type=\"widget\" data-e-type=\"widget\" data-settings=\"{&quot;_animation&quot;:&quot;nussSlideInRight&quot;}\" data-widget_type=\"image.default\">\n\t\t\t\t\t\t\t\t\t\t\t\t\t\t\t<img decoding=\"async\" width=\"1280\" height=\"853\" src=\"https:\/\/grandbayhotelzhuhai.com\/wp-content\/uploads\/2026\/02\/grandbayhotelzhuhai-52.webp\" class=\"attachment-full size-full wp-image-5598\" alt=\"\" srcset=\"https:\/\/grandbayhotelzhuhai.com\/wp-content\/uploads\/2026\/02\/grandbayhotelzhuhai-52.webp 1280w, https:\/\/grandbayhotelzhuhai.com\/wp-content\/uploads\/2026\/02\/grandbayhotelzhuhai-52-300x200.webp 300w, https:\/\/grandbayhotelzhuhai.com\/wp-content\/uploads\/2026\/02\/grandbayhotelzhuhai-52-1024x682.webp 1024w, https:\/\/grandbayhotelzhuhai.com\/wp-content\/uploads\/2026\/02\/grandbayhotelzhuhai-52-768x512.webp 768w\" sizes=\"(max-width: 1280px) 100vw, 1280px\" \/>\t\t\t\t\t\t\t\t\t\t\t\t\t\t\t<\/div>\n\t\t\t\t\t<\/div>\n\t\t<\/div>\n\t\t\t\t<div class=\"elementor-column elementor-col-50 elementor-top-column elementor-element elementor-element-2dac103\" data-id=\"2dac103\" data-element_type=\"column\" data-e-type=\"column\">\n\t\t\t<div class=\"elementor-widget-wrap elementor-element-populated\">\n\t\t\t\t\t\t<div class=\"elementor-element elementor-element-6f1b8966 elementor-invisible elementor-widget elementor-widget-text-editor\" data-id=\"6f1b8966\" data-element_type=\"widget\" data-e-type=\"widget\" data-settings=\"{&quot;_animation&quot;:&quot;nussFadeInUp&quot;}\" data-widget_type=\"text-editor.default\">\n\t\t\t\t\t\t\t\t\t<div class=\"qwen-markdown-paragraph\"><span class=\"qwen-markdown-text\" data-spm-anchor-id=\"a2ty_o01.29997173.0.i23.12275171rC1lFB\">se vanter <\/span><strong class=\"qwen-markdown-strong\"><span class=\"qwen-markdown-text\">316 chambres et suites soigneusement am\u00e9nag\u00e9es<\/span><\/strong><span class=\"qwen-markdown-text\" data-spm-anchor-id=\"a2ty_o01.29997173.0.i22.12275171rC1lFB\">, Le Grand Bay Hotel allie confort moderne et vues panoramiques exceptionnelles. Nombre de ses chambres offrent une vue imprenable sur la mer de Chine m\u00e9ridionale scintillante, la cha\u00eene de montagnes luxuriante du Ph\u00e9nix ou les gratte-ciel anim\u00e9s de la ville gr\u00e2ce \u00e0 leurs baies vitr\u00e9es. Les clients b\u00e9n\u00e9ficient d&#039;\u00e9quipements haut de gamme, tels que le Wi-Fi haut d\u00e9bit, des t\u00e9l\u00e9viseurs connect\u00e9s, des espaces de travail ergonomiques et une literie exclusive pour un s\u00e9jour ressour\u00e7ant. Les familles appr\u00e9cient l&#039;aire de jeux d\u00e9di\u00e9e aux enfants et les services attentionn\u00e9s qui leur sont sp\u00e9cialement destin\u00e9s, tandis que les voyageurs d&#039;affaires profitent de deux salles de r\u00e9ception modulables, d&#039;un centre d&#039;affaires enti\u00e8rement \u00e9quip\u00e9 et d&#039;une prise en charge compl\u00e8te de leurs \u00e9v\u00e9nements.<\/span><\/div><div class=\"qwen-markdown-space\">\u00a0<\/div><div class=\"qwen-markdown-paragraph\"><span class=\"qwen-markdown-text\">D\u00eener au Grand Baie est un voyage culinaire : le restaurant renomm\u00e9 <\/span><strong class=\"qwen-markdown-strong\"><span class=\"qwen-markdown-text\">Restaurant Grand Elite<\/span><\/strong><span class=\"qwen-markdown-text\"> sert une cuisine cantonaise raffin\u00e9e utilisant des fruits de mer locaux et des ingr\u00e9dients de saison, ce qui lui a valu une reconnaissance parmi les meilleurs restaurants de Zhuhai. <\/span><strong class=\"qwen-markdown-strong\"><span class=\"qwen-markdown-text\">Caf\u00e9 Plus<\/span><\/strong><span class=\"qwen-markdown-text\"> L&#039;h\u00f4tel propose de d\u00e9licieux buffets internationaux, un petit-d\u00e9jeuner servi toute la journ\u00e9e et des plats \u00e0 la carte. Le bar du hall, avec ses cocktails artisanaux et son ambiance marine, apporte une touche raffin\u00e9e, compl\u00e9t\u00e9e par un service de restauration en chambre 24h\/24.<\/span><\/div>\t\t\t\t\t\t\t\t<\/div>\n\t\t\t\t\t<\/div>\n\t\t<\/div>\n\t\t\t\t\t<\/div>\n\t\t<\/section>\n\t\t\t\t<section class=\"elementor-section elementor-top-section elementor-element elementor-element-0252104 elementor-section-height-min-height elementor-section-stretched elementor-section-full_width elementor-section-items-stretch elementor-section-height-default elementor-section-column-vertical-align-stretch\" data-id=\"0252104\" data-element_type=\"section\" data-e-type=\"section\" data-settings=\"{&quot;stretch_section&quot;:&quot;section-stretched&quot;}\">\n\t\t\t\t\t\t<div class=\"elementor-container elementor-column-gap-no\">\n\t\t\t\t\t<div class=\"elementor-column elementor-col-50 elementor-top-column elementor-element elementor-element-29e9d58\" data-id=\"29e9d58\" data-element_type=\"column\" data-e-type=\"column\">\n\t\t\t<div class=\"elementor-widget-wrap elementor-element-populated\">\n\t\t\t\t\t\t<div class=\"elementor-element elementor-element-ce539ab elementor-invisible elementor-widget elementor-widget-text-editor\" data-id=\"ce539ab\" data-element_type=\"widget\" data-e-type=\"widget\" data-settings=\"{&quot;_animation&quot;:&quot;nussFadeInUp&quot;}\" data-widget_type=\"text-editor.default\">\n\t\t\t\t\t\t\t\t\t<div class=\"qwen-markdown-paragraph\"><span class=\"qwen-markdown-text\" data-spm-anchor-id=\"a2ty_o01.29997173.0.i25.12275171rC1lFB\">Bien-\u00eatre et commodit\u00e9 sont tout autant prioritaires : une piscine ext\u00e9rieure, un centre de remise en forme, un sauna et des services de massage sur place assurent la d\u00e9tente, tandis que des services disponibles 24h\/24 et 7j\/7 \u2014 notamment l&#039;enregistrement\/d\u00e9part express, un personnel multilingue, une navette a\u00e9roport, une consigne \u00e0 bagages, un service de nettoyage \u00e0 sec et une assistance de conciergerie \u2014 garantissent une exp\u00e9rience personnalis\u00e9e et sans accroc.<\/span><\/div><div class=\"qwen-markdown-space\">\u00a0<\/div><div class=\"qwen-markdown-paragraph\"><span class=\"qwen-markdown-text\">Que vous soyez en voyage d&#039;affaires, en vacances en famille ou pour une escapade romantique, <\/span><strong class=\"qwen-markdown-strong\"><span class=\"qwen-markdown-text\">H\u00f4tel Grand Bay Zhuhai<\/span><\/strong><span class=\"qwen-markdown-text\" data-spm-anchor-id=\"a2ty_o01.29997173.0.i24.12275171rC1lFB\"> L&#039;\u00e9tablissement propose une hospitalit\u00e9 haut de gamme ancr\u00e9e dans l&#039;authenticit\u00e9, un emplacement privil\u00e9gi\u00e9 et une attention m\u00e9ticuleuse aux d\u00e9tails, ce qui en fait non seulement un lieu de s\u00e9jour, mais un chapitre m\u00e9morable de votre aventure dans la r\u00e9gion de la baie de San Francisco. <\/span><\/div><div class=\"qwen-markdown-space\">\u00a0<\/div><div class=\"qwen-markdown-paragraph\"><em><span class=\"qwen-markdown-text\">D\u00e9couvrez pourquoi les voyageurs classent r\u00e9guli\u00e8rement le Grand Bay Hotel Zhuhai parmi les meilleurs choix pour son confort, sa cuisine et sa connectivit\u00e9\u00a0\u2014 r\u00e9servez d\u00e8s aujourd\u2019hui votre s\u00e9jour inoubliable.<\/span><\/em><\/div>\t\t\t\t\t\t\t\t<\/div>\n\t\t\t\t\t<\/div>\n\t\t<\/div>\n\t\t\t\t<div class=\"elementor-column elementor-col-50 elementor-top-column elementor-element elementor-element-f8759c8\" data-id=\"f8759c8\" data-element_type=\"column\" data-e-type=\"column\">\n\t\t\t<div class=\"elementor-widget-wrap elementor-element-populated\">\n\t\t\t\t\t\t<div class=\"elementor-element elementor-element-e186f2c elementor-widget__width-initial elementor-widget-mobile__width-inherit elementor-invisible nuss-elementor-loading nuss-slide-in-right elementor-widget elementor-widget-image\" data-id=\"e186f2c\" data-element_type=\"widget\" data-e-type=\"widget\" data-settings=\"{&quot;_animation&quot;:&quot;nussSlideInRight&quot;}\" data-widget_type=\"image.default\">\n\t\t\t\t\t\t\t\t\t\t\t\t\t\t\t<img decoding=\"async\" width=\"568\" height=\"853\" src=\"https:\/\/grandbayhotelzhuhai.com\/wp-content\/uploads\/2026\/02\/grandbayhotelzhuhai-84.webp\" class=\"attachment-full size-full wp-image-5630\" alt=\"\" srcset=\"https:\/\/grandbayhotelzhuhai.com\/wp-content\/uploads\/2026\/02\/grandbayhotelzhuhai-84.webp 568w, https:\/\/grandbayhotelzhuhai.com\/wp-content\/uploads\/2026\/02\/grandbayhotelzhuhai-84-200x300.webp 200w\" sizes=\"(max-width: 568px) 100vw, 568px\" \/>\t\t\t\t\t\t\t\t\t\t\t\t\t\t\t<\/div>\n\t\t\t\t\t<\/div>\n\t\t<\/div>\n\t\t\t\t\t<\/div>\n\t\t<\/section>\n\t\t\t\t<\/div>","protected":false},"excerpt":{"rendered":"<p>Grand Bay Hotel Zhuhai \u2013 Where Coastal Elegance Meets Urban Vitality in the Heart of the Greater Bay AreaNestled at No. 245 Shuiwan Road, Gongbei, Xiangzhou District, Zhuhai, Guangdong 519020, China, Grand Bay Hotel Zhuhai stands as a premier 4-star hospitality destination that masterfully bridges serene seaside charm with the dynamic energy of one of [&hellip;]<\/p>\n","protected":false},"author":1,"featured_media":0,"parent":0,"menu_order":0,"comment_status":"closed","ping_status":"closed","template":"","meta":{"footnotes":""},"class_list":["post-5266","page","type-page","status-publish","hentry","post-no-thumbnail"],"_links":{"self":[{"href":"https:\/\/grandbayhotelzhuhai.com\/fr\/wp-json\/wp\/v2\/pages\/5266","targetHints":{"allow":["GET"]}}],"collection":[{"href":"https:\/\/grandbayhotelzhuhai.com\/fr\/wp-json\/wp\/v2\/pages"}],"about":[{"href":"https:\/\/grandbayhotelzhuhai.com\/fr\/wp-json\/wp\/v2\/types\/page"}],"author":[{"embeddable":true,"href":"https:\/\/grandbayhotelzhuhai.com\/fr\/wp-json\/wp\/v2\/users\/1"}],"replies":[{"embeddable":true,"href":"https:\/\/grandbayhotelzhuhai.com\/fr\/wp-json\/wp\/v2\/comments?post=5266"}],"version-history":[{"count":0,"href":"https:\/\/grandbayhotelzhuhai.com\/fr\/wp-json\/wp\/v2\/pages\/5266\/revisions"}],"wp:attachment":[{"href":"https:\/\/grandbayhotelzhuhai.com\/fr\/wp-json\/wp\/v2\/media?parent=5266"}],"curies":[{"name":"wp","href":"https:\/\/api.w.org\/{rel}","templated":true}]}}