{"id":612,"date":"2021-03-26T10:04:13","date_gmt":"2021-03-26T10:04:13","guid":{"rendered":"http:\/\/localhost\/nuss\/?page_id=612"},"modified":"2026-02-07T12:36:56","modified_gmt":"2026-02-07T12:36:56","slug":"restaurant","status":"publish","type":"page","link":"https:\/\/grandbayhotelzhuhai.com\/fr\/restaurant\/","title":{"rendered":"Restaurant"},"content":{"rendered":"<div data-elementor-type=\"wp-page\" data-elementor-id=\"612\" class=\"elementor elementor-612\">\n\t\t\t\t\t\t<section class=\"elementor-section elementor-top-section elementor-element elementor-element-e2effe8 elementor-section-boxed elementor-section-gap-beside-yes elementor-section-height-default elementor-section-height-default elementor-section-column-vertical-align-stretch\" data-id=\"e2effe8\" data-element_type=\"section\" data-e-type=\"section\">\n\t\t\t\t\t\t<div class=\"elementor-container elementor-column-gap-extended\">\n\t\t\t\t\t<div class=\"elementor-column elementor-col-100 elementor-top-column elementor-element elementor-element-e18f688\" data-id=\"e18f688\" data-element_type=\"column\" data-e-type=\"column\">\n\t\t\t<div class=\"elementor-widget-wrap elementor-element-populated\">\n\t\t\t\t\t\t<div class=\"elementor-element elementor-element-6db146d elementor-widget__width-initial elementor-invisible elementor-widget elementor-widget-text-editor\" data-id=\"6db146d\" data-element_type=\"widget\" data-e-type=\"widget\" data-settings=\"{&quot;_animation&quot;:&quot;nussFadeInUp&quot;}\" data-widget_type=\"text-editor.default\">\n\t\t\t\t\t\t\t\t\t<div class=\"qwen-markdown-paragraph\"><strong class=\"qwen-markdown-strong\"><span class=\"qwen-markdown-text\" data-spm-anchor-id=\"a2ty_o01.29997173.0.i36.12275171tzaKTt\">Restaurants du Grand Bay Hotel Zhuhai\u00a0: Quand le patrimoine du Lingnan rencontre la gastronomie c\u00f4ti\u00e8re \u2013 Un voyage culinaire 5 \u00e9toiles aux abords du delta de la rivi\u00e8re des Perles<\/span><\/strong><\/div>\t\t\t\t\t\t\t\t<\/div>\n\t\t\t\t\t<\/div>\n\t\t<\/div>\n\t\t\t\t\t<\/div>\n\t\t<\/section>\n\t\t<div class=\"elementor-element elementor-element-46fa439 e-flex e-con-boxed e-con e-parent\" data-id=\"46fa439\" data-element_type=\"container\" data-e-type=\"container\">\n\t\t\t\t\t<div class=\"e-con-inner\">\n\t\t\t\t<div class=\"elementor-element elementor-element-a9f9a38 elementor-widget elementor-widget-nuss-image-gallery\" data-id=\"a9f9a38\" data-element_type=\"widget\" data-e-type=\"widget\" data-widget_type=\"nuss-image-gallery.default\">\n\t\t\t\t<div class=\"elementor-widget-container\">\n\t\t\t\t\t\t\t<div class=\"nuss-grid-wrapper\" data-grid=\"{&quot;type&quot;:&quot;grid&quot;,&quot;ratio&quot;:null,&quot;columns&quot;:3,&quot;gutter&quot;:30}\">\r\n\t\t\t<div class=\"nuss-grid lazy-grid\">\r\n\t\t\t\t<div class=\"grid-sizer\"><\/div>\r\n\r\n\t\t\t\t\t\t\t\t\t\t\t\t<div class=\"grid-item\">\r\n\t\t\t\t\t\t<div class=\"nuss-box\">\t\t<div class=\"nuss-image image\">\r\n\t\t\t<img decoding=\"async\"  src=\"https:\/\/grandbayhotelzhuhai.com\/wp-content\/uploads\/2026\/02\/grandbayhotelzhuhai-137.webp\" alt=\"grandbayhotelzhuhai (137)\" \/>\t\t<\/div>\r\n\t\t\t\t<\/div>\t\t\t\t\t<\/div>\r\n\t\t\t\t\t\t<div class=\"grid-item\">\r\n\t\t\t\t\t\t<div class=\"nuss-box\">\t\t<div class=\"nuss-image image\">\r\n\t\t\t<img decoding=\"async\"  src=\"https:\/\/grandbayhotelzhuhai.com\/wp-content\/uploads\/2026\/02\/grandbayhotelzhuhai-130.webp\" alt=\"grandbayhotelzhuhai (130)\" \/>\t\t<\/div>\r\n\t\t\t\t<\/div>\t\t\t\t\t<\/div>\r\n\t\t\t\t\t\t<div class=\"grid-item\">\r\n\t\t\t\t\t\t<div class=\"nuss-box\">\t\t<div class=\"nuss-image image\">\r\n\t\t\t<img decoding=\"async\"  src=\"https:\/\/grandbayhotelzhuhai.com\/wp-content\/uploads\/2026\/02\/grandbayhotelzhuhai-122.webp\" alt=\"grandbayhotelzhuhai (122)\" \/>\t\t<\/div>\r\n\t\t\t\t<\/div>\t\t\t\t\t<\/div>\r\n\t\t\t\t\t\t<div class=\"grid-item\">\r\n\t\t\t\t\t\t<div class=\"nuss-box\">\t\t<div class=\"nuss-image image\">\r\n\t\t\t<img decoding=\"async\"  src=\"https:\/\/grandbayhotelzhuhai.com\/wp-content\/uploads\/2026\/02\/grandbayhotelzhuhai-112.webp\" alt=\"grandbayhotelzhuhai (112)\" \/>\t\t<\/div>\r\n\t\t\t\t<\/div>\t\t\t\t\t<\/div>\r\n\t\t\t\t\t\t<div class=\"grid-item\">\r\n\t\t\t\t\t\t<div class=\"nuss-box\">\t\t<div class=\"nuss-image image\">\r\n\t\t\t<img decoding=\"async\"  src=\"https:\/\/grandbayhotelzhuhai.com\/wp-content\/uploads\/2026\/02\/grandbayhotelzhuhai-110.webp\" alt=\"grandbayhotelzhuhai (110)\" \/>\t\t<\/div>\r\n\t\t\t\t<\/div>\t\t\t\t\t<\/div>\r\n\t\t\t\t\t\t<div class=\"grid-item\">\r\n\t\t\t\t\t\t<div class=\"nuss-box\">\t\t<div class=\"nuss-image image\">\r\n\t\t\t<img decoding=\"async\"  src=\"https:\/\/grandbayhotelzhuhai.com\/wp-content\/uploads\/2026\/02\/grandbayhotelzhuhai-104.webp\" alt=\"grandbayhotelzhuhai (104)\" \/>\t\t<\/div>\r\n\t\t\t\t<\/div>\t\t\t\t\t<\/div>\r\n\t\t\t\t\t\t<div class=\"grid-item\">\r\n\t\t\t\t\t\t<div class=\"nuss-box\">\t\t<div class=\"nuss-image image\">\r\n\t\t\t<img decoding=\"async\"  src=\"https:\/\/grandbayhotelzhuhai.com\/wp-content\/uploads\/2026\/02\/grandbayhotelzhuhai-99.webp\" alt=\"grandbayhotelzhuhai (99)\" \/>\t\t<\/div>\r\n\t\t\t\t<\/div>\t\t\t\t\t<\/div>\r\n\t\t\t\t\t\t<div class=\"grid-item\">\r\n\t\t\t\t\t\t<div class=\"nuss-box\">\t\t<div class=\"nuss-image image\">\r\n\t\t\t<img decoding=\"async\"  src=\"https:\/\/grandbayhotelzhuhai.com\/wp-content\/uploads\/2026\/02\/grandbayhotelzhuhai-98.webp\" alt=\"grandbayhotelzhuhai (98)\" \/>\t\t<\/div>\r\n\t\t\t\t<\/div>\t\t\t\t\t<\/div>\r\n\t\t\t\t\t\t\t\r\n\t\t\t<\/div>\r\n\t\t<\/div>\r\n\t\t\t\t\t\t<\/div>\n\t\t\t\t<\/div>\n\t\t\t\t\t<\/div>\n\t\t\t\t<\/div>\n\t\t<div class=\"elementor-element elementor-element-9674db4 e-flex e-con-boxed e-con e-parent\" data-id=\"9674db4\" data-element_type=\"container\" data-e-type=\"container\">\n\t\t\t\t\t<div class=\"e-con-inner\">\n\t\t\t\t<div class=\"elementor-element elementor-element-5fd0080 elementor-widget elementor-widget-text-editor\" data-id=\"5fd0080\" data-element_type=\"widget\" data-e-type=\"widget\" data-widget_type=\"text-editor.default\">\n\t\t\t\t\t\t\t\t\t<div class=\"qwen-markdown-paragraph\"><span class=\"qwen-markdown-text\">Nich\u00e9 \u00e0 <\/span><strong class=\"qwen-markdown-strong\"><span class=\"qwen-markdown-text\">No. 245 Shuiwan Road, Gongbei, district de Xiangzhou, Zhuhai, Guangdong 519020, Chine<\/span><\/strong><span class=\"qwen-markdown-text\">, l&#039;exp\u00e9rience culinaire \u00e0 <\/span><em><span class=\"qwen-markdown-text\">H\u00f4tel Grand Bay Zhuhai<\/span><\/em><span class=\"qwen-markdown-text\"> transcende la simple subsistance \u2014 c&#039;est une c\u00e9l\u00e9bration soigneusement orchestr\u00e9e de <\/span><strong class=\"qwen-markdown-strong\"><span class=\"qwen-markdown-text\">L&#039;\u00e2me cantonaise, la fra\u00eecheur maritime et l&#039;art moderne<\/span><\/strong><span class=\"qwen-markdown-text\">, Le tout se d\u00e9roule dans l&#039;une des villes c\u00f4ti\u00e8res les plus dynamiques de Chine. L&#039;h\u00f4tel se targue d&#039;un cadre exceptionnel. <\/span><strong class=\"qwen-markdown-strong\"><span class=\"qwen-markdown-text\">Note de 9,5\/10 attribu\u00e9e par plus de 8\u00a0160 clients v\u00e9rifi\u00e9s.<\/span><\/strong><span class=\"qwen-markdown-text\"> (Trip.com), ses restaurants\u2014<\/span><strong class=\"qwen-markdown-strong\"><span class=\"qwen-markdown-text\">Restaurant Grand Elite<\/span><\/strong><span class=\"qwen-markdown-text\"> et <\/span><strong class=\"qwen-markdown-strong\"><span class=\"qwen-markdown-text\">Caf\u00e9 Plus<\/span><\/strong><span class=\"qwen-markdown-text\">\u2014v\u00e9ritables piliers de la renaissance de la gastronomie \u00e0 Zhuhai, ils sont constamment salu\u00e9s pour leur authenticit\u00e9, leur vari\u00e9t\u00e9 et leur ex\u00e9cution impeccable.<\/span><\/div><div class=\"qwen-markdown-space\">\u00a0<\/div><h3 class=\"qwen-markdown-heading\"><span class=\"qwen-markdown-text\">\ud83c\udf0a <\/span><em><span class=\"qwen-markdown-text\">Restaurant Grand Elite<\/span><\/em><span class=\"qwen-markdown-text\">Le c\u0153ur battant de l&#039;authentique excellence cantonaise<\/span><\/h3><div class=\"qwen-markdown-paragraph\"><span class=\"qwen-markdown-text\">Salu\u00e9 par les invit\u00e9s comme <\/span><em><span class=\"qwen-markdown-text\">\u201c L&#039;un des meilleurs restaurants de Zhuhai \u201d<\/span><\/em><span class=\"qwen-markdown-text\">, Grand Elite n&#039;est pas qu&#039;un simple restaurant d&#039;h\u00f4tel, c&#039;est une destination \u00e0 part enti\u00e8re. Ici, la tradition est honor\u00e9e sans pour autant stagner\u00a0: des chefs de renom form\u00e9s dans le Guangdong\u2026 <\/span><em><span class=\"qwen-markdown-text\">La cuisine de Lingnan<\/span><\/em><span class=\"qwen-markdown-text\"> Des plats artisanaux qui rendent hommage \u00e0 des techniques ancestrales tout en s&#039;inspirant des saisons. Parmi leurs sp\u00e9cialit\u00e9s\u00a0:<\/span><\/div><ul class=\"qwen-markdown-list\" dir=\"auto\"><li><strong class=\"qwen-markdown-strong\"><span class=\"qwen-markdown-text\">Bar cuit \u00e0 la vapeur avec de l&#039;huile de gingembre et d&#039;oignon vert<\/span><\/strong><span class=\"qwen-markdown-text\">\u2014 P\u00each\u00e9s quotidiennement aupr\u00e8s de p\u00eacheurs locaux de la mer de Chine m\u00e9ridionale et servis quelques instants apr\u00e8s la prise.<\/span><\/li><li><strong class=\"qwen-markdown-strong\"><span class=\"qwen-markdown-text\">Ormeau brais\u00e9 \u00e0 la sauce aux hu\u00eetres et au vin de Shaoxing<\/span><\/strong><span class=\"qwen-markdown-text\">\u2014cuit \u00e0 feu doux pendant plus de 4 heures selon une m\u00e9thode traditionnelle <\/span><em><span class=\"qwen-markdown-text\">dun<\/span><\/em><span class=\"qwen-markdown-text\"> (m\u00e9thodes de cuisson \u00e0 la vapeur et de braisage).<\/span><\/li><li><strong class=\"qwen-markdown-strong\"><span class=\"qwen-markdown-text\">Fait \u00e0 la main <\/span><em><span class=\"qwen-markdown-text\">Xiaolongbao<\/span><\/em><span class=\"qwen-markdown-text\"> avec des \u0153ufs de crabe et du porc<\/span><\/strong><span class=\"qwen-markdown-text\">\u2014 une fusion subtile entre l&#039;influence du Jiangnan et la pr\u00e9cision cantonaise.<\/span><\/li><\/ul><div class=\"qwen-markdown-space\">\u00a0<\/div><div class=\"qwen-markdown-paragraph\"><span class=\"qwen-markdown-text\">L&#039;int\u00e9rieur \u00e9l\u00e9gant du restaurant pr\u00e9sente des panneaux de c\u00e9ramique peints \u00e0 la main repr\u00e9sentant <\/span><em><span class=\"qwen-markdown-text\">Plateforme de Guan&#039;ao<\/span><\/em><span class=\"qwen-markdown-text\"> Le lever du soleil et le mobilier en palissandre r\u00e9alis\u00e9 sur mesure cr\u00e9ent une atmosph\u00e8re d&#039;intimit\u00e9 raffin\u00e9e, id\u00e9ale pour les d\u00eeners d&#039;affaires, les c\u00e9l\u00e9brations d&#039;anniversaire ou un moment de d\u00e9tente absolue. Ouvert pour le d\u00e9jeuner et le d\u00eener, le Grand Elite propose \u00e9galement des salons priv\u00e9s (de 6 \u00e0 20 couverts) avec service d\u00e9di\u00e9, une raret\u00e9 dans le paysage h\u00f4telier de Zhuhai.<\/span><\/div><div class=\"qwen-markdown-space\">\u00a0<\/div><h3 class=\"qwen-markdown-heading\"><span class=\"qwen-markdown-text\">\u2615 <\/span><em><span class=\"qwen-markdown-text\">Caf\u00e9 Plus<\/span><\/em><span class=\"qwen-markdown-text\">Une saveur internationale tout au long de la journ\u00e9e, avec une touche locale.<\/span><\/h3><div class=\"qwen-markdown-paragraph\"><span class=\"qwen-markdown-text\">Pour les voyageurs en qu\u00eate d&#039;une grande vari\u00e9t\u00e9 de produits, <\/span><em><span class=\"qwen-markdown-text\">Caf\u00e9 Plus<\/span><\/em><span class=\"qwen-markdown-text\"> propose une exp\u00e9rience de buffet international dynamique, qualifi\u00e9e d&#039;\u201c exceptionnelle \u201d par les clients pour son <\/span><strong class=\"qwen-markdown-strong\"><span class=\"qwen-markdown-text\">fra\u00eecheur, diversit\u00e9 et pr\u00e9sentation<\/span><\/strong><span class=\"qwen-markdown-text\">. Du matin au soir, la cuisine ouverte propose des d\u00e9monstrations culinaires en direct\u00a0:<\/span><\/div><ul class=\"qwen-markdown-list\" dir=\"auto\"><li><strong class=\"qwen-markdown-strong\"><span class=\"qwen-markdown-text\">Petit-d\u00e9jeuner<\/span><\/strong><span class=\"qwen-markdown-text\">: Un m\u00e9lange harmonieux de classiques occidentaux (bar \u00e0 omelettes, p\u00e2tisseries artisanales) et de plats chinois incontournables (<\/span><em><span class=\"qwen-markdown-text\">zhaliang<\/span><\/em><span class=\"qwen-markdown-text\">, <\/span><em><span class=\"qwen-markdown-text\">congee<\/span><\/em><span class=\"qwen-markdown-text\">, <\/span><em><span class=\"qwen-markdown-text\">dim sum<\/span><\/em><span class=\"qwen-markdown-text\"> plateaux) \u2014 tous pr\u00e9par\u00e9s frais toutes les heures.<\/span><\/li><li><strong class=\"qwen-markdown-strong\"><span class=\"qwen-markdown-text\">Buffet d\u00e9jeuner et d\u00eener<\/span><\/strong><span class=\"qwen-markdown-text\">Th\u00e8mes en rotation \u2014<\/span><em><span class=\"qwen-markdown-text\">Extravagance de fruits de mer<\/span><\/em><span class=\"qwen-markdown-text\"> (avec des hu\u00eetres, des p\u00e9toncles et du m\u00e9rou tachet\u00e9 de Zhuhai), <\/span><em><span class=\"qwen-markdown-text\">Coin restauration de la rue Lingnan<\/span><\/em><span class=\"qwen-markdown-text\"> (avec <\/span><em><span class=\"qwen-markdown-text\">Canard brais\u00e9 \u00e0 la mode de Chaozhou<\/span><\/em><span class=\"qwen-markdown-text\">, <\/span><em><span class=\"qwen-markdown-text\">nouilles wonton<\/span><\/em><span class=\"qwen-markdown-text\">, et <\/span><em><span class=\"qwen-markdown-text\">p\u00e2te de patate douce et de taro<\/span><\/em><span class=\"qwen-markdown-text\">), et <\/span><em><span class=\"qwen-markdown-text\">Global Bites<\/span><\/em><span class=\"qwen-markdown-text\"> (Sushis japonais, p\u00e2tes italiennes, currys indiens).<\/span><\/li><li><strong class=\"qwen-markdown-strong\"><span class=\"qwen-markdown-text\">Galerie des desserts<\/span><\/strong><span class=\"qwen-markdown-text\">: Fait maison <\/span><em><span class=\"qwen-markdown-text\">sagou \u00e0 la mangue et au pamplemousse<\/span><\/em><span class=\"qwen-markdown-text\">, <\/span><em><span class=\"qwen-markdown-text\">pouding au tofu et au s\u00e9same noir<\/span><\/em><span class=\"qwen-markdown-text\">, et des p\u00e2tisseries europ\u00e9ennes \u2013 toutes les options sans gluten et v\u00e9g\u00e9taliennes sont clairement indiqu\u00e9es.<\/span><\/li><\/ul><div class=\"qwen-markdown-space\">\u00a0<\/div><div class=\"qwen-markdown-paragraph\"><span class=\"qwen-markdown-text\">Les clients appr\u00e9cient particuli\u00e8rement le <\/span><strong class=\"qwen-markdown-strong\"><span class=\"qwen-markdown-text\">Menu du service en chambre 24h\/24<\/span><\/strong><span class=\"qwen-markdown-text\">, qui \u00e9tend l&#039;excellence culinaire de Caf\u00e9 Plus \u00e0 l&#039;intimit\u00e9 des chambres d&#039;h\u00f4tel, avec livraison \u00e0 temp\u00e9rature contr\u00f4l\u00e9e et assistance bilingue pour les commandes.<\/span><\/div><div class=\"qwen-markdown-space\">\u00a0<\/div><h3 class=\"qwen-markdown-heading\"><span class=\"qwen-markdown-text\">\ud83c\udf77 <\/span><em><span class=\"qwen-markdown-text\">Bar du hall<\/span><\/em><span class=\"qwen-markdown-text\">L\u00e0 o\u00f9 la brise marine rencontre des moments savamment orchestr\u00e9s<\/span><\/h3><div class=\"qwen-markdown-paragraph\"><span class=\"qwen-markdown-text\">Nich\u00e9 \u00e0 c\u00f4t\u00e9 de l&#039;atrium baign\u00e9 de soleil de l&#039;h\u00f4tel, le Lobby Bar est le secret le mieux gard\u00e9 de Zhuhai pour une d\u00e9tente raffin\u00e9e. En journ\u00e9e, il propose des th\u00e9s d&#039;exception et des en-cas l\u00e9gers\u00a0; le soir, il se transforme en un bar \u00e0 cocktails o\u00f9 vous pourrez d\u00e9guster\u00a0:<\/span><\/div><ul class=\"qwen-markdown-list\" dir=\"auto\"><li><strong class=\"qwen-markdown-strong\"><span class=\"qwen-markdown-text\">Signature \u201c Bay Breeze \u201d<\/span><\/strong><span class=\"qwen-markdown-text\">: Une ambiance maison <\/span><em><span class=\"qwen-markdown-text\">Vin de Shaoxing<\/span><\/em><span class=\"qwen-markdown-text\"> Martini au litchi, au kumquat et au bord sal\u00e9 \u2014 inspir\u00e9 par le terroir c\u00f4tier de Zhuhai.<\/span><\/li><li><strong class=\"qwen-markdown-strong\"><span class=\"qwen-markdown-text\">Accords artisanaux locaux<\/span><\/strong><span class=\"qwen-markdown-text\">: S\u00e9lection tournante de bi\u00e8res artisanales du Guangdong et de th\u00e9s oolong du Fujian, s\u00e9lectionn\u00e9s chaque mois par notre sommelier.<\/span><\/li><li><strong class=\"qwen-markdown-strong\"><span class=\"qwen-markdown-text\">Soir\u00e9es acoustiques en direct<\/span><\/strong><span class=\"qwen-markdown-text\"> (Du jeudi au samedi), o\u00f9 les clients sirotent des boissons sous des guirlandes lumineuses tout en admirant la vue scintillante sur la mer \u2014 un v\u00e9ritable <\/span><em><span class=\"qwen-markdown-text\">ambiance marine<\/span><\/em><span class=\"qwen-markdown-text\">.<\/span><\/li><\/ul><div class=\"qwen-markdown-space\">\u00a0<\/div><h3 class=\"qwen-markdown-heading\"><span class=\"qwen-markdown-text\">\ud83c\udf3f Durabilit\u00e9 et approvisionnement : ancr\u00e9s dans la responsabilit\u00e9<\/span><\/h3><div class=\"qwen-markdown-paragraph\"><span class=\"qwen-markdown-text\">Le vrai luxe, selon nous, commence par l&#039;int\u00e9grit\u00e9. Plus de 701 tonnes de nos fruits de mer et produits frais proviennent de sources locales. <\/span><strong class=\"qwen-markdown-strong\"><span class=\"qwen-markdown-text\">50 km de Zhuhai<\/span><\/strong><span class=\"qwen-markdown-text\">, en partenariat direct avec :<\/span><\/div><ul class=\"qwen-markdown-list\" dir=\"auto\"><li><strong class=\"qwen-markdown-strong\"><span class=\"qwen-markdown-text\">coop\u00e9ratives de p\u00eache de la baie de Jiuzhou<\/span><\/strong><span class=\"qwen-markdown-text\"> (pour les poissons p\u00each\u00e9s \u00e0 la ligne et tra\u00e7ables),<\/span><\/li><li><strong class=\"qwen-markdown-strong\"><span class=\"qwen-markdown-text\">fermes biologiques de Xiangzhou<\/span><\/strong><span class=\"qwen-markdown-text\"> (pour les l\u00e9gumes, les herbes et le riz),<\/span><\/li><li><strong class=\"qwen-markdown-strong\"><span class=\"qwen-markdown-text\">boulangeries patrimoniales de Macao<\/span><\/strong><span class=\"qwen-markdown-text\"> (pour les traditionnels) <\/span><em><span class=\"qwen-markdown-text\">biscuits aux amandes<\/span><\/em><span class=\"qwen-markdown-text\"> et <\/span><em><span class=\"qwen-markdown-text\">tartelettes aux \u0153ufs<\/span><\/em><span class=\"qwen-markdown-text\"> utilis\u00e9 dans les desserts).<\/span><\/li><\/ul><div class=\"qwen-markdown-space\">\u00a0<\/div><div class=\"qwen-markdown-paragraph\"><span class=\"qwen-markdown-text\">Notre initiative z\u00e9ro d\u00e9chet comprend le compostage des d\u00e9chets de cuisine, le recyclage des \u00e9corces d&#039;agrumes en garnitures de bar et le don des surplus alimentaires \u00e0 des associations caritatives locales, ce qui nous a valu la reconnaissance de la Green Hospitality Alliance de Zhuhai.<\/span><\/div><div class=\"qwen-markdown-space\">\u00a0<\/div><h3 class=\"qwen-markdown-heading\"><span class=\"qwen-markdown-text\">\u2705 Pourquoi les voyageurs classent-ils nos restaurants parmi les meilleurs de Zhuhai ?<\/span><\/h3><div class=\"qwen-markdown-paragraph\"><span class=\"qwen-markdown-text\">Termes de recherche comme <\/span><em><span class=\"qwen-markdown-text\">\u201c Le meilleur restaurant cantonais de Zhuhai, pr\u00e8s de la fronti\u00e8re de Macao \u201d<\/span><\/em><span class=\"qwen-markdown-text\">, <\/span><em><span class=\"qwen-markdown-text\">\u201c H\u00f4tel 5 \u00e9toiles avec petit-d\u00e9jeuner buffet \u00e0 Zhuhai \u201d<\/span><\/em><span class=\"qwen-markdown-text\">, ou <\/span><em><span class=\"qwen-markdown-text\">\u201c H\u00f4tel acceptant les animaux domestiques avec une excellente restauration \u201d<\/span><\/em><span class=\"qwen-markdown-text\"> Grand Bay attire r\u00e9guli\u00e8rement les voyageurs, non pas gr\u00e2ce \u00e0 la publicit\u00e9, mais parce que de vrais clients citent r\u00e9guli\u00e8rement\u00a0:<\/span><\/div><blockquote class=\"qwen-markdown-blockquote\"><div class=\"qwen-markdown-paragraph\"><em><span class=\"qwen-markdown-text\">\u201c Le poisson cuit \u00e0 la vapeur avait le go\u00fbt d&#039;un poisson p\u00each\u00e9 le matin m\u00eame, et le personnel se souvenait de mon r\u00e9gime alimentaire particulier de l&#039;ann\u00e9e derni\u00e8re. \u201d<\/span><\/em><br \/><em><span class=\"qwen-markdown-text\">\u201c J\u2019ai mang\u00e9 dans des restaurants \u00e9toil\u00e9s Michelin \u00e0 Hong Kong, mais le Grand Elite\u2026 \u00bb <\/span><span class=\"qwen-markdown-text\">oie brais\u00e9e<\/span><span class=\"qwen-markdown-text\"> et rivalisaient avec eux, sans le prix exorbitant.\u201d<\/span><\/em><br \/><em><span class=\"qwen-markdown-text\">\u201c Le buffet pour enfants avait <\/span><span class=\"qwen-markdown-text\">jianbing<\/span><span class=\"qwen-markdown-text\"> et mini <\/span><span class=\"qwen-markdown-text\">baozi<\/span><span class=\"qwen-markdown-text\">\u2014ils se sentaient inclus, et non pas des id\u00e9es de derni\u00e8re minute.\u201d<\/span><\/em><\/div><\/blockquote><div class=\"qwen-markdown-space\">\u00a0<\/div><div class=\"qwen-markdown-paragraph\"><span class=\"qwen-markdown-text\">Avec <\/span><strong class=\"qwen-markdown-strong\"><span class=\"qwen-markdown-text\">Service en chambre 24h\/24, menus multilingues, pr\u00e9paration adapt\u00e9e aux allergies et int\u00e9gration parfaite avec la politique de l&#039;h\u00f4tel concernant les animaux domestiques.<\/span><\/strong><span class=\"qwen-markdown-text\">, notre philosophie culinaire est simple mais profonde : <\/span><em><span class=\"qwen-markdown-text\">Chaque repas devrait \u00eatre comme un retour aux sources, m\u00eame si vous n&#039;\u00eates jamais venu ici auparavant.<\/span><\/em><\/div><div class=\"qwen-markdown-space\">\u00a0<\/div><div class=\"qwen-markdown-paragraph\"><span class=\"qwen-markdown-text\">P\u00e9n\u00e9trez dans les restaurants du Grand Bay Hotel Zhuhai, et vous ne faites pas que d\u00eener : vous vous immergez dans l&#039;histoire d&#039;une ville o\u00f9 la tradition coule comme la mar\u00e9e, et o\u00f9 chaque bouch\u00e9e raconte une histoire de lieu, de gens et de fiert\u00e9.<\/span><\/div><div class=\"qwen-markdown-space\">\u00a0<\/div><div class=\"qwen-markdown-paragraph\" data-spm-anchor-id=\"a2ty_o01.29997173.0.i38.12275171tzaKTt\"><span class=\"qwen-markdown-text\">\ud83d\udccd <\/span><em><span class=\"qwen-markdown-text\">D\u00e9couvrez l&#039;excellence culinaire l\u00e0 o\u00f9 la rivi\u00e8re des Perles rencontre la mer, uniquement au Grand Bay Hotel Zhuhai.<\/span><\/em><\/div>\t\t\t\t\t\t\t\t<\/div>\n\t\t\t\t\t<\/div>\n\t\t\t\t<\/div>\n\t\t\t\t<\/div>","protected":false},"excerpt":{"rendered":"<p>Grand Bay Hotel Zhuhai Restaurants: Where Lingnan Heritage Meets Coastal Gastronomy \u2014 A 5-Star Culinary Journey on the Pearl River Delta\u2019s Edge Nestled at No. 245 Shuiwan Road, Gongbei, Xiangzhou District, Zhuhai, Guangdong 519020, China, the dining experience at Grand Bay Hotel Zhuhai transcends mere sustenance\u2014it is a curated celebration of Cantonese soul, maritime freshness, [&hellip;]<\/p>\n","protected":false},"author":1,"featured_media":0,"parent":0,"menu_order":0,"comment_status":"closed","ping_status":"closed","template":"elementor_header_footer","meta":{"footnotes":""},"class_list":["post-612","page","type-page","status-publish","hentry","post-no-thumbnail"],"_links":{"self":[{"href":"https:\/\/grandbayhotelzhuhai.com\/fr\/wp-json\/wp\/v2\/pages\/612","targetHints":{"allow":["GET"]}}],"collection":[{"href":"https:\/\/grandbayhotelzhuhai.com\/fr\/wp-json\/wp\/v2\/pages"}],"about":[{"href":"https:\/\/grandbayhotelzhuhai.com\/fr\/wp-json\/wp\/v2\/types\/page"}],"author":[{"embeddable":true,"href":"https:\/\/grandbayhotelzhuhai.com\/fr\/wp-json\/wp\/v2\/users\/1"}],"replies":[{"embeddable":true,"href":"https:\/\/grandbayhotelzhuhai.com\/fr\/wp-json\/wp\/v2\/comments?post=612"}],"version-history":[{"count":0,"href":"https:\/\/grandbayhotelzhuhai.com\/fr\/wp-json\/wp\/v2\/pages\/612\/revisions"}],"wp:attachment":[{"href":"https:\/\/grandbayhotelzhuhai.com\/fr\/wp-json\/wp\/v2\/media?parent=612"}],"curies":[{"name":"wp","href":"https:\/\/api.w.org\/{rel}","templated":true}]}}