{"id":2104,"date":"2021-03-23T09:33:48","date_gmt":"2021-03-23T09:33:48","guid":{"rendered":"http:\/\/localhost\/nuss\/?page_id=167"},"modified":"2026-02-07T12:22:22","modified_gmt":"2026-02-07T12:22:22","slug":"la-nostra-storia","status":"publish","type":"page","link":"https:\/\/grandbayhotelzhuhai.com\/it\/la-nostra-storia\/","title":{"rendered":"La nostra storia"},"content":{"rendered":"<div data-elementor-type=\"wp-page\" data-elementor-id=\"2104\" class=\"elementor elementor-2104\">\n\t\t\t\t\t\t<section class=\"elementor-section elementor-top-section elementor-element elementor-element-8f5bb9d elementor-section-boxed elementor-section-gap-beside-yes elementor-section-height-default elementor-section-height-default elementor-section-column-vertical-align-stretch\" data-id=\"8f5bb9d\" data-element_type=\"section\" data-e-type=\"section\">\n\t\t\t\t\t\t<div class=\"elementor-container elementor-column-gap-extended\">\n\t\t\t\t\t<div class=\"elementor-column elementor-col-100 elementor-top-column elementor-element elementor-element-7ec4215\" data-id=\"7ec4215\" data-element_type=\"column\" data-e-type=\"column\">\n\t\t\t<div class=\"elementor-widget-wrap elementor-element-populated\">\n\t\t\t\t\t\t<div class=\"elementor-element elementor-element-edd9d03 elementor-widget__width-initial elementor-invisible elementor-widget elementor-widget-text-editor\" data-id=\"edd9d03\" data-element_type=\"widget\" data-e-type=\"widget\" data-settings=\"{&quot;_animation&quot;:&quot;nussFadeInUp&quot;}\" data-widget_type=\"text-editor.default\">\n\t\t\t\t\t\t\t\t\t<div class=\"qwen-markdown-paragraph\"><strong class=\"qwen-markdown-strong\"><span class=\"qwen-markdown-text\" data-spm-anchor-id=\"a2ty_o01.29997173.0.i32.12275171tzaKTt\">La nostra storia: dove l&#039;eredit\u00e0 costiera incontra l&#039;ospitalit\u00e0 moderna \u2014 The Grand Bay Hotel Zhuhai Chronicle<\/span><\/strong><\/div>\t\t\t\t\t\t\t\t<\/div>\n\t\t\t\t\t<\/div>\n\t\t<\/div>\n\t\t\t\t\t<\/div>\n\t\t<\/section>\n\t\t<div class=\"elementor-element elementor-element-d845f33 e-flex e-con-boxed e-con e-parent\" data-id=\"d845f33\" data-element_type=\"container\" data-e-type=\"container\">\n\t\t\t\t\t<div class=\"e-con-inner\">\n\t\t\t\t<div class=\"elementor-element elementor-element-6612467 elementor-widget elementor-widget-text-editor\" data-id=\"6612467\" data-element_type=\"widget\" data-e-type=\"widget\" data-widget_type=\"text-editor.default\">\n\t\t\t\t\t\t\t\t\t<div class=\"qwen-markdown-paragraph\" data-spm-anchor-id=\"a2ty_o01.29997173.0.i33.12275171tzaKTt\"><span class=\"qwen-markdown-text\">Situato lungo la curva baciata dal sole di Shuiwan Road nel vivace quartiere Gongbei di Zhuhai, dove i ritmi della Cina continentale incontrano il battito di Macao oltre confine,<\/span><em><span class=\"qwen-markdown-text\">Grand Bay Hotel Zhuhai<\/span><\/em><span class=\"qwen-markdown-text\"> \u00e8 pi\u00f9 di un hotel. \u00c8 una narrazione viva di resilienza, visione e profondo legame con il luogo. La nostra storia non inizia con una grande cerimonia di inaugurazione, ma con una silenziosa convinzione: che il vero lusso non risiede solo nell&#039;opulenza, ma in <\/span><em><span class=\"qwen-markdown-text\">presenza<\/span><\/em><span class=\"qwen-markdown-text\">\u2014nel modo in cui uno spazio custodisce la memoria, coltiva il senso di appartenenza e onora le persone che ne varcano le porte.<\/span><\/div><div class=\"qwen-markdown-space\">\u00a0<\/div><div class=\"qwen-markdown-paragraph\"><span class=\"qwen-markdown-text\">Fondata nei primi anni 2000, durante la trasformazione di Zhuhai da sonnolenta cittadina costiera a dinamico centro della Greater Bay Area, Grand Bay \u00e8 emersa in un momento cruciale della rinascita costiera cinese. In un&#039;epoca in cui il rapido sviluppo spesso sacrificava l&#039;anima in favore delle dimensioni, i nostri fondatori hanno scelto una strada diversa: costruire un santuario che rispettasse l&#039;identit\u00e0 marittima di Zhuhai: la sua tradizione di pesca, le sue passeggiate ariose, il suo armonioso mix di tradizione cantonese e ambizione moderna. Il nome <\/span><em><span class=\"qwen-markdown-text\">\u201cGrande Baia\u201d<\/span><\/em><span class=\"qwen-markdown-text\"> \u00e8 stato scelto deliberatamente: <\/span><em><span class=\"qwen-markdown-text\">Grande<\/span><\/em><span class=\"qwen-markdown-text\"> per aspirazione, integrit\u00e0 e generosit\u00e0; <\/span><em><span class=\"qwen-markdown-text\">Baia<\/span><\/em><span class=\"qwen-markdown-text\"> per il Mar Cinese Meridionale che culla la nostra citt\u00e0, per le maree del cambiamento che accogliamo e per il rifugio che offriamo ai viaggiatori: un porto tranquillo in un mondo in movimento.<\/span><\/div><div class=\"qwen-markdown-space\">\u00a0<\/div><div class=\"qwen-markdown-paragraph\"><span class=\"qwen-markdown-text\">Fin dall&#039;inizio ci siamo impegnati a rispettare tre pilastri che restano incrollabili ancora oggi:<\/span><\/div><div class=\"qwen-markdown-space\">\u00a0<\/div><div class=\"qwen-markdown-paragraph\"><span class=\"qwen-markdown-text\">\ud83d\udd39 <\/span><strong class=\"qwen-markdown-strong\"><span class=\"qwen-markdown-text\">Radicato nel luogo<\/span><\/strong><br \/><span class=\"qwen-markdown-text\">Ogni decisione di design riflette il carattere costiero di Zhuhai: gli interni luminosi richiamano le palette di colori delle conchiglie; le texture di pietra e bamb\u00f9 di provenienza locale rendono omaggio all&#039;artigianato di Lingnan; persino le opere d&#039;arte della hall presentano pezzi commissionati ad artisti del Guangdong raffiguranti <\/span><em><span class=\"qwen-markdown-text\">Piattaforma Guan&#039;ao<\/span><\/em><span class=\"qwen-markdown-text\"> albe e <\/span><em><span class=\"qwen-markdown-text\">NanBei FengWei MeiShiJie<\/span><\/em><span class=\"qwen-markdown-text\"> vita di strada. Non abbiamo importato un generico &quot;modello di lusso&quot;: abbiamo co-creato una casa che <\/span><em><span class=\"qwen-markdown-text\">appartiene<\/span><\/em><span class=\"qwen-markdown-text\"> Qui.<\/span><\/div><div class=\"qwen-markdown-space\">\u00a0<\/div><div class=\"qwen-markdown-paragraph\"><span class=\"qwen-markdown-text\">\ud83d\udd39 <\/span><strong class=\"qwen-markdown-strong\"><span class=\"qwen-markdown-text\">Ospitalit\u00e0 incentrata sulla persona<\/span><\/strong><br \/><span class=\"qwen-markdown-text\">Nell&#039;era dell&#039;automazione, abbiamo raddoppiato l&#039;impegno umano. Il nostro personale della reception \u00e8 formato non solo sulle procedure, ma anche su <\/span><em><span class=\"qwen-markdown-text\">riconoscimento<\/span><\/em><span class=\"qwen-markdown-text\">\u2014ricordare il cuscino preferito di un ospite, il nome di un bambino o il modo in cui gli piace il t\u00e8. Quando una famiglia \u00e8 arrivata con il suo cane anziano durante la stagione dei tifoni, il nostro team ha preparato una stanza calda, ha consegnato cibo per animali da un fornitore locale ed \u00e8 rimasto fino a tardi per garantire il massimo comfort. Quel momento, non pianificato, non programmato, \u00e8 diventato parte della nostra tradizione interna. Oggi, oltre il 92% degli ospiti afferma di essersi sentito &quot;veramente considerato&quot;, non solo servito.<\/span><\/div><div class=\"qwen-markdown-space\">\u00a0<\/div><div class=\"qwen-markdown-paragraph\"><span class=\"qwen-markdown-text\">\ud83d\udd39 <\/span><strong class=\"qwen-markdown-strong\"><span class=\"qwen-markdown-text\">Eccellenza inclusiva<\/span><\/strong><br \/><span class=\"qwen-markdown-text\">Nel 2015 abbiamo fatto una scelta coraggiosa: diventare uno dei primi a Zhuhai <\/span><em><span class=\"qwen-markdown-text\">gratuito<\/span><\/em><span class=\"qwen-markdown-text\"> Hotel a 5 stelle pet-friendly: una decisione nata dall&#039;empatia, non dal marketing. Per i viaggiatori con familiari in compagnia, l&#039;esclusione non era un&#039;opzione. Da allora, migliaia di gatti, cani e persino qualche coniglio ben educato hanno varcato la nostra soglia, ognuno accolto con un kit di benvenuto personalizzato. Questa politica, ormai iconica, simboleggia la nostra convinzione che l&#039;ospitalit\u00e0 debba espandersi, non contrarsi, per abbracciare tutte le forme di amore e lealt\u00e0.<\/span><\/div><div class=\"qwen-markdown-space\">\u00a0<\/div><div class=\"qwen-markdown-paragraph\"><span class=\"qwen-markdown-text\">Il nostro viaggio \u00e8 stato segnato da traguardi silenziosi:<\/span><br \/><span class=\"qwen-markdown-text\">\u2192 Nel 2018 abbiamo lanciato <\/span><em><span class=\"qwen-markdown-text\">\u201cIl sapore della baia\u201d<\/span><\/em><span class=\"qwen-markdown-text\">, un&#039;iniziativa culinaria che collabora con pescatori e agricoltori locali per reperire 70% di pesce e prodotti agricoli entro 50 km, ricevendo elogi da chef riconosciuti dalla Michelin.<\/span><br \/><span class=\"qwen-markdown-text\">\u2192 Nel 2021 abbiamo ristrutturato tutte le 316 camere con materiali sostenibili e sistemi energetici intelligenti, riducendo il consumo di acqua di 28% e migliorando al contempo il comfort degli ospiti.<\/span><br \/><span class=\"qwen-markdown-text\">\u2192 Nel 2023 abbiamo aperto il <\/span><em><span class=\"qwen-markdown-text\">Harbor Lounge<\/span><\/em><span class=\"qwen-markdown-text\">, uno spazio comunitario in cui ospiti, gente del posto ed espatriati si riuniscono per serate dedicate alla narrazione, cerimonie del t\u00e8 e scambi linguistici, sfumando il confine tra hotel e centro culturale.<\/span><\/div><div class=\"qwen-markdown-space\">\u00a0<\/div><div class=\"qwen-markdown-paragraph\"><span class=\"qwen-markdown-text\">Oggi, con <\/span><strong class=\"qwen-markdown-strong\"><span class=\"qwen-markdown-text\">Oltre 8.160 recensioni verificate con una media di 9,5\/10<\/span><\/strong><span class=\"qwen-markdown-text\">, Il Grand Bay Hotel Zhuhai \u00e8 la prova che l&#039;eccellenza non \u00e8 passeggera: si coltiva quotidianamente, stanza per stanza, sorriso dopo sorriso. Abbiamo ospitato cene di proposte di matrimonio sotto piscine illuminate dalle stelle, meeting aziendali nelle nostre sale per banchetti con vista sul ponte per Hong Kong e tranquille riunioni di famiglie separate da confini e tempo.<\/span><\/div><div class=\"qwen-markdown-space\">\u00a0<\/div><div class=\"qwen-markdown-paragraph\"><span class=\"qwen-markdown-text\">La nostra storia \u00e8 ancora in fase di scrittura, non nelle brochure, ma negli appunti scritti a mano lasciati sui comodini, nelle risate che echeggiano dal Caf\u00e9 Plus all&#039;alba, nelle impronte delle zampe sul tappeto della hall e nella silenziosa gratitudine negli occhi di un ospite che torna al mondo, rinfrescato.<\/span><\/div><div class=\"qwen-markdown-space\">\u00a0<\/div><div class=\"qwen-markdown-paragraph\"><span class=\"qwen-markdown-text\">Non siamo semplicemente <\/span><em><span class=\"qwen-markdown-text\">In<\/span><\/em><span class=\"qwen-markdown-text\"> Zhuhai.<\/span><br \/><span class=\"qwen-markdown-text\">Noi siamo <\/span><em><span class=\"qwen-markdown-text\">Di<\/span><\/em><span class=\"qwen-markdown-text\"> Zhuhai.<\/span><br \/><span class=\"qwen-markdown-text\">E ogni ospite che varca la nostra soglia diventa parte della nostra storia continua, dove la baia incontra il cuore e l&#039;ospitalit\u00e0 scorre libera come la marea.<\/span><\/div><div class=\"qwen-markdown-space\">\u00a0<\/div><div class=\"qwen-markdown-paragraph\" data-spm-anchor-id=\"a2ty_o01.29997173.0.i35.12275171tzaKTt\"><em><span class=\"qwen-markdown-text\">Benvenuti a casa, a Grand Bay.<\/span><\/em><br \/><span class=\"qwen-markdown-text\">\ud83d\udccd No. 245 Shuiwan Road, Gongbei, Xiangzhou District, Zhuhai, Guangdong 519020, Cina<\/span><\/div>\t\t\t\t\t\t\t\t<\/div>\n\t\t\t\t\t<\/div>\n\t\t\t\t<\/div>\n\t\t\t\t<\/div>","protected":false},"excerpt":{"rendered":"<p>Our Story: Where Coastal Legacy Meets Modern Hospitality \u2014 The Grand Bay Hotel Zhuhai ChronicleNestled along the sun-kissed curve of Shuiwan Road in Zhuhai\u2019s vibrant Gongbei district\u2014where the rhythms of mainland China meet the pulse of Macau across the border\u2014Grand Bay Hotel Zhuhai is more than a hotel. It is a living narrative of resilience, [&hellip;]<\/p>\n","protected":false},"author":1,"featured_media":0,"parent":0,"menu_order":0,"comment_status":"closed","ping_status":"closed","template":"elementor_header_footer","meta":{"footnotes":""},"class_list":["post-2104","page","type-page","status-publish","hentry","post-no-thumbnail"],"_links":{"self":[{"href":"https:\/\/grandbayhotelzhuhai.com\/it\/wp-json\/wp\/v2\/pages\/2104","targetHints":{"allow":["GET"]}}],"collection":[{"href":"https:\/\/grandbayhotelzhuhai.com\/it\/wp-json\/wp\/v2\/pages"}],"about":[{"href":"https:\/\/grandbayhotelzhuhai.com\/it\/wp-json\/wp\/v2\/types\/page"}],"author":[{"embeddable":true,"href":"https:\/\/grandbayhotelzhuhai.com\/it\/wp-json\/wp\/v2\/users\/1"}],"replies":[{"embeddable":true,"href":"https:\/\/grandbayhotelzhuhai.com\/it\/wp-json\/wp\/v2\/comments?post=2104"}],"version-history":[{"count":0,"href":"https:\/\/grandbayhotelzhuhai.com\/it\/wp-json\/wp\/v2\/pages\/2104\/revisions"}],"wp:attachment":[{"href":"https:\/\/grandbayhotelzhuhai.com\/it\/wp-json\/wp\/v2\/media?parent=2104"}],"curies":[{"name":"wp","href":"https:\/\/api.w.org\/{rel}","templated":true}]}}