{"id":612,"date":"2021-03-26T10:04:13","date_gmt":"2021-03-26T10:04:13","guid":{"rendered":"http:\/\/localhost\/nuss\/?page_id=612"},"modified":"2026-02-07T12:36:56","modified_gmt":"2026-02-07T12:36:56","slug":"ristorante","status":"publish","type":"page","link":"https:\/\/grandbayhotelzhuhai.com\/it\/ristorante\/","title":{"rendered":"Ristorante"},"content":{"rendered":"<div data-elementor-type=\"wp-page\" data-elementor-id=\"612\" class=\"elementor elementor-612\">\n\t\t\t\t\t\t<section class=\"elementor-section elementor-top-section elementor-element elementor-element-e2effe8 elementor-section-boxed elementor-section-gap-beside-yes elementor-section-height-default elementor-section-height-default elementor-section-column-vertical-align-stretch\" data-id=\"e2effe8\" data-element_type=\"section\" data-e-type=\"section\">\n\t\t\t\t\t\t<div class=\"elementor-container elementor-column-gap-extended\">\n\t\t\t\t\t<div class=\"elementor-column elementor-col-100 elementor-top-column elementor-element elementor-element-e18f688\" data-id=\"e18f688\" data-element_type=\"column\" data-e-type=\"column\">\n\t\t\t<div class=\"elementor-widget-wrap elementor-element-populated\">\n\t\t\t\t\t\t<div class=\"elementor-element elementor-element-6db146d elementor-widget__width-initial elementor-invisible elementor-widget elementor-widget-text-editor\" data-id=\"6db146d\" data-element_type=\"widget\" data-e-type=\"widget\" data-settings=\"{&quot;_animation&quot;:&quot;nussFadeInUp&quot;}\" data-widget_type=\"text-editor.default\">\n\t\t\t\t\t\t\t\t\t<div class=\"qwen-markdown-paragraph\"><strong class=\"qwen-markdown-strong\"><span class=\"qwen-markdown-text\" data-spm-anchor-id=\"a2ty_o01.29997173.0.i36.12275171tzaKTt\">Ristoranti del Grand Bay Hotel Zhuhai: dove la tradizione di Lingnan incontra la gastronomia costiera: un viaggio culinario a 5 stelle ai margini del Delta del Fiume delle Perle<\/span><\/strong><\/div>\t\t\t\t\t\t\t\t<\/div>\n\t\t\t\t\t<\/div>\n\t\t<\/div>\n\t\t\t\t\t<\/div>\n\t\t<\/section>\n\t\t<div class=\"elementor-element elementor-element-46fa439 e-flex e-con-boxed e-con e-parent\" data-id=\"46fa439\" data-element_type=\"container\" data-e-type=\"container\">\n\t\t\t\t\t<div class=\"e-con-inner\">\n\t\t\t\t<div class=\"elementor-element elementor-element-a9f9a38 elementor-widget elementor-widget-nuss-image-gallery\" data-id=\"a9f9a38\" data-element_type=\"widget\" data-e-type=\"widget\" data-widget_type=\"nuss-image-gallery.default\">\n\t\t\t\t<div class=\"elementor-widget-container\">\n\t\t\t\t\t\t\t<div class=\"nuss-grid-wrapper\" data-grid=\"{&quot;type&quot;:&quot;grid&quot;,&quot;ratio&quot;:null,&quot;columns&quot;:3,&quot;gutter&quot;:30}\">\r\n\t\t\t<div class=\"nuss-grid lazy-grid\">\r\n\t\t\t\t<div class=\"grid-sizer\"><\/div>\r\n\r\n\t\t\t\t\t\t\t\t\t\t\t\t<div class=\"grid-item\">\r\n\t\t\t\t\t\t<div class=\"nuss-box\">\t\t<div class=\"nuss-image image\">\r\n\t\t\t<img decoding=\"async\"  src=\"https:\/\/grandbayhotelzhuhai.com\/wp-content\/uploads\/2026\/02\/grandbayhotelzhuhai-137.webp\" alt=\"grandbayhotelzhuhai (137)\" \/>\t\t<\/div>\r\n\t\t\t\t<\/div>\t\t\t\t\t<\/div>\r\n\t\t\t\t\t\t<div class=\"grid-item\">\r\n\t\t\t\t\t\t<div class=\"nuss-box\">\t\t<div class=\"nuss-image image\">\r\n\t\t\t<img decoding=\"async\"  src=\"https:\/\/grandbayhotelzhuhai.com\/wp-content\/uploads\/2026\/02\/grandbayhotelzhuhai-130.webp\" alt=\"grandbayhotelzhuhai (130)\" \/>\t\t<\/div>\r\n\t\t\t\t<\/div>\t\t\t\t\t<\/div>\r\n\t\t\t\t\t\t<div class=\"grid-item\">\r\n\t\t\t\t\t\t<div class=\"nuss-box\">\t\t<div class=\"nuss-image image\">\r\n\t\t\t<img decoding=\"async\"  src=\"https:\/\/grandbayhotelzhuhai.com\/wp-content\/uploads\/2026\/02\/grandbayhotelzhuhai-122.webp\" alt=\"grandbayhotelzhuhai (122)\" \/>\t\t<\/div>\r\n\t\t\t\t<\/div>\t\t\t\t\t<\/div>\r\n\t\t\t\t\t\t<div class=\"grid-item\">\r\n\t\t\t\t\t\t<div class=\"nuss-box\">\t\t<div class=\"nuss-image image\">\r\n\t\t\t<img decoding=\"async\"  src=\"https:\/\/grandbayhotelzhuhai.com\/wp-content\/uploads\/2026\/02\/grandbayhotelzhuhai-112.webp\" alt=\"grandbayhotelzhuhai (112)\" \/>\t\t<\/div>\r\n\t\t\t\t<\/div>\t\t\t\t\t<\/div>\r\n\t\t\t\t\t\t<div class=\"grid-item\">\r\n\t\t\t\t\t\t<div class=\"nuss-box\">\t\t<div class=\"nuss-image image\">\r\n\t\t\t<img decoding=\"async\"  src=\"https:\/\/grandbayhotelzhuhai.com\/wp-content\/uploads\/2026\/02\/grandbayhotelzhuhai-110.webp\" alt=\"grandbayhotelzhuhai (110)\" \/>\t\t<\/div>\r\n\t\t\t\t<\/div>\t\t\t\t\t<\/div>\r\n\t\t\t\t\t\t<div class=\"grid-item\">\r\n\t\t\t\t\t\t<div class=\"nuss-box\">\t\t<div class=\"nuss-image image\">\r\n\t\t\t<img decoding=\"async\"  src=\"https:\/\/grandbayhotelzhuhai.com\/wp-content\/uploads\/2026\/02\/grandbayhotelzhuhai-104.webp\" alt=\"grandbayhotelzhuhai (104)\" \/>\t\t<\/div>\r\n\t\t\t\t<\/div>\t\t\t\t\t<\/div>\r\n\t\t\t\t\t\t<div class=\"grid-item\">\r\n\t\t\t\t\t\t<div class=\"nuss-box\">\t\t<div class=\"nuss-image image\">\r\n\t\t\t<img decoding=\"async\"  src=\"https:\/\/grandbayhotelzhuhai.com\/wp-content\/uploads\/2026\/02\/grandbayhotelzhuhai-99.webp\" alt=\"grandbayhotelzhuhai (99)\" \/>\t\t<\/div>\r\n\t\t\t\t<\/div>\t\t\t\t\t<\/div>\r\n\t\t\t\t\t\t<div class=\"grid-item\">\r\n\t\t\t\t\t\t<div class=\"nuss-box\">\t\t<div class=\"nuss-image image\">\r\n\t\t\t<img decoding=\"async\"  src=\"https:\/\/grandbayhotelzhuhai.com\/wp-content\/uploads\/2026\/02\/grandbayhotelzhuhai-98.webp\" alt=\"grandbayhotelzhuhai (98)\" \/>\t\t<\/div>\r\n\t\t\t\t<\/div>\t\t\t\t\t<\/div>\r\n\t\t\t\t\t\t\t\r\n\t\t\t<\/div>\r\n\t\t<\/div>\r\n\t\t\t\t\t\t<\/div>\n\t\t\t\t<\/div>\n\t\t\t\t\t<\/div>\n\t\t\t\t<\/div>\n\t\t<div class=\"elementor-element elementor-element-9674db4 e-flex e-con-boxed e-con e-parent\" data-id=\"9674db4\" data-element_type=\"container\" data-e-type=\"container\">\n\t\t\t\t\t<div class=\"e-con-inner\">\n\t\t\t\t<div class=\"elementor-element elementor-element-5fd0080 elementor-widget elementor-widget-text-editor\" data-id=\"5fd0080\" data-element_type=\"widget\" data-e-type=\"widget\" data-widget_type=\"text-editor.default\">\n\t\t\t\t\t\t\t\t\t<div class=\"qwen-markdown-paragraph\"><span class=\"qwen-markdown-text\">Annidato a <\/span><strong class=\"qwen-markdown-strong\"><span class=\"qwen-markdown-text\">No. 245 Shuiwan Road, Gongbei, Distretto di Xiangzhou, Zhuhai, Guangdong 519020, Cina<\/span><\/strong><span class=\"qwen-markdown-text\">, l&#039;esperienza culinaria presso <\/span><em><span class=\"qwen-markdown-text\">Grand Bay Hotel Zhuhai<\/span><\/em><span class=\"qwen-markdown-text\"> trascende il mero sostentamento: \u00e8 una celebrazione curata di <\/span><strong class=\"qwen-markdown-strong\"><span class=\"qwen-markdown-text\">Anima cantonese, freschezza marittima e arte moderna<\/span><\/strong><span class=\"qwen-markdown-text\">, il tutto sullo sfondo di una delle citt\u00e0 costiere pi\u00f9 dinamiche della Cina. Con l&#039;hotel che vanta un&#039;eccezionale <\/span><strong class=\"qwen-markdown-strong\"><span class=\"qwen-markdown-text\">Valutazione 9,5\/10 da oltre 8.160 ospiti verificati<\/span><\/strong><span class=\"qwen-markdown-text\"> (Trip.com), i suoi ristoranti\u2014<\/span><strong class=\"qwen-markdown-strong\"><span class=\"qwen-markdown-text\">Ristorante Grand Elite<\/span><\/strong><span class=\"qwen-markdown-text\"> E <\/span><strong class=\"qwen-markdown-strong\"><span class=\"qwen-markdown-text\">Caff\u00e8 Plus<\/span><\/strong><span class=\"qwen-markdown-text\">\u2014sono i pilastri della rinascita della ristorazione raffinata di Zhuhai, costantemente elogiati per l&#039;autenticit\u00e0, la variet\u00e0 e l&#039;esecuzione impeccabile.<\/span><\/div><div class=\"qwen-markdown-space\">\u00a0<\/div><h3 class=\"qwen-markdown-heading\"><span class=\"qwen-markdown-text\">\ud83c\udf0a <\/span><em><span class=\"qwen-markdown-text\">Ristorante Grand Elite<\/span><\/em><span class=\"qwen-markdown-text\">: Il cuore pulsante dell&#039;autentica eccellenza cantonese<\/span><\/h3><div class=\"qwen-markdown-paragraph\"><span class=\"qwen-markdown-text\">Acclamato dagli ospiti come <\/span><em><span class=\"qwen-markdown-text\">\u201c&quot;uno dei migliori ristoranti di Zhuhai&quot;\u201d<\/span><\/em><span class=\"qwen-markdown-text\">, Il Grand Elite non \u00e8 solo un ristorante d&#039;albergo, \u00e8 una destinazione a s\u00e9 stante. Qui, la tradizione \u00e8 onorata senza sosta: chef esperti formati nel Guangdong <\/span><em><span class=\"qwen-markdown-text\">Cucina Lingnan<\/span><\/em><span class=\"qwen-markdown-text\"> Piatti artigianali che celebrano tecniche secolari, abbracciando al contempo l&#039;innovazione stagionale. Tra i punti forti:<\/span><\/div><ul class=\"qwen-markdown-list\" dir=\"auto\"><li><strong class=\"qwen-markdown-strong\"><span class=\"qwen-markdown-text\">Branzino al vapore con olio di zenzero e cipollotto<\/span><\/strong><span class=\"qwen-markdown-text\">\u2014fornito quotidianamente dai pescatori locali del Mar Cinese Meridionale e servito subito dopo la cattura.<\/span><\/li><li><strong class=\"qwen-markdown-strong\"><span class=\"qwen-markdown-text\">Abalone brasato con salsa di ostriche e vino Shaoxing<\/span><\/strong><span class=\"qwen-markdown-text\">\u2014cotto lentamente per pi\u00f9 di 4 ore utilizzando metodi tradizionali <\/span><em><span class=\"qwen-markdown-text\">grigio<\/span><\/em><span class=\"qwen-markdown-text\"> metodi (di cottura a vapore-brasatura).<\/span><\/li><li><strong class=\"qwen-markdown-strong\"><span class=\"qwen-markdown-text\">Fatto a mano <\/span><em><span class=\"qwen-markdown-text\">Xiaolongbao<\/span><\/em><span class=\"qwen-markdown-text\"> con uova di granchio e maiale<\/span><\/strong><span class=\"qwen-markdown-text\">\u2014una delicata fusione tra l&#039;influenza dello Jiangnan e la precisione cantonese.<\/span><\/li><\/ul><div class=\"qwen-markdown-space\">\u00a0<\/div><div class=\"qwen-markdown-paragraph\"><span class=\"qwen-markdown-text\">L&#039;elegante interno del ristorante, caratterizzato da pannelli in ceramica dipinti a mano raffiguranti <\/span><em><span class=\"qwen-markdown-text\">Piattaforma Guan&#039;ao<\/span><\/em><span class=\"qwen-markdown-text\"> L&#039;alba e i mobili in palissandro realizzati su misura creano un&#039;atmosfera di raffinata intimit\u00e0, ideale per cene di lavoro, anniversari o momenti di relax. Aperto a pranzo e a cena, il Grand Elite offre anche sale da pranzo private (da 6 a 20 posti) con servizio dedicato, una rarit\u00e0 nel panorama alberghiero di Zhuhai.<\/span><\/div><div class=\"qwen-markdown-space\">\u00a0<\/div><h3 class=\"qwen-markdown-heading\"><span class=\"qwen-markdown-text\">\u2615 <\/span><em><span class=\"qwen-markdown-text\">Caff\u00e8 Plus<\/span><\/em><span class=\"qwen-markdown-text\">: Stile globale per tutto il giorno con anima locale<\/span><\/h3><div class=\"qwen-markdown-paragraph\"><span class=\"qwen-markdown-text\">Per i viaggiatori che cercano una variet\u00e0 vibrante, <\/span><em><span class=\"qwen-markdown-text\">Caff\u00e8 Plus<\/span><\/em><span class=\"qwen-markdown-text\"> offre un&#039;esperienza dinamica a buffet internazionale, valutata &quot;eccezionale&quot; dagli ospiti per la sua <\/span><strong class=\"qwen-markdown-strong\"><span class=\"qwen-markdown-text\">freschezza, diversit\u00e0 e presentazione<\/span><\/strong><span class=\"qwen-markdown-text\">. Dalla mattina alla sera, la cucina a vista ospita stazioni in diretta:<\/span><\/div><ul class=\"qwen-markdown-list\" dir=\"auto\"><li><strong class=\"qwen-markdown-strong\"><span class=\"qwen-markdown-text\">Colazione<\/span><\/strong><span class=\"qwen-markdown-text\">: Un mix armonioso di classici occidentali (frittate, pasticceria artigianale) e specialit\u00e0 cinesi (<\/span><em><span class=\"qwen-markdown-text\">zhaliang<\/span><\/em><span class=\"qwen-markdown-text\">, <\/span><em><span class=\"qwen-markdown-text\">congee<\/span><\/em><span class=\"qwen-markdown-text\">, <\/span><em><span class=\"qwen-markdown-text\">dim sum<\/span><\/em><span class=\"qwen-markdown-text\"> vassoi)\u2014tutto preparato fresco ogni ora.<\/span><\/li><li><strong class=\"qwen-markdown-strong\"><span class=\"qwen-markdown-text\">Pranzo e cena a buffet<\/span><\/strong><span class=\"qwen-markdown-text\">: Temi rotanti\u2014<\/span><em><span class=\"qwen-markdown-text\">Stravaganza di frutti di mare<\/span><\/em><span class=\"qwen-markdown-text\"> (con ostriche di Zhuhai, capesante e cernia maculata), <\/span><em><span class=\"qwen-markdown-text\">Angolo del cibo di strada di Lingnan<\/span><\/em><span class=\"qwen-markdown-text\"> (con <\/span><em><span class=\"qwen-markdown-text\">anatra brasata alla chaozhou<\/span><\/em><span class=\"qwen-markdown-text\">, <\/span><em><span class=\"qwen-markdown-text\">tagliatelle wonton<\/span><\/em><span class=\"qwen-markdown-text\">, E <\/span><em><span class=\"qwen-markdown-text\">pasta di taro di patate dolci<\/span><\/em><span class=\"qwen-markdown-text\">), E <\/span><em><span class=\"qwen-markdown-text\">Morsi globali<\/span><\/em><span class=\"qwen-markdown-text\"> (sushi giapponese, pasta italiana, curry indiani).<\/span><\/li><li><strong class=\"qwen-markdown-strong\"><span class=\"qwen-markdown-text\">Galleria dei dessert<\/span><\/strong><span class=\"qwen-markdown-text\">: Fatto in casa <\/span><em><span class=\"qwen-markdown-text\">mango pomelo sago<\/span><\/em><span class=\"qwen-markdown-text\">, <\/span><em><span class=\"qwen-markdown-text\">budino di tofu al sesamo nero<\/span><\/em><span class=\"qwen-markdown-text\">, e pasticcerie europee, tutte con opzioni vegane e senza glutine chiaramente etichettate.<\/span><\/li><\/ul><div class=\"qwen-markdown-space\">\u00a0<\/div><div class=\"qwen-markdown-paragraph\"><span class=\"qwen-markdown-text\">Gli ospiti lodano particolarmente il <\/span><strong class=\"qwen-markdown-strong\"><span class=\"qwen-markdown-text\">Men\u00f9 del servizio in camera 24 ore su 24<\/span><\/strong><span class=\"qwen-markdown-text\">, che estende l&#039;eccellenza culinaria del Caf\u00e9 Plus alla privacy delle camere degli ospiti, con consegna a temperatura controllata e supporto per gli ordini bilingue.<\/span><\/div><div class=\"qwen-markdown-space\">\u00a0<\/div><h3 class=\"qwen-markdown-heading\"><span class=\"qwen-markdown-text\">\ud83c\udf77 <\/span><em><span class=\"qwen-markdown-text\">Bar della hall<\/span><\/em><span class=\"qwen-markdown-text\">: Dove la brezza marina incontra momenti creati<\/span><\/h3><div class=\"qwen-markdown-paragraph\"><span class=\"qwen-markdown-text\">Situato accanto all&#039;atrio soleggiato dell&#039;hotel, il Lobby Bar \u00e8 il segreto meglio custodito di Zhuhai per un relax sofisticato. Di giorno, serve t\u00e8 pregiati e spuntini leggeri; di sera, si trasforma in un paradiso per cocktail con:<\/span><\/div><ul class=\"qwen-markdown-list\" dir=\"auto\"><li><strong class=\"qwen-markdown-strong\"><span class=\"qwen-markdown-text\">Firma &quot;Bay Breeze&quot;\u201c<\/span><\/strong><span class=\"qwen-markdown-text\">: Una casa infusa <\/span><em><span class=\"qwen-markdown-text\">Vino Shaoxing<\/span><\/em><span class=\"qwen-markdown-text\"> Martini con litchi, kumquat e bordo di sale marino, ispirato al terroir costiero di Zhuhai.<\/span><\/li><li><strong class=\"qwen-markdown-strong\"><span class=\"qwen-markdown-text\">Abbinamenti artigianali locali<\/span><\/strong><span class=\"qwen-markdown-text\">: Selezioni a rotazione di microbirrifici del Guangdong e oolong del Fujian, curate mensilmente dal nostro sommelier.<\/span><\/li><li><strong class=\"qwen-markdown-strong\"><span class=\"qwen-markdown-text\">Serate acustiche dal vivo<\/span><\/strong><span class=\"qwen-markdown-text\"> (gioved\u00ec-sabato), dove gli ospiti sorseggiano sotto luci di stringa mentre ammirano la scintillante vista sul mare, un vero <\/span><em><span class=\"qwen-markdown-text\">atmosfera baciata dal mare<\/span><\/em><span class=\"qwen-markdown-text\">.<\/span><\/li><\/ul><div class=\"qwen-markdown-space\">\u00a0<\/div><h3 class=\"qwen-markdown-heading\"><span class=\"qwen-markdown-text\">\ud83c\udf3f Sostenibilit\u00e0 e approvvigionamento: radicati nella responsabilit\u00e0<\/span><\/h3><div class=\"qwen-markdown-paragraph\"><span class=\"qwen-markdown-text\">Il vero lusso, crediamo, inizia con l&#039;integrit\u00e0. Oltre 701 tonnellate di pesce e prodotti ittici provengono da <\/span><strong class=\"qwen-markdown-strong\"><span class=\"qwen-markdown-text\">50 km da Zhuhai<\/span><\/strong><span class=\"qwen-markdown-text\">, collaborando direttamente con:<\/span><\/div><ul class=\"qwen-markdown-list\" dir=\"auto\"><li><strong class=\"qwen-markdown-strong\"><span class=\"qwen-markdown-text\">Cooperative di pesca della baia di Jiuzhou<\/span><\/strong><span class=\"qwen-markdown-text\"> (per pesci tracciabili, pescati con la lenza),<\/span><\/li><li><strong class=\"qwen-markdown-strong\"><span class=\"qwen-markdown-text\">Fattorie biologiche di Xiangzhou<\/span><\/strong><span class=\"qwen-markdown-text\"> (per verdure, erbe aromatiche e riso),<\/span><\/li><li><strong class=\"qwen-markdown-strong\"><span class=\"qwen-markdown-text\">Panetterie tradizionali di Macao<\/span><\/strong><span class=\"qwen-markdown-text\"> (per i tradizionali <\/span><em><span class=\"qwen-markdown-text\">biscotti alle mandorle<\/span><\/em><span class=\"qwen-markdown-text\"> E <\/span><em><span class=\"qwen-markdown-text\">crostate all'uovo<\/span><\/em><span class=\"qwen-markdown-text\"> utilizzato nei dessert).<\/span><\/li><\/ul><div class=\"qwen-markdown-space\">\u00a0<\/div><div class=\"qwen-markdown-paragraph\"><span class=\"qwen-markdown-text\">La nostra iniziativa a rifiuti zero prevede il compostaggio degli scarti di cucina, il riciclo creativo delle bucce di agrumi per realizzare guarnizioni da bar e la donazione del cibo in eccesso a enti di beneficenza locali, ottenendo il riconoscimento della Green Hospitality Alliance di Zhuhai.<\/span><\/div><div class=\"qwen-markdown-space\">\u00a0<\/div><h3 class=\"qwen-markdown-heading\"><span class=\"qwen-markdown-text\">\u2705 Perch\u00e9 i viaggiatori classificano i nostri ristoranti tra i migliori di Zhuhai<\/span><\/h3><div class=\"qwen-markdown-paragraph\"><span class=\"qwen-markdown-text\">Termini di ricerca come <\/span><em><span class=\"qwen-markdown-text\">\u201cil miglior ristorante cantonese a Zhuhai vicino al confine con Macao\u201d<\/span><\/em><span class=\"qwen-markdown-text\">, <\/span><em><span class=\"qwen-markdown-text\">\u201cHotel a 5 stelle con colazione a buffet Zhuhai\u201d<\/span><\/em><span class=\"qwen-markdown-text\">, O <\/span><em><span class=\"qwen-markdown-text\">\u201chotel che accetta animali domestici con un&#039;eccellente ristorazione\u201d<\/span><\/em><span class=\"qwen-markdown-text\"> portano costantemente i viaggiatori a Grand Bay, non per via della pubblicit\u00e0, ma perch\u00e9 i veri ospiti citano ripetutamente:<\/span><\/div><blockquote class=\"qwen-markdown-blockquote\"><div class=\"qwen-markdown-paragraph\"><em><span class=\"qwen-markdown-text\">\u201c&quot;Il pesce al vapore aveva il sapore di quello pescato quella mattina e il personale si \u00e8 ricordato delle mie restrizioni alimentari dell&#039;anno scorso.&quot;\u201d<\/span><\/em><br \/><em><span class=\"qwen-markdown-text\">\u201c&quot;Ho mangiato in ristoranti stellati Michelin a Hong Kong, ma il Grand Elite <\/span><span class=\"qwen-markdown-text\">oca brasata<\/span><span class=\"qwen-markdown-text\"> rivaleggiavano con loro, senza il prezzo.\u201d<\/span><\/em><br \/><em><span class=\"qwen-markdown-text\">\u201cLa postazione buffet per bambini aveva <\/span><span class=\"qwen-markdown-text\">jianbing<\/span><span class=\"qwen-markdown-text\"> e mini <\/span><span class=\"qwen-markdown-text\">baozi<\/span><span class=\"qwen-markdown-text\">\u2014si sentivano inclusi, non ripensamenti.\u201d<\/span><\/em><\/div><\/blockquote><div class=\"qwen-markdown-space\">\u00a0<\/div><div class=\"qwen-markdown-paragraph\"><span class=\"qwen-markdown-text\">Con <\/span><strong class=\"qwen-markdown-strong\"><span class=\"qwen-markdown-text\">Servizio in camera 24 ore su 24, men\u00f9 multilingue, preparazione attenta alle allergie e perfetta integrazione con la politica dell&#039;hotel che ammette animali domestici.<\/span><\/strong><span class=\"qwen-markdown-text\">, la nostra filosofia culinaria \u00e8 semplice ma profonda: <\/span><em><span class=\"qwen-markdown-text\">Ogni pasto dovrebbe essere come un ritorno a casa, anche se non ci sei mai stato prima.<\/span><\/em><\/div><div class=\"qwen-markdown-space\">\u00a0<\/div><div class=\"qwen-markdown-paragraph\"><span class=\"qwen-markdown-text\">Entrando nei ristoranti del Grand Bay Hotel Zhuhai non ci si limita a cenare: ci si immerge nella storia di una citt\u00e0 in cui la tradizione scorre come la marea e ogni boccone racconta una storia di luogo, persone e orgoglio.<\/span><\/div><div class=\"qwen-markdown-space\">\u00a0<\/div><div class=\"qwen-markdown-paragraph\" data-spm-anchor-id=\"a2ty_o01.29997173.0.i38.12275171tzaKTt\"><span class=\"qwen-markdown-text\">\ud83d\udccd <\/span><em><span class=\"qwen-markdown-text\">Scopri l&#039;eccellenza culinaria dove il Fiume delle Perle incontra il mare: solo al Grand Bay Hotel Zhuhai.<\/span><\/em><\/div>\t\t\t\t\t\t\t\t<\/div>\n\t\t\t\t\t<\/div>\n\t\t\t\t<\/div>\n\t\t\t\t<\/div>","protected":false},"excerpt":{"rendered":"<p>Grand Bay Hotel Zhuhai Restaurants: Where Lingnan Heritage Meets Coastal Gastronomy \u2014 A 5-Star Culinary Journey on the Pearl River Delta\u2019s Edge Nestled at No. 245 Shuiwan Road, Gongbei, Xiangzhou District, Zhuhai, Guangdong 519020, China, the dining experience at Grand Bay Hotel Zhuhai transcends mere sustenance\u2014it is a curated celebration of Cantonese soul, maritime freshness, [&hellip;]<\/p>\n","protected":false},"author":1,"featured_media":0,"parent":0,"menu_order":0,"comment_status":"closed","ping_status":"closed","template":"elementor_header_footer","meta":{"footnotes":""},"class_list":["post-612","page","type-page","status-publish","hentry","post-no-thumbnail"],"_links":{"self":[{"href":"https:\/\/grandbayhotelzhuhai.com\/it\/wp-json\/wp\/v2\/pages\/612","targetHints":{"allow":["GET"]}}],"collection":[{"href":"https:\/\/grandbayhotelzhuhai.com\/it\/wp-json\/wp\/v2\/pages"}],"about":[{"href":"https:\/\/grandbayhotelzhuhai.com\/it\/wp-json\/wp\/v2\/types\/page"}],"author":[{"embeddable":true,"href":"https:\/\/grandbayhotelzhuhai.com\/it\/wp-json\/wp\/v2\/users\/1"}],"replies":[{"embeddable":true,"href":"https:\/\/grandbayhotelzhuhai.com\/it\/wp-json\/wp\/v2\/comments?post=612"}],"version-history":[{"count":0,"href":"https:\/\/grandbayhotelzhuhai.com\/it\/wp-json\/wp\/v2\/pages\/612\/revisions"}],"wp:attachment":[{"href":"https:\/\/grandbayhotelzhuhai.com\/it\/wp-json\/wp\/v2\/media?parent=612"}],"curies":[{"name":"wp","href":"https:\/\/api.w.org\/{rel}","templated":true}]}}